{"id":9868,"date":"2021-06-28T09:40:48","date_gmt":"2021-06-28T09:40:48","guid":{"rendered":"http:\/\/s826521633.online.de\/?page_id=9868"},"modified":"2022-03-16T18:52:56","modified_gmt":"2022-03-16T18:52:56","slug":"fluessiggaspreisguenstig","status":"publish","type":"page","link":"https:\/\/gasgenial.de\/fluessiggas\/fluessiggaspreisguenstig","title":{"rendered":"Fl\u00fcssiggaspreis"},"content":{"rendered":"<p>[vc_row el_class=&#8220;z-index-2&#8243; css=&#8220;.vc_custom_1568889702657{margin-top: 50px !important;padding-top: 50px !important;}&#8220;][vc_column parallax=&#8220;yes&#8220; scale_from_x=&#8220;1&#8243; scale_from_y=&#8220;1&#8243; scale_from_z=&#8220;1&#8243; from_opacity=&#8220;1&#8243; scale_to_x=&#8220;1&#8243; scale_to_y=&#8220;1&#8243; scale_to_z=&#8220;1&#8243; to_opacity=&#8220;0&#8243; parallax_trigger=&#8220;number&#8220; translate_from_y=&#8220;49&#8243; translate_to_y=&#8220;-130&#8243; parallax_duration=&#8220;1000&#8243; parallax_trigger_number=&#8220;0.3&#8243;]<style>.ld_fancy_heading_6a046b9e7cdc9 h1{font-size:220px;line-height:1em;font-weight:700;color:rgb(8, 143, 225);}.ld_fancy_heading_6a046b9e7cdc9 .ld-fh-txt{background:-webkit-linear-gradient(90deg, #088fe1 0%, rgb(75,75,75) 99.36305732484077%);background:linear-gradient(90deg, #088fe1 0%, rgb(75,75,75) 99.36305732484077%);}.ld_fancy_heading_6a046b9e7cdc9 h1 {margin-bottom:0.25em !important;  } @media (min-width: 992px) { .ld_fancy_heading_6a046b9e7cdc9 h1 {margin-bottom:0px !important;  }  } .ld_fancy_heading_6a046b9e7cdc9 .lqd-highlight-inner{height:0.275em;bottom:0px;}.ld_fancy_heading_6a046b9e7cdc9 h1 {margin-bottom:0.25em !important;  } @media (min-width: 992px) { .ld_fancy_heading_6a046b9e7cdc9 h1 {margin-bottom:0px !important;  }  } <\/style><div class=\"ld-fancy-heading text-uppercase ld_fancy_heading_6a046b9e7cdc9\">\n\t<h1 class=\"ld-gradient-heading lqd-highlight-underline lqd-highlight-grow-left\" data-fittext=\"true\" data-fittext-options='{\"compressor\":0.9,\"maxFontSize\":\"currentFontSize\",\"minFontSize\":\"50\"}' data-split-text=\"true\" data-custom-animations=\"true\" data-ca-options='{\"triggerHandler\":\"inview\",\"animationTarget\":\".lqd-lines .split-inner\",\"duration\":\"1000\",\"delay\":100,\"easing\":\"easeOutQuint\",\"direction\":\"forward\",\"initValues\":{\"translateY\":25,\"rotateZ\":3,\"opacity\":0},\"animations\":{\"translateY\":0,\"rotateZ\":0,\"opacity\":1}}' data-split-options='{\"type\":\"lines\"}'><span class=\"ld-fh-txt\"> Fl\u00fcssiggas- Preis<\/span><\/h1><\/div><style>.ld_spacer_6a046b9e7d7aa{height:20px;}@media (min-width: 768px) { .ld_spacer_6a046b9e7d7aa{height:20px};}@media (min-width: 992px) { .ld_spacer_6a046b9e7d7aa{height:20px};}@media (min-width: 1200px) { .ld_spacer_6a046b9e7d7aa{height:20px};}<\/style>\n<div class=\"ld-empty-space vc_hidden-lg vc_hidden-lg ld_spacer_6a046b9e7d7aa\"><span class=\"liquid_empty_space_inner\"><\/span><\/div>[\/vc_column][\/vc_row][vc_row][vc_column parallax=&#8220;yes&#8220; scale_from_x=&#8220;1&#8243; scale_from_y=&#8220;1&#8243; scale_from_z=&#8220;1&#8243; from_opacity=&#8220;1&#8243; scale_to_x=&#8220;1&#8243; scale_to_y=&#8220;1&#8243; scale_to_z=&#8220;1&#8243; to_opacity=&#8220;1&#8243; offset=&#8220;vc_col-md-6&#8243; translate_from_y=&#8220;14&#8243; translate_to_y=&#8220;-87&#8243;]<style>.ld_spacer_6a046b9e7d872{height:80px;}<\/style>\n<div class=\"ld-empty-space ld_spacer_6a046b9e7d872\"><span class=\"liquid_empty_space_inner\"><\/span><\/div>[vc_row_inner][vc_column_inner offset=&#8220;vc_col-md-8&#8243;]<style>.ld_fancy_heading_6a046b9e7d959 h3{font-size:27px;line-height:1.3em;color:rgb(0, 0, 0);}.ld_fancy_heading_6a046b9e7d959 .lqd-highlight-inner{height:0.275em;bottom:0px;}<\/style><div class=\"ld-fancy-heading mask-text ld_fancy_heading_6a046b9e7d959\">\n\t<h3 class=\"lqd-highlight-underline lqd-highlight-grow-left\" data-split-text=\"true\" data-custom-animations=\"true\" data-ca-options='{\"triggerHandler\":\"inview\",\"animationTarget\":\".lqd-lines .split-inner\",\"duration\":\"1200\",\"startDelay\":\"1100\",\"delay\":\"180\",\"easing\":\"easeOutQuint\",\"direction\":\"forward\",\"initValues\":{\"translateY\":60},\"animations\":{\"translateY\":0}}' data-split-options='{\"type\":\"lines\"}'><span class=\"ld-fh-txt\"> Qualit\u00e4t ist g\u00fcnstig!<\/span><\/h3><\/div><style>.ld_spacer_6a046b9e7dfc4{height:35px;}@media (min-width: 992px) { .ld_spacer_6a046b9e7dfc4{height:65px};}<\/style>\n<div class=\"ld-empty-space ld_spacer_6a046b9e7dfc4\"><span class=\"liquid_empty_space_inner\"><\/span><\/div>[vc_column_text]<strong>Die besten Preise auf dem Markt<\/strong><\/p>\n<p>Durch unser Gro\u00dfabnehmer- und Handelsgesch\u00e4ft haben wir unser Ohr immer an den internationalen Beschaffungsm\u00e4rkten und reagieren tagesaktuell auf Preisver\u00e4nderungen. Aus allen Angeboten suchen wir t\u00e4glich neu die besten Preise f\u00fcr Sie. Als Direktvertrieb arbeiten wir mit geringstem Kostenaufwand. Wir offerieren somit einen Fl\u00fcssiggaspreis, der lediglich von den \u00fcblichen Schwankungen auf dem Weltmarkt beeinflusst wird. Der Preisvorteil und die Qualit\u00e4t unserer Dienstleistungen wird auch Sie \u00fcberzeugen.<\/p>\n<p>Wie die meisten Rohstoffe wird Fl\u00fcssiggas an der B\u00f6rse gehandelt. Dadurch \u00e4ndern sich die Preise laufend. Bei uns erhalten Sie einen tagesaktuellen Fl\u00fcssiggaspreis und profitieren immer, besonders in der Vorsaison bevor die kalte Jahreszeit beginnt. Um unseren Kunden auch in der Wintersaison mit besten Preisen zu versorgen, kaufen wir mit Sicht auf unsere Bestandskunden dann ein, wenn der Preis f\u00fcr Sie gut steht. So profitieren alle. Sie haben g\u00fcnstig eingekauft und wir haben einen zufriedenen Kunden, der sich gerne langfristig an uns bindet.[\/vc_column_text]<style>.ld_spacer_6a046b9e7e077{height:22px;}<\/style>\n<div class=\"ld-empty-space ld_spacer_6a046b9e7e077\"><span class=\"liquid_empty_space_inner\"><\/span><\/div>[\/vc_column_inner][\/vc_row_inner][\/vc_column][vc_column offset=&#8220;vc_col-md-6&#8243;]<div id=\"ld_images_group_container_6a046b9e7e143\" class=\"liquid-img-group-container ld_images_group_container_6a046b9e7e143\"  >\n\t<div class=\"liquid-img-group-inner\">\n\t\t<style>@media (min-width: 992px) { .ld_images_group_element_6a046b9e7e26a {margin-top:-40px !important;  }  } <\/style><div id=\"ld_images_group_element_6a046b9e7e26a\" class=\"liquid-img-group-single ld_images_group_element_6a046b9e7e26a\" data-shadow-style=\"1\" data-inview=\"true\" data-inview-options='{\"delayTime\":800}' data-animate-shadow=\"true\">\n\t\n\t\t\n\t<div class=\"liquid-img-group-img-container\">\n\t\t\n\t\t\n\t\t\t\t\n\t\t<div class=\"liquid-img-group-content content-fixed-left\"><p>Geld sparen leicht gemacht<\/p><\/div>\t\t<div class=\"liquid-img-container-inner\" data-parallax=\"true\" data-parallax-from='{\"translateY\":-60}' data-parallax-to='{\"translateY\":87}' data-parallax-options='{\"overflowHidden\":false,\"easing\":\"linear\"}'>\n\t\t\t<figure ><img loading=\"lazy\" decoding=\"async\" width=\"800\" height=\"800\" src=\"data:image\/svg+xml;charset=utf-8,&lt;svg xmlns%3D&#039;http%3A%2F%2Fwww.w3.org%2F2000%2Fsvg&#039; viewBox%3D&#039;0 0 800 800&#039;%2F&gt;\" class=\"attachment-full size-full ld-lazyload\" alt=\"\" srcset=\"\" sizes=\"auto, (max-width: 800px) 100vw, 800px\" data-src=\"https:\/\/gasgenial.de\/fluessiggas\/wp-content\/uploads\/2021\/06\/Gasgenial-fluessiggaspreis.jpg\" data-srcset=\"https:\/\/gasgenial.de\/fluessiggas\/wp-content\/uploads\/2021\/06\/Gasgenial-fluessiggaspreis.jpg 800w, https:\/\/gasgenial.de\/fluessiggas\/wp-content\/uploads\/2021\/06\/Gasgenial-fluessiggaspreis-300x300.jpg 300w, https:\/\/gasgenial.de\/fluessiggas\/wp-content\/uploads\/2021\/06\/Gasgenial-fluessiggaspreis-150x150.jpg 150w\" data-aspect=\"1\" \/><\/figure>\t\t\t\t\t<\/div><!-- \/.liquid-img-container-inner -->\n\t\t\n\t<\/div><!-- \/.liquid-img-group-content -->\n<\/div><!-- \/.liquid-img-group-single -->\n\t\n\t<\/div><!-- \/.liquid-img-group-inner -->\n<\/div><!-- \/.liquid-img-group-container --><style>.ld_spacer_6a046b9e86641{height:100px;}<\/style>\n<div class=\"ld-empty-space ld_spacer_6a046b9e86641\"><span class=\"liquid_empty_space_inner\"><\/span><\/div><div id=\"ld_images_group_container_6a046b9e8676a\" class=\"liquid-img-group-container ld_images_group_container_6a046b9e8676a\"  >\n\t<div class=\"liquid-img-group-inner\">\n\t\t<style>@media (min-width: 992px) { .ld_images_group_element_6a046b9e868a5 {margin-top:-40px !important;  }  } <\/style><div id=\"ld_images_group_element_6a046b9e868a5\" class=\"liquid-img-group-single ld_images_group_element_6a046b9e868a5\" data-shadow-style=\"1\" data-inview=\"true\" data-inview-options='{\"delayTime\":800}' data-animate-shadow=\"true\">\n\t\n\t\t\n\t<div class=\"liquid-img-group-img-container\">\n\t\t\n\t\t\n\t\t\t\t\n\t\t<div class=\"liquid-img-group-content content-fixed-left\"><p>Unser Tanklager in NRW<\/p><\/div>\t\t<div class=\"liquid-img-container-inner\" data-parallax=\"true\" data-parallax-from='{\"translateY\":-60}' data-parallax-to='{\"translateY\":87}' data-parallax-options='{\"overflowHidden\":false,\"easing\":\"linear\"}'>\n\t\t\t<figure ><img loading=\"lazy\" decoding=\"async\" width=\"800\" height=\"800\" src=\"data:image\/svg+xml;charset=utf-8,&lt;svg xmlns%3D&#039;http%3A%2F%2Fwww.w3.org%2F2000%2Fsvg&#039; viewBox%3D&#039;0 0 800 800&#039;%2F&gt;\" class=\"attachment-full size-full ld-lazyload\" alt=\"\" srcset=\"\" sizes=\"auto, (max-width: 800px) 100vw, 800px\" data-src=\"https:\/\/gasgenial.de\/fluessiggas\/wp-content\/uploads\/2020\/05\/Kronengas-Tanklager.jpg\" data-srcset=\"https:\/\/gasgenial.de\/fluessiggas\/wp-content\/uploads\/2020\/05\/Kronengas-Tanklager.jpg 800w, https:\/\/gasgenial.de\/fluessiggas\/wp-content\/uploads\/2020\/05\/Kronengas-Tanklager-300x300.jpg 300w, https:\/\/gasgenial.de\/fluessiggas\/wp-content\/uploads\/2020\/05\/Kronengas-Tanklager-150x150.jpg 150w\" data-aspect=\"1\" \/><\/figure>\t\t\t\t\t<\/div><!-- \/.liquid-img-container-inner -->\n\t\t\n\t<\/div><!-- \/.liquid-img-group-content -->\n<\/div><!-- \/.liquid-img-group-single -->\n\t\n\t<\/div><!-- \/.liquid-img-group-inner -->\n<\/div><!-- \/.liquid-img-group-container --><style>.ld_spacer_6a046b9e8efd2{height:100px;}<\/style>\n<div class=\"ld-empty-space ld_spacer_6a046b9e8efd2\"><span class=\"liquid_empty_space_inner\"><\/span><\/div>[\/vc_column][\/vc_row][vc_row content_placement=&#8220;middle&#8220; parallax=&#8220;enable_parallax&#8220; css=&#8220;.vc_custom_1589298466799{padding-top: 92px !important;padding-bottom: 45px !important;background-image: url(https:\/\/gasgenial.de\/fluessiggas\/wp-content\/uploads\/2020\/05\/call-to-action-min-scaled.jpg?id=7234) !important;background-position: center;background-repeat: no-repeat;background-size: cover !important;}&#8220;][vc_column align=&#8220;text-center&#8220; offset=&#8220;vc_col-md-7&#8243; responsive_align=&#8220;text-md-left&#8220; css=&#8220;.vc_custom_1531743285914{margin-bottom: 45px !important;}&#8220;]<style>.ld_fancy_heading_6a046b9e8f101 h2{font-size:45px;line-height:1.2em;font-weight:600;letter-spacing:-0.015em;color:rgb(8, 143, 225);}@media (min-width: 992px) { .ld_fancy_heading_6a046b9e8f101 h2 {margin-bottom:0px !important;  }  } .ld_fancy_heading_6a046b9e8f101 .lqd-highlight-inner{height:0.275em;bottom:0px;}@media (min-width: 992px) { .ld_fancy_heading_6a046b9e8f101 h2 {margin-bottom:0px !important;  }  } <\/style><div class=\"ld-fancy-heading mask-text text-underline ld_fancy_heading_6a046b9e8f101\">\n\t<h2 class=\"lqd-highlight-underline lqd-highlight-grow-left\" data-fittext=\"true\" data-fittext-options='{\"compressor\":0.5,\"maxFontSize\":\"currentFontSize\",\"minFontSize\":\"35\"}' data-split-text=\"true\" data-custom-animations=\"true\" data-ca-options='{\"triggerHandler\":\"inview\",\"animationTarget\":\".lqd-lines .split-inner\",\"duration\":700,\"delay\":100,\"easing\":\"easeOutQuint\",\"direction\":\"forward\",\"initValues\":{\"translateY\":84,\"rotateZ\":10},\"animations\":{\"translateY\":0,\"rotateZ\":0}}' data-split-options='{\"type\":\"lines\"}'><span class=\"ld-fh-txt\"> Jetzt Neukunde werden und<br \/>\nvon attraktiven Angeboten profitieren.<\/span><\/h2><\/div>[\/vc_column][vc_column enable_content_animation=&#8220;yes&#8220; ca_init_scale_x=&#8220;1&#8243; ca_init_scale_y=&#8220;1&#8243; ca_init_scale_z=&#8220;1&#8243; ca_init_opacity=&#8220;0&#8243; ca_an_scale_x=&#8220;1&#8243; ca_an_scale_y=&#8220;1&#8243; ca_an_scale_z=&#8220;1&#8243; ca_an_opacity=&#8220;1&#8243; align=&#8220;text-center&#8220; offset=&#8220;vc_col-md-offset-2 vc_col-md-3&#8243; ca_init_translate_y=&#8220;39&#8243; responsive_align=&#8220;text-md-right&#8220;]<style>.ld_button_6a046b9e8f3ca.btn-icon-solid .btn-icon{background:rgb(8, 143, 225);}.ld_button_6a046b9e8f3ca.btn-icon-circle.btn-icon-ripple .btn-icon:before{border-color:rgb(8, 143, 225);}.ld_button_6a046b9e8f3ca.btn-icon-solid:hover .btn-icon{background:rgb(0, 0, 0);}.ld_button_6a046b9e8f3ca{background-color:rgb(8, 143, 225);border-color:rgb(8, 143, 225);color:rgb(255, 255, 255);font-size:16px !important;letter-spacing:0.01em !important;}.ld_button_6a046b9e8f3ca:hover{background-color:rgb(0, 0, 0);border-color:rgb(0, 0, 0);}.ld_button_6a046b9e8f3ca .btn-gradient-bg-hover{background:-webkit-linear-gradient(to right, rgb(0, 0, 0) 0%, rgb(0, 0, 0) 100%);background:linear-gradient(to right, rgb(0, 0, 0) 0%, rgb(0, 0, 0) 100%);}.ld_button_6a046b9e8f3ca .btn-gradient-border defs stop:first-child{stop-color:rgb(8, 143, 225);}.ld_button_6a046b9e8f3ca .btn-gradient-border defs stop:last-child{stop-color:rgb(8, 143, 225);}.ld_button_6a046b9e8f3ca:hover .btn-gradient-border defs stop:first-child{stop-color:rgb(0, 0, 0);}.ld_button_6a046b9e8f3ca:hover .btn-gradient-border defs stop:last-child{stop-color:rgb(0, 0, 0);}<\/style><a href=\"https:\/\/gasgenial.de\/fluessiggas\/kontakt\" title=\"Kontakt\" class=\"btn btn-solid semi-round btn-bordered border-thin ld_button_6a046b9e8f3ca vc_custom_1625045581296\">\n\t<span>\n\t\t\n\t\t\t\t\t<span class=\"btn-txt\">Zum Kontaktformular<\/span>\n\t\t\t\n\t\t\t\t<\/span>\n<\/a>\n[\/vc_column][\/vc_row]<\/p>\n","protected":false},"excerpt":{"rendered":"<p>[vc_row el_class=&#8220;z-index-2&#8243; css=&#8220;.vc_custom_1568889702657{margin-top: 50px !important;padding-top: 50px !important;}&#8220;][vc_column parallax=&#8220;yes&#8220; scale_from_x=&#8220;1&#8243; scale_from_y=&#8220;1&#8243; scale_from_z=&#8220;1&#8243; from_opacity=&#8220;1&#8243; scale_to_x=&#8220;1&#8243; scale_to_y=&#8220;1&#8243; scale_to_z=&#8220;1&#8243;&#8230;<\/p>\n","protected":false},"author":1,"featured_media":0,"parent":0,"menu_order":0,"comment_status":"closed","ping_status":"closed","template":"","meta":{"footnotes":""},"class_list":["post-9868","page","type-page","status-publish","hentry"],"yoast_head":"<!-- This site is optimized with the Yoast SEO plugin v26.2 - https:\/\/yoast.com\/wordpress\/plugins\/seo\/ -->\n<title>Fl\u00fcssiggaspreis - Gasgenial - Fl\u00fcssiggas g\u00fcnstig kaufen<\/title>\n<meta name=\"robots\" content=\"index, follow, max-snippet:-1, max-image-preview:large, max-video-preview:-1\" \/>\n<link rel=\"canonical\" href=\"https:\/\/gasgenial.de\/fluessiggas\/fluessiggaspreisguenstig\" \/>\n<meta property=\"og:locale\" content=\"de_DE\" \/>\n<meta property=\"og:type\" content=\"article\" \/>\n<meta property=\"og:title\" content=\"Fl\u00fcssiggaspreis - Gasgenial - Fl\u00fcssiggas g\u00fcnstig kaufen\" \/>\n<meta property=\"og:description\" content=\"[vc_row el_class=&#8220;z-index-2&#8243; css=&#8220;.vc_custom_1568889702657{margin-top: 50px !important;padding-top: 50px !important;}&#8220;][vc_column parallax=&#8220;yes&#8220; scale_from_x=&#8220;1&#8243; scale_from_y=&#8220;1&#8243; scale_from_z=&#8220;1&#8243; from_opacity=&#8220;1&#8243; scale_to_x=&#8220;1&#8243; scale_to_y=&#8220;1&#8243; scale_to_z=&#8220;1&#8243;...\" \/>\n<meta property=\"og:url\" content=\"https:\/\/gasgenial.de\/fluessiggas\/fluessiggaspreisguenstig\" \/>\n<meta property=\"og:site_name\" content=\"Gasgenial - Fl\u00fcssiggas g\u00fcnstig kaufen\" \/>\n<meta property=\"article:modified_time\" content=\"2022-03-16T18:52:56+00:00\" \/>\n<meta name=\"twitter:card\" content=\"summary_large_image\" \/>\n<meta name=\"twitter:label1\" content=\"Gesch\u00e4tzte Lesezeit\" \/>\n\t<meta name=\"twitter:data1\" content=\"3\u00a0Minuten\" \/>\n<script type=\"application\/ld+json\" class=\"yoast-schema-graph\">{\"@context\":\"https:\/\/schema.org\",\"@graph\":[{\"@type\":\"WebPage\",\"@id\":\"https:\/\/gasgenial.de\/fluessiggas\/fluessiggaspreisguenstig\",\"url\":\"https:\/\/gasgenial.de\/fluessiggas\/fluessiggaspreisguenstig\",\"name\":\"Fl\u00fcssiggaspreis - Gasgenial - Fl\u00fcssiggas g\u00fcnstig kaufen\",\"isPartOf\":{\"@id\":\"https:\/\/gasgenial.de\/fluessiggas\/#website\"},\"datePublished\":\"2021-06-28T09:40:48+00:00\",\"dateModified\":\"2022-03-16T18:52:56+00:00\",\"breadcrumb\":{\"@id\":\"https:\/\/gasgenial.de\/fluessiggas\/fluessiggaspreisguenstig#breadcrumb\"},\"inLanguage\":\"de\",\"potentialAction\":[{\"@type\":\"ReadAction\",\"target\":[\"https:\/\/gasgenial.de\/fluessiggas\/fluessiggaspreisguenstig\"]}]},{\"@type\":\"BreadcrumbList\",\"@id\":\"https:\/\/gasgenial.de\/fluessiggas\/fluessiggaspreisguenstig#breadcrumb\",\"itemListElement\":[{\"@type\":\"ListItem\",\"position\":1,\"name\":\"Startseite\",\"item\":\"https:\/\/gasgenial.de\/fluessiggas\/\"},{\"@type\":\"ListItem\",\"position\":2,\"name\":\"Fl\u00fcssiggaspreis\"}]},{\"@type\":\"WebSite\",\"@id\":\"https:\/\/gasgenial.de\/fluessiggas\/#website\",\"url\":\"https:\/\/gasgenial.de\/fluessiggas\/\",\"name\":\"Gasgenial - Fl\u00fcssiggas g\u00fcnstig kaufen\",\"description\":\"Fl\u00fcssiggas und Fl\u00fcssiggastanks f\u00fcr Privat und Gewerbe\",\"potentialAction\":[{\"@type\":\"SearchAction\",\"target\":{\"@type\":\"EntryPoint\",\"urlTemplate\":\"https:\/\/gasgenial.de\/fluessiggas\/?s={search_term_string}\"},\"query-input\":{\"@type\":\"PropertyValueSpecification\",\"valueRequired\":true,\"valueName\":\"search_term_string\"}}],\"inLanguage\":\"de\"}]}<\/script>\n<!-- \/ Yoast SEO plugin. -->","yoast_head_json":{"title":"Fl\u00fcssiggaspreis - Gasgenial - Fl\u00fcssiggas g\u00fcnstig kaufen","robots":{"index":"index","follow":"follow","max-snippet":"max-snippet:-1","max-image-preview":"max-image-preview:large","max-video-preview":"max-video-preview:-1"},"canonical":"https:\/\/gasgenial.de\/fluessiggas\/fluessiggaspreisguenstig","og_locale":"de_DE","og_type":"article","og_title":"Fl\u00fcssiggaspreis - Gasgenial - Fl\u00fcssiggas g\u00fcnstig kaufen","og_description":"[vc_row el_class=&#8220;z-index-2&#8243; css=&#8220;.vc_custom_1568889702657{margin-top: 50px !important;padding-top: 50px !important;}&#8220;][vc_column parallax=&#8220;yes&#8220; scale_from_x=&#8220;1&#8243; scale_from_y=&#8220;1&#8243; scale_from_z=&#8220;1&#8243; from_opacity=&#8220;1&#8243; scale_to_x=&#8220;1&#8243; scale_to_y=&#8220;1&#8243; scale_to_z=&#8220;1&#8243;...","og_url":"https:\/\/gasgenial.de\/fluessiggas\/fluessiggaspreisguenstig","og_site_name":"Gasgenial - Fl\u00fcssiggas g\u00fcnstig kaufen","article_modified_time":"2022-03-16T18:52:56+00:00","twitter_card":"summary_large_image","twitter_misc":{"Gesch\u00e4tzte Lesezeit":"3\u00a0Minuten"},"schema":{"@context":"https:\/\/schema.org","@graph":[{"@type":"WebPage","@id":"https:\/\/gasgenial.de\/fluessiggas\/fluessiggaspreisguenstig","url":"https:\/\/gasgenial.de\/fluessiggas\/fluessiggaspreisguenstig","name":"Fl\u00fcssiggaspreis - Gasgenial - Fl\u00fcssiggas g\u00fcnstig kaufen","isPartOf":{"@id":"https:\/\/gasgenial.de\/fluessiggas\/#website"},"datePublished":"2021-06-28T09:40:48+00:00","dateModified":"2022-03-16T18:52:56+00:00","breadcrumb":{"@id":"https:\/\/gasgenial.de\/fluessiggas\/fluessiggaspreisguenstig#breadcrumb"},"inLanguage":"de","potentialAction":[{"@type":"ReadAction","target":["https:\/\/gasgenial.de\/fluessiggas\/fluessiggaspreisguenstig"]}]},{"@type":"BreadcrumbList","@id":"https:\/\/gasgenial.de\/fluessiggas\/fluessiggaspreisguenstig#breadcrumb","itemListElement":[{"@type":"ListItem","position":1,"name":"Startseite","item":"https:\/\/gasgenial.de\/fluessiggas\/"},{"@type":"ListItem","position":2,"name":"Fl\u00fcssiggaspreis"}]},{"@type":"WebSite","@id":"https:\/\/gasgenial.de\/fluessiggas\/#website","url":"https:\/\/gasgenial.de\/fluessiggas\/","name":"Gasgenial - Fl\u00fcssiggas g\u00fcnstig kaufen","description":"Fl\u00fcssiggas und Fl\u00fcssiggastanks f\u00fcr Privat und Gewerbe","potentialAction":[{"@type":"SearchAction","target":{"@type":"EntryPoint","urlTemplate":"https:\/\/gasgenial.de\/fluessiggas\/?s={search_term_string}"},"query-input":{"@type":"PropertyValueSpecification","valueRequired":true,"valueName":"search_term_string"}}],"inLanguage":"de"}]}},"_links":{"self":[{"href":"https:\/\/gasgenial.de\/fluessiggas\/wp-json\/wp\/v2\/pages\/9868","targetHints":{"allow":["GET"]}}],"collection":[{"href":"https:\/\/gasgenial.de\/fluessiggas\/wp-json\/wp\/v2\/pages"}],"about":[{"href":"https:\/\/gasgenial.de\/fluessiggas\/wp-json\/wp\/v2\/types\/page"}],"author":[{"embeddable":true,"href":"https:\/\/gasgenial.de\/fluessiggas\/wp-json\/wp\/v2\/users\/1"}],"replies":[{"embeddable":true,"href":"https:\/\/gasgenial.de\/fluessiggas\/wp-json\/wp\/v2\/comments?post=9868"}],"version-history":[{"count":3,"href":"https:\/\/gasgenial.de\/fluessiggas\/wp-json\/wp\/v2\/pages\/9868\/revisions"}],"predecessor-version":[{"id":11813,"href":"https:\/\/gasgenial.de\/fluessiggas\/wp-json\/wp\/v2\/pages\/9868\/revisions\/11813"}],"wp:attachment":[{"href":"https:\/\/gasgenial.de\/fluessiggas\/wp-json\/wp\/v2\/media?parent=9868"}],"curies":[{"name":"wp","href":"https:\/\/api.w.org\/{rel}","templated":true}]}}