{"id":9765,"date":"2017-06-07T11:58:59","date_gmt":"2017-06-07T09:58:59","guid":{"rendered":"http:\/\/gasgenial.de\/fluessiggas\/?page_id=9765"},"modified":"2021-06-25T19:36:49","modified_gmt":"2021-06-25T19:36:49","slug":"fluessiggaslexikon","status":"publish","type":"page","link":"https:\/\/gasgenial.de\/fluessiggas\/fluessiggaslexikon","title":{"rendered":"Fl\u00fcssiggaslexikon"},"content":{"rendered":"<p>[vc_row][vc_column]<style>.ld_spacer_69e1d0d38c33f{height:32px;}<\/style>\n<div class=\"ld-empty-space ld_spacer_69e1d0d38c33f\"><span class=\"liquid_empty_space_inner\"><\/span><\/div>[vc_column_text]<strong>A<\/strong><\/p>\n<ul>\n<li style=\"text-align: left;\"><a title=\"Abgas\" href=\"https:\/\/gasgenial.de\/fluessiggas\/fluessiggaslexikon\/abgas \">Abgas<\/a><\/li>\n<li><a title=\"Absperreinrichtung \" href=\"https:\/\/gasgenial.de\/fluessiggas\/fluessiggaslexikon\/absperreinrichtung \">Absperreinrichtung<\/a><\/li>\n<li><a title=\"Auftriebssicherung \" href=\"https:\/\/gasgenial.de\/fluessiggas\/fluessiggaslexikon\/auftriebssicherung\">Auftriebssicherung <\/a><\/li>\n<li><a title=\"\u00c4u\u00dfere Pr\u00fcfung\" href=\"https:\/\/gasgenial.de\/fluessiggas\/fluessiggaslexikon\/aeussere-pruefung\">\u00c4u\u00dfere Pr\u00fcfung <\/a><\/li>\n<li><a title=\"Autogas\" href=\"https:\/\/gasgenial.de\/fluessiggas\/fluessiggaslexikon\/autogas\">Autogas<\/a><\/li>\n<\/ul>\n<p><strong>B<\/strong><\/p>\n<ul>\n<li><a title=\"Beh\u00e4lterregler\" href=\"https:\/\/gasgenial.de\/fluessiggas\/fluessiggaslexikon\/behaelterregler \">Beh\u00e4lterregler<\/a><\/li>\n<li><a title=\"Betriebsheizwert\" href=\"https:\/\/gasgenial.de\/fluessiggas\/fluessiggaslexikon\/betriebsheizwert\">Betriebsheizwert<\/a><\/li>\n<li><a title=\"Betriebssicherheitsverordnung (BetrSichV) \" href=\"https:\/\/gasgenial.de\/fluessiggas\/fluessiggaslexikon\/betriebssicherheitsverordnung \">Betriebssicherheitsverordnung (BetrSichV)<\/a><\/li>\n<li><a title=\"Biogas\" href=\"https:\/\/gasgenial.de\/fluessiggas\/fluessiggaslexikon\/biogas\">Biogas<\/a><\/li>\n<li><a title=\"Bitumen\" href=\"https:\/\/gasgenial.de\/fluessiggas\/fluessiggaslexikon\/bitumen\">Bitumen<\/a><\/li>\n<li><a title=\"Blockheizkraftwerk (BHKW) \" href=\"https:\/\/gasgenial.de\/fluessiggas\/fluessiggaslexikon\/blockheizkraftwerk\">Blockheizkraftwerk (BHKW)<\/a><\/li>\n<li><a title=\"Brenner\" href=\"https:\/\/gasgenial.de\/fluessiggas\/fluessiggaslexikon\/brenner\">Brenner<\/a><\/li>\n<li><a title=\"Brennwert \" href=\"https:\/\/gasgenial.de\/fluessiggas\/fluessiggaslexikon\/brennwert\">Brennwert<\/a><\/li>\n<li><a title=\"Brennwertger\u00e4te \" href=\"https:\/\/gasgenial.de\/fluessiggas\/fluessiggaslexikon\/brennwertgeraete\">Brennwertger\u00e4te<\/a><\/li>\n<li><a title=\"Butan\" href=\"https:\/\/gasgenial.de\/fluessiggas\/fluessiggaslexikon\/butan\">Butan<\/a><\/li>\n<\/ul>\n<p><strong>C<\/strong><\/p>\n<ul>\n<li><a title=\"Campinggas \" href=\"https:\/\/gasgenial.de\/fluessiggas\/fluessiggaslexikon\/campinggas\">Campinggas<\/a><\/li>\n<li><a title=\"CE-Kennzeichnung \" href=\"https:\/\/gasgenial.de\/fluessiggas\/fluessiggaslexikon\/ce-kennzeichnung\">CE-Kennzeichnung<\/a><\/li>\n<\/ul>\n<p><strong>D<\/strong><\/p>\n<ul>\n<li><a title=\"DIN Norm 51622\" href=\"https:\/\/gasgenial.de\/fluessiggas\/fluessiggaslexikon\/din-norm-51622\">DIN Norm 51622<\/a><\/li>\n<li><a title=\"DIN Norm EN 589\" href=\"https:\/\/gasgenial.de\/fluessiggas\/fluessiggaslexikon\/din-norm-en-589\">DIN Norm EN 589<\/a><\/li>\n<li><a title=\"Druckbeh\u00e4lterverordnung (DruckbehV) \" href=\"https:\/\/gasgenial.de\/fluessiggas\/fluessiggaslexikon\/druckbehaelterverordnung\">Druckbeh\u00e4lterverordnung (DruckbehV)<\/a><\/li>\n<\/ul>\n<p><strong>E<\/strong><\/p>\n<ul>\n<li><a title=\"Einzelofenheizung \" href=\"https:\/\/gasgenial.de\/fluessiggas\/fluessiggaslexikon\/einzelofenheizung\">Einzelofenheizung<\/a><\/li>\n<li><a title=\"Energieeinsparung \" href=\"https:\/\/gasgenial.de\/fluessiggas\/fluessiggaslexikon\/energieeinsparung\">Energieeinsparung<\/a><\/li>\n<li><a title=\"Entl\u00fcften \" href=\"https:\/\/gasgenial.de\/fluessiggas\/fluessiggaslexikon\/entlueften\">Entl\u00fcften<\/a><\/li>\n<li><a title=\"Epoxidharz\" href=\"https:\/\/gasgenial.de\/fluessiggas\/fluessiggaslexikon\/epoxidharz\">Epoxidharz<\/a><\/li>\n<li><a title=\"Erdgas\" href=\"https:\/\/gasgenial.de\/fluessiggas\/fluessiggaslexikon\/erdgas\">Erdgas<\/a><\/li>\n<li><a title=\"Erneuerbare Energien \" href=\"https:\/\/gasgenial.de\/fluessiggas\/fluessiggaslexikon\/erneuerbare-energien\">Erneuerbare Energien<\/a><\/li>\n<li><a title=\"Etagenheizung \" href=\"https:\/\/gasgenial.de\/fluessiggas\/fluessiggaslexikon\/etagenheizung\">Etagenheizung<\/a><\/li>\n<li><a title=\"Explosionsgef\u00e4hrdeter Bereich\" href=\"https:\/\/gasgenial.de\/fluessiggas\/fluessiggaslexikon\/explosionsgefaehrdeter-bereich\">Explosionsgef\u00e4hrdeter Bereich<\/a><\/li>\n<li><a title=\"Explosionsschutz \" href=\"https:\/\/gasgenial.de\/fluessiggas\/fluessiggaslexikon\/explosionsschutz\">Explosionsschutz<\/a><\/li>\n<\/ul>\n<p><strong>F<\/strong><\/p>\n<ul>\n<li><a title=\"Feuerl\u00f6scher\" href=\"https:\/\/gasgenial.de\/fluessiggas\/fluessiggaslexikon\/feuerloescher\">Feuerl\u00f6scher<\/a><\/li>\n<li><a title=\"Fl\u00fcssiggas \" href=\"https:\/\/gasgenial.de\/fluessiggas\/fluessiggaslexikon\/fluessiggas-2-2\">Fl\u00fcssiggas<\/a><\/li>\n<li><a title=\"Fl\u00fcssiggasanlage \" href=\"https:\/\/gasgenial.de\/fluessiggas\/fluessiggaslexikon\/fluessiggasanlage\">Fl\u00fcssiggasanlage<\/a><\/li>\n<li><a title=\"Fl\u00fcssiggasflaschen\" href=\"https:\/\/gasgenial.de\/fluessiggas\/fluessiggaslexikon\/fluessiggasflaschen\">Fl\u00fcssiggasflaschen<\/a><\/li>\n<li><a title=\"Fl\u00fcssiggastanks\" href=\"https:\/\/gasgenial.de\/fluessiggas\/fluessiggaslexikon\/fluessiggastanks\">Fl\u00fcssiggastanks<\/a><\/li>\n<\/ul>\n<p><strong>G<\/strong><\/p>\n<ul>\n<li><a title=\"Gro\u00dfflaschenanlage\" href=\"https:\/\/gasgenial.de\/fluessiggas\/fluessiggaslexikon\/grossflaschenanlage\">Gro\u00dfflaschenanlage<\/a><\/li>\n<\/ul>\n<p><strong>H<\/strong><\/p>\n<ul>\n<li><a title=\"Heizkessel\" href=\"https:\/\/gasgenial.de\/fluessiggas\/fluessiggaslexikon\/Heizkessel\">Heizkessel<\/a><\/li>\n<li><a title=\"Heizkostenvergleich\" href=\"https:\/\/gasgenial.de\/fluessiggas\/fluessiggaslexikon\/heizkostenvergleich\">Heizkostenvergleich<\/a><\/li>\n<li><a title=\"Heizwert\" href=\"https:\/\/gasgenial.de\/fluessiggas\/fluessiggaslexikon\/heizwert\">Heizwert<\/a><\/li>\n<li><a title=\"Heizwertvergleich\" href=\"https:\/\/gasgenial.de\/fluessiggas\/fluessiggaslexikon\/heizwertvergleich\">Heizwertvergleich<\/a><\/li>\n<li><a title=\"Heiz\u00f6l\" href=\"https:\/\/gasgenial.de\/fluessiggas\/fluessiggaslexikon\/heizoel\">Heiz\u00f6l<\/a><\/li>\n<\/ul>\n<p><strong>I<\/strong><\/p>\n<ul>\n<li><a title=\"Isolierst\u00fcck \" href=\"https:\/\/gasgenial.de\/fluessiggas\/fluessiggaslexikon\/isolierstueck\">Isolierst\u00fcck<\/a><\/li>\n<li><a title=\"Innere Pr\u00fcfung\" href=\"https:\/\/gasgenial.de\/fluessiggas\/fluessiggaslexikon\/innere-pruefung\">Innere Pr\u00fcfung<\/a><\/li>\n<li><a title=\"Iso-Test \" href=\"https:\/\/gasgenial.de\/fluessiggas\/fluessiggaslexikon\/iso-test\">Iso-Test<\/a><\/li>\n<\/ul>\n<p><strong>K<\/strong><\/p>\n<ul>\n<li><a title=\"Kochen mit Fl\u00fcssiggas \" href=\"https:\/\/gasgenial.de\/fluessiggas\/fluessiggaslexikon\/kochen-mit-fluessiggas\">Kochen mit Fl\u00fcssiggas<\/a><\/li>\n<\/ul>\n<p><strong>L<\/strong><\/p>\n<ul>\n<li><a title=\"Lagerbeh\u00e4lter\" href=\"https:\/\/gasgenial.de\/fluessiggas\/fluessiggaslexikon\/lagerbehaelter\">Lagerbeh\u00e4lter<\/a><\/li>\n<li><a title=\"Leitungsgebundene Energien\" href=\"https:\/\/gasgenial.de\/fluessiggas\/fluessiggaslexikon\/leitungsgebundene-energien\">Leitungsgebundene Energien<\/a><\/li>\n<li><a title=\"LNG (Liquified Natural Gas)\" href=\"https:\/\/gasgenial.de\/fluessiggas\/fluessiggaslexikon\/lng-liquified-natural-gas\">LNG (Liquified Natural Gas)<\/a><\/li>\n<li><a title=\"LPG ( Liquified Petroleum Gas)\" href=\"https:\/\/gasgenial.de\/fluessiggas\/fluessiggaslexikon\/lpg-liquified-petroleum-gas\">LPG ( Liquified Petroleum Gas)<\/a><\/li>\n<\/ul>\n<p><strong>N<\/strong><\/p>\n<ul>\n<li><a title=\"Notversorgungsanschluss \" href=\"https:\/\/gasgenial.de\/fluessiggas\/fluessiggaslexikon\/notversorgungsanschluss\">Notversorgungsanschluss<\/a><\/li>\n<\/ul>\n<p><strong>P<\/strong><\/p>\n<ul>\n<li><a title=\"Pr\u00fcfung des Gastanks\" href=\"https:\/\/gasgenial.de\/fluessiggas\/fluessiggaslexikon\/pruefung-des-gastanks\">Pr\u00fcfung des Gastanks<\/a><\/li>\n<li><a title=\"Pr\u00fcfzeichen\" href=\"https:\/\/gasgenial.de\/fluessiggas\/fluessiggaslexikon\/pruefzeichen\">Pr\u00fcfzeichen<\/a><\/li>\n<li><a title=\"Pellets\" href=\"https:\/\/gasgenial.de\/fluessiggas\/fluessiggaslexikon\/pellets\">Pellets<\/a><\/li>\n<\/ul>\n<p><strong>R<\/strong><\/p>\n<ul>\n<li><a title=\"Raumgewinn durch Fl\u00fcssiggas \" href=\"https:\/\/gasgenial.de\/fluessiggas\/fluessiggaslexikon\/raumgewinn-durch-fluessiggas\">Raumgewinn durch Fl\u00fcssiggas<\/a><\/li>\n<li><a title=\"Rohrleitungen\" href=\"https:\/\/gasgenial.de\/fluessiggas\/fluessiggaslexikon\/rohrleitungen\">Rohrleitungen<\/a><\/li>\n<\/ul>\n<p><strong>S<\/strong><\/p>\n<ul>\n<li><a title=\"Sicherheitskennzeichen\" href=\"https:\/\/gasgenial.de\/fluessiggas\/fluessiggaslexikon\/sicherheitskennzeichen\">Sicherheitskennzeichen<\/a><\/li>\n<li><a title=\"Solarenergie und Fl\u00fcssiggas \" href=\"https:\/\/gasgenial.de\/fluessiggas\/fluessiggaslexikon\/solarenergie-und-fluessiggas\">Solarenergie und Fl\u00fcssiggas<\/a><\/li>\n<\/ul>\n<p><strong>T<\/strong><\/p>\n<ul>\n<li><a title=\"Treibgas\" href=\"https:\/\/gasgenial.de\/fluessiggas\/fluessiggaslexikon\/treibgas\">Treibgas<\/a><\/li>\n<\/ul>\n<p><strong>U<\/strong><\/p>\n<ul>\n<li><a title=\"Umweltw\u00e4rme\" href=\"https:\/\/gasgenial.de\/fluessiggas\/fluessiggaslexikon\/umweltwaerme\">Umweltw\u00e4rme<\/a><\/li>\n<\/ul>\n<p><strong>V<\/strong><\/p>\n<ul>\n<li><a title=\"Vorteile von Fl\u00fcssiggas \" href=\"https:\/\/gasgenial.de\/fluessiggas\/fluessiggaslexikon\/vorteile-von-fluessiggas\">Vorteile von Fl\u00fcssiggas<\/a><\/li>\n<\/ul>\n<p><strong>W<\/strong><\/p>\n<ul>\n<li><a title=\"Wirkungsgrad\" href=\"https:\/\/gasgenial.de\/fluessiggas\/fluessiggaslexikon\/wirkungsgrad\">Wirkungsgrad<\/a><\/li>\n<li><a title=\"W\u00e4rmepumpe \" href=\"https:\/\/gasgenial.de\/fluessiggas\/fluessiggaslexikon\/waermepumpe\">W\u00e4rmepumpe<\/a><\/li>\n<\/ul>\n<p><strong>Z<\/strong><\/p>\n<ul>\n<li><a title=\"Zentralheizung\" href=\"https:\/\/gasgenial.de\/fluessiggas\/fluessiggaslexikon\/zentralheizung\">Zentralheizung<\/a><\/li>\n<\/ul>\n<p>[\/vc_column_text][\/vc_column][\/vc_row]<\/p>\n","protected":false},"excerpt":{"rendered":"<p>[vc_row][vc_column][vc_column_text]A Abgas Absperreinrichtung Auftriebssicherung \u00c4u\u00dfere Pr\u00fcfung Autogas B Beh\u00e4lterregler Betriebsheizwert Betriebssicherheitsverordnung (BetrSichV) Biogas Bitumen Blockheizkraftwerk&#8230;<\/p>\n","protected":false},"author":2,"featured_media":0,"parent":0,"menu_order":0,"comment_status":"open","ping_status":"closed","template":"","meta":{"footnotes":""},"class_list":["post-9765","page","type-page","status-publish","hentry"],"yoast_head":"<!-- This site is optimized with the Yoast SEO plugin v26.2 - https:\/\/yoast.com\/wordpress\/plugins\/seo\/ -->\n<title>Fl\u00fcssiggaslexikon - Gasgenial - Fl\u00fcssiggas g\u00fcnstig kaufen<\/title>\n<meta name=\"robots\" content=\"index, follow, max-snippet:-1, max-image-preview:large, max-video-preview:-1\" \/>\n<link rel=\"canonical\" href=\"https:\/\/gasgenial.de\/fluessiggas\/fluessiggaslexikon\" \/>\n<meta property=\"og:locale\" content=\"de_DE\" \/>\n<meta property=\"og:type\" content=\"article\" \/>\n<meta property=\"og:title\" content=\"Fl\u00fcssiggaslexikon - Gasgenial - Fl\u00fcssiggas g\u00fcnstig kaufen\" \/>\n<meta property=\"og:description\" content=\"[vc_row][vc_column][vc_column_text]A Abgas Absperreinrichtung Auftriebssicherung \u00c4u\u00dfere Pr\u00fcfung Autogas B Beh\u00e4lterregler Betriebsheizwert Betriebssicherheitsverordnung (BetrSichV) Biogas Bitumen Blockheizkraftwerk...\" \/>\n<meta property=\"og:url\" content=\"https:\/\/gasgenial.de\/fluessiggas\/fluessiggaslexikon\" \/>\n<meta property=\"og:site_name\" content=\"Gasgenial - Fl\u00fcssiggas g\u00fcnstig kaufen\" \/>\n<meta property=\"article:modified_time\" content=\"2021-06-25T19:36:49+00:00\" \/>\n<meta name=\"twitter:card\" content=\"summary_large_image\" \/>\n<meta name=\"twitter:label1\" content=\"Gesch\u00e4tzte Lesezeit\" \/>\n\t<meta name=\"twitter:data1\" content=\"1\u00a0Minute\" \/>\n<script type=\"application\/ld+json\" class=\"yoast-schema-graph\">{\"@context\":\"https:\/\/schema.org\",\"@graph\":[{\"@type\":\"WebPage\",\"@id\":\"https:\/\/gasgenial.de\/fluessiggas\/fluessiggaslexikon\",\"url\":\"https:\/\/gasgenial.de\/fluessiggas\/fluessiggaslexikon\",\"name\":\"Fl\u00fcssiggaslexikon - Gasgenial - Fl\u00fcssiggas g\u00fcnstig kaufen\",\"isPartOf\":{\"@id\":\"https:\/\/gasgenial.de\/fluessiggas\/#website\"},\"datePublished\":\"2017-06-07T09:58:59+00:00\",\"dateModified\":\"2021-06-25T19:36:49+00:00\",\"breadcrumb\":{\"@id\":\"https:\/\/gasgenial.de\/fluessiggas\/fluessiggaslexikon#breadcrumb\"},\"inLanguage\":\"de\",\"potentialAction\":[{\"@type\":\"ReadAction\",\"target\":[\"https:\/\/gasgenial.de\/fluessiggas\/fluessiggaslexikon\"]}]},{\"@type\":\"BreadcrumbList\",\"@id\":\"https:\/\/gasgenial.de\/fluessiggas\/fluessiggaslexikon#breadcrumb\",\"itemListElement\":[{\"@type\":\"ListItem\",\"position\":1,\"name\":\"Startseite\",\"item\":\"https:\/\/gasgenial.de\/fluessiggas\/\"},{\"@type\":\"ListItem\",\"position\":2,\"name\":\"Fl\u00fcssiggaslexikon\"}]},{\"@type\":\"WebSite\",\"@id\":\"https:\/\/gasgenial.de\/fluessiggas\/#website\",\"url\":\"https:\/\/gasgenial.de\/fluessiggas\/\",\"name\":\"Gasgenial - Fl\u00fcssiggas g\u00fcnstig kaufen\",\"description\":\"Fl\u00fcssiggas und Fl\u00fcssiggastanks f\u00fcr Privat und Gewerbe\",\"potentialAction\":[{\"@type\":\"SearchAction\",\"target\":{\"@type\":\"EntryPoint\",\"urlTemplate\":\"https:\/\/gasgenial.de\/fluessiggas\/?s={search_term_string}\"},\"query-input\":{\"@type\":\"PropertyValueSpecification\",\"valueRequired\":true,\"valueName\":\"search_term_string\"}}],\"inLanguage\":\"de\"}]}<\/script>\n<!-- \/ Yoast SEO plugin. -->","yoast_head_json":{"title":"Fl\u00fcssiggaslexikon - Gasgenial - Fl\u00fcssiggas g\u00fcnstig kaufen","robots":{"index":"index","follow":"follow","max-snippet":"max-snippet:-1","max-image-preview":"max-image-preview:large","max-video-preview":"max-video-preview:-1"},"canonical":"https:\/\/gasgenial.de\/fluessiggas\/fluessiggaslexikon","og_locale":"de_DE","og_type":"article","og_title":"Fl\u00fcssiggaslexikon - Gasgenial - Fl\u00fcssiggas g\u00fcnstig kaufen","og_description":"[vc_row][vc_column][vc_column_text]A Abgas Absperreinrichtung Auftriebssicherung \u00c4u\u00dfere Pr\u00fcfung Autogas B Beh\u00e4lterregler Betriebsheizwert Betriebssicherheitsverordnung (BetrSichV) Biogas Bitumen Blockheizkraftwerk...","og_url":"https:\/\/gasgenial.de\/fluessiggas\/fluessiggaslexikon","og_site_name":"Gasgenial - Fl\u00fcssiggas g\u00fcnstig kaufen","article_modified_time":"2021-06-25T19:36:49+00:00","twitter_card":"summary_large_image","twitter_misc":{"Gesch\u00e4tzte Lesezeit":"1\u00a0Minute"},"schema":{"@context":"https:\/\/schema.org","@graph":[{"@type":"WebPage","@id":"https:\/\/gasgenial.de\/fluessiggas\/fluessiggaslexikon","url":"https:\/\/gasgenial.de\/fluessiggas\/fluessiggaslexikon","name":"Fl\u00fcssiggaslexikon - Gasgenial - Fl\u00fcssiggas g\u00fcnstig kaufen","isPartOf":{"@id":"https:\/\/gasgenial.de\/fluessiggas\/#website"},"datePublished":"2017-06-07T09:58:59+00:00","dateModified":"2021-06-25T19:36:49+00:00","breadcrumb":{"@id":"https:\/\/gasgenial.de\/fluessiggas\/fluessiggaslexikon#breadcrumb"},"inLanguage":"de","potentialAction":[{"@type":"ReadAction","target":["https:\/\/gasgenial.de\/fluessiggas\/fluessiggaslexikon"]}]},{"@type":"BreadcrumbList","@id":"https:\/\/gasgenial.de\/fluessiggas\/fluessiggaslexikon#breadcrumb","itemListElement":[{"@type":"ListItem","position":1,"name":"Startseite","item":"https:\/\/gasgenial.de\/fluessiggas\/"},{"@type":"ListItem","position":2,"name":"Fl\u00fcssiggaslexikon"}]},{"@type":"WebSite","@id":"https:\/\/gasgenial.de\/fluessiggas\/#website","url":"https:\/\/gasgenial.de\/fluessiggas\/","name":"Gasgenial - Fl\u00fcssiggas g\u00fcnstig kaufen","description":"Fl\u00fcssiggas und Fl\u00fcssiggastanks f\u00fcr Privat und Gewerbe","potentialAction":[{"@type":"SearchAction","target":{"@type":"EntryPoint","urlTemplate":"https:\/\/gasgenial.de\/fluessiggas\/?s={search_term_string}"},"query-input":{"@type":"PropertyValueSpecification","valueRequired":true,"valueName":"search_term_string"}}],"inLanguage":"de"}]}},"_links":{"self":[{"href":"https:\/\/gasgenial.de\/fluessiggas\/wp-json\/wp\/v2\/pages\/9765","targetHints":{"allow":["GET"]}}],"collection":[{"href":"https:\/\/gasgenial.de\/fluessiggas\/wp-json\/wp\/v2\/pages"}],"about":[{"href":"https:\/\/gasgenial.de\/fluessiggas\/wp-json\/wp\/v2\/types\/page"}],"author":[{"embeddable":true,"href":"https:\/\/gasgenial.de\/fluessiggas\/wp-json\/wp\/v2\/users\/2"}],"replies":[{"embeddable":true,"href":"https:\/\/gasgenial.de\/fluessiggas\/wp-json\/wp\/v2\/comments?post=9765"}],"version-history":[{"count":0,"href":"https:\/\/gasgenial.de\/fluessiggas\/wp-json\/wp\/v2\/pages\/9765\/revisions"}],"wp:attachment":[{"href":"https:\/\/gasgenial.de\/fluessiggas\/wp-json\/wp\/v2\/media?parent=9765"}],"curies":[{"name":"wp","href":"https:\/\/api.w.org\/{rel}","templated":true}]}}