{"id":9743,"date":"2017-06-07T11:50:10","date_gmt":"2017-06-07T09:50:10","guid":{"rendered":"http:\/\/gasgenial.de\/fluessiggas\/?page_id=9743"},"modified":"2017-06-07T11:50:10","modified_gmt":"2017-06-07T09:50:10","slug":"raumgewinn-durch-fluessiggas","status":"publish","type":"page","link":"https:\/\/gasgenial.de\/fluessiggas\/raumgewinn-durch-fluessiggas","title":{"rendered":"Raumgewinn durch Fl\u00fcssiggas"},"content":{"rendered":"<p>Neben dem Vorteil, dass Fl\u00fcssiggas im fl\u00fcssigen Zustand nur 1\/260 des Gasvolumens einnimmt, und sich dadurch gro\u00dfe Energiemengen einfach lagern lassen, werden Gastanks in der Regel im Freien aufgestellt, wodurch der Tank keinen Platz im Haus bzw. Keller wegnimmt wie es z.B. bei einem \u00d6ltank oder bei Pellets der Fall w\u00e4re.<br \/>\nDadurch l\u00e4sst sich viel Platz einsparen und der gewonnene Raum f\u00fcr andere Sachen nutzen.<\/p>\n","protected":false},"excerpt":{"rendered":"<p>Neben dem Vorteil, dass Fl\u00fcssiggas im fl\u00fcssigen Zustand nur 1\/260 des Gasvolumens einnimmt, und sich&#8230;<\/p>\n","protected":false},"author":2,"featured_media":0,"parent":0,"menu_order":0,"comment_status":"open","ping_status":"open","template":"","meta":{"footnotes":""},"class_list":["post-9743","page","type-page","status-publish","hentry"],"yoast_head":"<!-- This site is optimized with the Yoast SEO plugin v26.2 - https:\/\/yoast.com\/wordpress\/plugins\/seo\/ -->\n<title>Raumgewinn durch Fl\u00fcssiggas - Gasgenial - Fl\u00fcssiggas g\u00fcnstig kaufen<\/title>\n<meta name=\"robots\" content=\"index, follow, max-snippet:-1, max-image-preview:large, max-video-preview:-1\" \/>\n<link rel=\"canonical\" href=\"https:\/\/gasgenial.de\/fluessiggas\/raumgewinn-durch-fluessiggas\" \/>\n<meta property=\"og:locale\" content=\"de_DE\" \/>\n<meta property=\"og:type\" content=\"article\" \/>\n<meta property=\"og:title\" content=\"Raumgewinn durch Fl\u00fcssiggas - Gasgenial - Fl\u00fcssiggas g\u00fcnstig kaufen\" \/>\n<meta property=\"og:description\" content=\"Neben dem Vorteil, dass Fl\u00fcssiggas im fl\u00fcssigen Zustand nur 1\/260 des Gasvolumens einnimmt, und sich...\" \/>\n<meta property=\"og:url\" content=\"https:\/\/gasgenial.de\/fluessiggas\/raumgewinn-durch-fluessiggas\" \/>\n<meta property=\"og:site_name\" content=\"Gasgenial - Fl\u00fcssiggas g\u00fcnstig kaufen\" \/>\n<meta name=\"twitter:card\" content=\"summary_large_image\" \/>\n<script type=\"application\/ld+json\" class=\"yoast-schema-graph\">{\"@context\":\"https:\/\/schema.org\",\"@graph\":[{\"@type\":\"WebPage\",\"@id\":\"https:\/\/gasgenial.de\/fluessiggas\/raumgewinn-durch-fluessiggas\",\"url\":\"https:\/\/gasgenial.de\/fluessiggas\/raumgewinn-durch-fluessiggas\",\"name\":\"Raumgewinn durch Fl\u00fcssiggas - Gasgenial - Fl\u00fcssiggas g\u00fcnstig kaufen\",\"isPartOf\":{\"@id\":\"https:\/\/gasgenial.de\/fluessiggas\/#website\"},\"datePublished\":\"2017-06-07T09:50:10+00:00\",\"breadcrumb\":{\"@id\":\"https:\/\/gasgenial.de\/fluessiggas\/raumgewinn-durch-fluessiggas#breadcrumb\"},\"inLanguage\":\"de\",\"potentialAction\":[{\"@type\":\"ReadAction\",\"target\":[\"https:\/\/gasgenial.de\/fluessiggas\/raumgewinn-durch-fluessiggas\"]}]},{\"@type\":\"BreadcrumbList\",\"@id\":\"https:\/\/gasgenial.de\/fluessiggas\/raumgewinn-durch-fluessiggas#breadcrumb\",\"itemListElement\":[{\"@type\":\"ListItem\",\"position\":1,\"name\":\"Startseite\",\"item\":\"https:\/\/gasgenial.de\/fluessiggas\/\"},{\"@type\":\"ListItem\",\"position\":2,\"name\":\"Raumgewinn durch Fl\u00fcssiggas\"}]},{\"@type\":\"WebSite\",\"@id\":\"https:\/\/gasgenial.de\/fluessiggas\/#website\",\"url\":\"https:\/\/gasgenial.de\/fluessiggas\/\",\"name\":\"Gasgenial - Fl\u00fcssiggas g\u00fcnstig kaufen\",\"description\":\"Fl\u00fcssiggas und Fl\u00fcssiggastanks f\u00fcr Privat und Gewerbe\",\"potentialAction\":[{\"@type\":\"SearchAction\",\"target\":{\"@type\":\"EntryPoint\",\"urlTemplate\":\"https:\/\/gasgenial.de\/fluessiggas\/?s={search_term_string}\"},\"query-input\":{\"@type\":\"PropertyValueSpecification\",\"valueRequired\":true,\"valueName\":\"search_term_string\"}}],\"inLanguage\":\"de\"}]}<\/script>\n<!-- \/ Yoast SEO plugin. -->","yoast_head_json":{"title":"Raumgewinn durch Fl\u00fcssiggas - Gasgenial - Fl\u00fcssiggas g\u00fcnstig kaufen","robots":{"index":"index","follow":"follow","max-snippet":"max-snippet:-1","max-image-preview":"max-image-preview:large","max-video-preview":"max-video-preview:-1"},"canonical":"https:\/\/gasgenial.de\/fluessiggas\/raumgewinn-durch-fluessiggas","og_locale":"de_DE","og_type":"article","og_title":"Raumgewinn durch Fl\u00fcssiggas - Gasgenial - Fl\u00fcssiggas g\u00fcnstig kaufen","og_description":"Neben dem Vorteil, dass Fl\u00fcssiggas im fl\u00fcssigen Zustand nur 1\/260 des Gasvolumens einnimmt, und sich...","og_url":"https:\/\/gasgenial.de\/fluessiggas\/raumgewinn-durch-fluessiggas","og_site_name":"Gasgenial - Fl\u00fcssiggas g\u00fcnstig kaufen","twitter_card":"summary_large_image","schema":{"@context":"https:\/\/schema.org","@graph":[{"@type":"WebPage","@id":"https:\/\/gasgenial.de\/fluessiggas\/raumgewinn-durch-fluessiggas","url":"https:\/\/gasgenial.de\/fluessiggas\/raumgewinn-durch-fluessiggas","name":"Raumgewinn durch Fl\u00fcssiggas - Gasgenial - Fl\u00fcssiggas g\u00fcnstig kaufen","isPartOf":{"@id":"https:\/\/gasgenial.de\/fluessiggas\/#website"},"datePublished":"2017-06-07T09:50:10+00:00","breadcrumb":{"@id":"https:\/\/gasgenial.de\/fluessiggas\/raumgewinn-durch-fluessiggas#breadcrumb"},"inLanguage":"de","potentialAction":[{"@type":"ReadAction","target":["https:\/\/gasgenial.de\/fluessiggas\/raumgewinn-durch-fluessiggas"]}]},{"@type":"BreadcrumbList","@id":"https:\/\/gasgenial.de\/fluessiggas\/raumgewinn-durch-fluessiggas#breadcrumb","itemListElement":[{"@type":"ListItem","position":1,"name":"Startseite","item":"https:\/\/gasgenial.de\/fluessiggas\/"},{"@type":"ListItem","position":2,"name":"Raumgewinn durch Fl\u00fcssiggas"}]},{"@type":"WebSite","@id":"https:\/\/gasgenial.de\/fluessiggas\/#website","url":"https:\/\/gasgenial.de\/fluessiggas\/","name":"Gasgenial - Fl\u00fcssiggas g\u00fcnstig kaufen","description":"Fl\u00fcssiggas und Fl\u00fcssiggastanks f\u00fcr Privat und Gewerbe","potentialAction":[{"@type":"SearchAction","target":{"@type":"EntryPoint","urlTemplate":"https:\/\/gasgenial.de\/fluessiggas\/?s={search_term_string}"},"query-input":{"@type":"PropertyValueSpecification","valueRequired":true,"valueName":"search_term_string"}}],"inLanguage":"de"}]}},"_links":{"self":[{"href":"https:\/\/gasgenial.de\/fluessiggas\/wp-json\/wp\/v2\/pages\/9743","targetHints":{"allow":["GET"]}}],"collection":[{"href":"https:\/\/gasgenial.de\/fluessiggas\/wp-json\/wp\/v2\/pages"}],"about":[{"href":"https:\/\/gasgenial.de\/fluessiggas\/wp-json\/wp\/v2\/types\/page"}],"author":[{"embeddable":true,"href":"https:\/\/gasgenial.de\/fluessiggas\/wp-json\/wp\/v2\/users\/2"}],"replies":[{"embeddable":true,"href":"https:\/\/gasgenial.de\/fluessiggas\/wp-json\/wp\/v2\/comments?post=9743"}],"version-history":[{"count":0,"href":"https:\/\/gasgenial.de\/fluessiggas\/wp-json\/wp\/v2\/pages\/9743\/revisions"}],"wp:attachment":[{"href":"https:\/\/gasgenial.de\/fluessiggas\/wp-json\/wp\/v2\/media?parent=9743"}],"curies":[{"name":"wp","href":"https:\/\/api.w.org\/{rel}","templated":true}]}}