{"id":9739,"date":"2017-06-07T11:48:53","date_gmt":"2017-06-07T09:48:53","guid":{"rendered":"http:\/\/gasgenial.de\/fluessiggas\/?page_id=9739"},"modified":"2017-06-07T11:48:53","modified_gmt":"2017-06-07T09:48:53","slug":"pruefung-des-gastanks","status":"publish","type":"page","link":"https:\/\/gasgenial.de\/fluessiggas\/pruefung-des-gastanks","title":{"rendered":"Pr\u00fcfung des Gastanks"},"content":{"rendered":"<p>\u00c4hnlich der T\u00dcV Pr\u00fcfung beim Auto, muss ein Fl\u00fcssiggastank ebenfalls regelm\u00e4\u00dfig \u00fcberpr\u00fcft werden.<br \/>\nDabei unterscheidet man zwischen der \u00c4u\u00dferen Pr\u00fcfung (auch Sichtpr\u00fcfung, alle zwei Jahre) und der Inneren Pr\u00fcfung (alle zehn Jahre).<br \/>\nZusammen mit der Inneren Pr\u00fcfung werden meist auch noch die Rohrleitungen gepr\u00fcft, die auch alle zehn Jahre kontrolliert werden m\u00fcssen.<\/p>\n<p>Nachdem die Pr\u00fcfung erfolgreich durchgef\u00fchrt wurde, werden entsprechende Plaketten auf dem Tank angebracht und eine Pr\u00fcfbescheinigung erstellt,\u00a0 welche dem Kunden \u00fcberreicht wird. Die Pr\u00fcfbescheinigung sollte sorgf\u00e4ltig aufbewahrt werden und eventuell vorhandene M\u00e4ngel beseitigt werden. F\u00fcr die Einhaltung der Pr\u00fcfungstermine ist der Eigent\u00fcmer selbst verantwortlich, sofern er keinen Wartungsvertrag abgeschlossen hat. Um die Sicherheit Ihrer Fl\u00fcssiggasanlage zu gew\u00e4hrleisten, muss daher auf f\u00e4llige Pr\u00fcfungen geachtet werden.<\/p>\n","protected":false},"excerpt":{"rendered":"<p>\u00c4hnlich der T\u00dcV Pr\u00fcfung beim Auto, muss ein Fl\u00fcssiggastank ebenfalls regelm\u00e4\u00dfig \u00fcberpr\u00fcft werden. Dabei unterscheidet&#8230;<\/p>\n","protected":false},"author":2,"featured_media":0,"parent":0,"menu_order":0,"comment_status":"open","ping_status":"open","template":"","meta":{"footnotes":""},"class_list":["post-9739","page","type-page","status-publish","hentry"],"yoast_head":"<!-- This site is optimized with the Yoast SEO plugin v26.2 - https:\/\/yoast.com\/wordpress\/plugins\/seo\/ -->\n<title>Pr\u00fcfung des Gastanks - Gasgenial - Fl\u00fcssiggas g\u00fcnstig kaufen<\/title>\n<meta name=\"robots\" content=\"index, follow, max-snippet:-1, max-image-preview:large, max-video-preview:-1\" \/>\n<link rel=\"canonical\" href=\"https:\/\/gasgenial.de\/fluessiggas\/pruefung-des-gastanks\" \/>\n<meta property=\"og:locale\" content=\"de_DE\" \/>\n<meta property=\"og:type\" content=\"article\" \/>\n<meta property=\"og:title\" content=\"Pr\u00fcfung des Gastanks - Gasgenial - Fl\u00fcssiggas g\u00fcnstig kaufen\" \/>\n<meta property=\"og:description\" content=\"\u00c4hnlich der T\u00dcV Pr\u00fcfung beim Auto, muss ein Fl\u00fcssiggastank ebenfalls regelm\u00e4\u00dfig \u00fcberpr\u00fcft werden. Dabei unterscheidet...\" \/>\n<meta property=\"og:url\" content=\"https:\/\/gasgenial.de\/fluessiggas\/pruefung-des-gastanks\" \/>\n<meta property=\"og:site_name\" content=\"Gasgenial - Fl\u00fcssiggas g\u00fcnstig kaufen\" \/>\n<meta name=\"twitter:card\" content=\"summary_large_image\" \/>\n<meta name=\"twitter:label1\" content=\"Gesch\u00e4tzte Lesezeit\" \/>\n\t<meta name=\"twitter:data1\" content=\"1\u00a0Minute\" \/>\n<script type=\"application\/ld+json\" class=\"yoast-schema-graph\">{\"@context\":\"https:\/\/schema.org\",\"@graph\":[{\"@type\":\"WebPage\",\"@id\":\"https:\/\/gasgenial.de\/fluessiggas\/pruefung-des-gastanks\",\"url\":\"https:\/\/gasgenial.de\/fluessiggas\/pruefung-des-gastanks\",\"name\":\"Pr\u00fcfung des Gastanks - Gasgenial - Fl\u00fcssiggas g\u00fcnstig kaufen\",\"isPartOf\":{\"@id\":\"https:\/\/gasgenial.de\/fluessiggas\/#website\"},\"datePublished\":\"2017-06-07T09:48:53+00:00\",\"breadcrumb\":{\"@id\":\"https:\/\/gasgenial.de\/fluessiggas\/pruefung-des-gastanks#breadcrumb\"},\"inLanguage\":\"de\",\"potentialAction\":[{\"@type\":\"ReadAction\",\"target\":[\"https:\/\/gasgenial.de\/fluessiggas\/pruefung-des-gastanks\"]}]},{\"@type\":\"BreadcrumbList\",\"@id\":\"https:\/\/gasgenial.de\/fluessiggas\/pruefung-des-gastanks#breadcrumb\",\"itemListElement\":[{\"@type\":\"ListItem\",\"position\":1,\"name\":\"Startseite\",\"item\":\"https:\/\/gasgenial.de\/fluessiggas\/\"},{\"@type\":\"ListItem\",\"position\":2,\"name\":\"Pr\u00fcfung des Gastanks\"}]},{\"@type\":\"WebSite\",\"@id\":\"https:\/\/gasgenial.de\/fluessiggas\/#website\",\"url\":\"https:\/\/gasgenial.de\/fluessiggas\/\",\"name\":\"Gasgenial - Fl\u00fcssiggas g\u00fcnstig kaufen\",\"description\":\"Fl\u00fcssiggas und Fl\u00fcssiggastanks f\u00fcr Privat und Gewerbe\",\"potentialAction\":[{\"@type\":\"SearchAction\",\"target\":{\"@type\":\"EntryPoint\",\"urlTemplate\":\"https:\/\/gasgenial.de\/fluessiggas\/?s={search_term_string}\"},\"query-input\":{\"@type\":\"PropertyValueSpecification\",\"valueRequired\":true,\"valueName\":\"search_term_string\"}}],\"inLanguage\":\"de\"}]}<\/script>\n<!-- \/ Yoast SEO plugin. -->","yoast_head_json":{"title":"Pr\u00fcfung des Gastanks - Gasgenial - Fl\u00fcssiggas g\u00fcnstig kaufen","robots":{"index":"index","follow":"follow","max-snippet":"max-snippet:-1","max-image-preview":"max-image-preview:large","max-video-preview":"max-video-preview:-1"},"canonical":"https:\/\/gasgenial.de\/fluessiggas\/pruefung-des-gastanks","og_locale":"de_DE","og_type":"article","og_title":"Pr\u00fcfung des Gastanks - Gasgenial - Fl\u00fcssiggas g\u00fcnstig kaufen","og_description":"\u00c4hnlich der T\u00dcV Pr\u00fcfung beim Auto, muss ein Fl\u00fcssiggastank ebenfalls regelm\u00e4\u00dfig \u00fcberpr\u00fcft werden. Dabei unterscheidet...","og_url":"https:\/\/gasgenial.de\/fluessiggas\/pruefung-des-gastanks","og_site_name":"Gasgenial - Fl\u00fcssiggas g\u00fcnstig kaufen","twitter_card":"summary_large_image","twitter_misc":{"Gesch\u00e4tzte Lesezeit":"1\u00a0Minute"},"schema":{"@context":"https:\/\/schema.org","@graph":[{"@type":"WebPage","@id":"https:\/\/gasgenial.de\/fluessiggas\/pruefung-des-gastanks","url":"https:\/\/gasgenial.de\/fluessiggas\/pruefung-des-gastanks","name":"Pr\u00fcfung des Gastanks - Gasgenial - Fl\u00fcssiggas g\u00fcnstig kaufen","isPartOf":{"@id":"https:\/\/gasgenial.de\/fluessiggas\/#website"},"datePublished":"2017-06-07T09:48:53+00:00","breadcrumb":{"@id":"https:\/\/gasgenial.de\/fluessiggas\/pruefung-des-gastanks#breadcrumb"},"inLanguage":"de","potentialAction":[{"@type":"ReadAction","target":["https:\/\/gasgenial.de\/fluessiggas\/pruefung-des-gastanks"]}]},{"@type":"BreadcrumbList","@id":"https:\/\/gasgenial.de\/fluessiggas\/pruefung-des-gastanks#breadcrumb","itemListElement":[{"@type":"ListItem","position":1,"name":"Startseite","item":"https:\/\/gasgenial.de\/fluessiggas\/"},{"@type":"ListItem","position":2,"name":"Pr\u00fcfung des Gastanks"}]},{"@type":"WebSite","@id":"https:\/\/gasgenial.de\/fluessiggas\/#website","url":"https:\/\/gasgenial.de\/fluessiggas\/","name":"Gasgenial - Fl\u00fcssiggas g\u00fcnstig kaufen","description":"Fl\u00fcssiggas und Fl\u00fcssiggastanks f\u00fcr Privat und Gewerbe","potentialAction":[{"@type":"SearchAction","target":{"@type":"EntryPoint","urlTemplate":"https:\/\/gasgenial.de\/fluessiggas\/?s={search_term_string}"},"query-input":{"@type":"PropertyValueSpecification","valueRequired":true,"valueName":"search_term_string"}}],"inLanguage":"de"}]}},"_links":{"self":[{"href":"https:\/\/gasgenial.de\/fluessiggas\/wp-json\/wp\/v2\/pages\/9739","targetHints":{"allow":["GET"]}}],"collection":[{"href":"https:\/\/gasgenial.de\/fluessiggas\/wp-json\/wp\/v2\/pages"}],"about":[{"href":"https:\/\/gasgenial.de\/fluessiggas\/wp-json\/wp\/v2\/types\/page"}],"author":[{"embeddable":true,"href":"https:\/\/gasgenial.de\/fluessiggas\/wp-json\/wp\/v2\/users\/2"}],"replies":[{"embeddable":true,"href":"https:\/\/gasgenial.de\/fluessiggas\/wp-json\/wp\/v2\/comments?post=9739"}],"version-history":[{"count":0,"href":"https:\/\/gasgenial.de\/fluessiggas\/wp-json\/wp\/v2\/pages\/9739\/revisions"}],"wp:attachment":[{"href":"https:\/\/gasgenial.de\/fluessiggas\/wp-json\/wp\/v2\/media?parent=9739"}],"curies":[{"name":"wp","href":"https:\/\/api.w.org\/{rel}","templated":true}]}}