{"id":9702,"date":"2017-06-07T11:26:22","date_gmt":"2017-06-07T09:26:22","guid":{"rendered":"http:\/\/gasgenial.de\/fluessiggas\/?page_id=9702"},"modified":"2017-06-07T11:26:22","modified_gmt":"2017-06-07T09:26:22","slug":"fluessiggastanks","status":"publish","type":"page","link":"https:\/\/gasgenial.de\/fluessiggas\/fluessiggastanks","title":{"rendered":"Fl\u00fcssiggastanks"},"content":{"rendered":"<p><strong>Arten von Fl\u00fcssiggastanks:<\/strong><\/p>\n<p>Fl\u00fcssiggaslagerbeh\u00e4lter gibt es in den verschiedensten Gr\u00f6\u00dfen. F\u00fcr Endverbraucher interessant sind lediglich Tanks von einer Gr\u00f6\u00dfe bis 3t. Um gr\u00f6\u00dfere Tanks nutzen zu d\u00fcrfen bedarf es einer Baugenehmigung des zust\u00e4ndigen Amtes. Solche Tanks werden aber meistens nur in der Industrie ben\u00f6tigt. Man unterscheidet allgemein zwischen Ober- und Unterirdischen bzw. den kaum noch genutzten halboberirdischen Tanks (Semi). Bei Bedarf kann ebenfalls ein \u00fcberfahrbarer Gastank installiert werden. Dieser darf sich, dank der verst\u00e4rkten H\u00fclle, auch unter Parkpl\u00e4tzen oder Einfahrten befinden.<\/p>\n<p>Erh\u00e4ltliche Gr\u00f6\u00dfen (jeweils Ober- oder Unterirdisch):<\/p>\n<p>2750l (1,2t)<\/p>\n<p>4850l (2,1t)<\/p>\n<p>6400l (2,9t)<\/p>\n<p><strong>Vorteile der verschiedenen Tanks:<\/strong><\/p>\n<p>Die meisten Fl\u00fcssiggasbezieher sind Nutzer eines Oberirdischen Tanks. Das hat mehrere Gr\u00fcnde. Zum einen sind Oberirdische Tanks etwas g\u00fcnstiger in der Anschaffung und auch die Aufstellung ist wesentlich einfacherer, als bei einem Unterirdischen Tank. Zudem sind die Kosten f\u00fcr die Innere Pr\u00fcfung niedriger als bei einem Unterirdischen Gastank. Eventuell vorhandene Besch\u00e4digungen lassen sich einfacher feststellen und beheben als es bei einem erdgedeckten Tank der Fall ist. Aufgrund seiner Gr\u00f6\u00dfe verbraucht ein Oberirdischer Fl\u00fcssiggastank jedoch relativ viel Platz. Ein Unterirdischer Tank dagegen ben\u00f6tigt deutlich weniger Fl\u00e4che. Lediglich der Domschacht ist f\u00fcr die Bef\u00fcllung freizuhalten.<\/p>\n<p><strong>Was man beachten sollte:<\/strong><\/p>\n<p>Bei der Wahl der Tankgr\u00f6\u00dfe sollte man darauf achten, dass man mit einer F\u00fcllung ein ganzes Jahr auskommt, um die g\u00fcnstigen Sommerpreise nutzen zu k\u00f6nnen. Im Privaten Gebrauch sind die Tankgr\u00f6\u00dfen von 1,2t (2.750l) und 2,1t (4.850l) \u00fcblich.<br \/>\nBei der Aufstellung der Fl\u00fcssiggastanks gilt es auf die entsprechenden Abst\u00e4nde zu achten. F\u00fcr Oberirdische Tanks gilt ein Sicherheitsabstand von ca. 3m. Explosionsf\u00e4hige und Brandf\u00f6rdernde G\u00fcter d\u00fcrfen nicht in diesem Bereich gelagert werden. Das gilt auch f\u00fcr B\u00e4ume, Str\u00e4ucher oder kleinere Geb\u00e4ude wie z.B. Garagen, Holzh\u00fctten etc. Bei Unterirdischen Tanks sind die Sicherheitsvorschriften weniger streng. Der Tank muss einen Mindestabstand von 0,80m zu unterirdischen Kabeln, fremden Leitungen oder Geb\u00e4udefundamenten haben. Dar\u00fcber hinaus ist der Domschacht freizuhalten. Weitere Informationen dazu finden Sie unter dem Artikel \u201eExplosionsgef\u00e4hrdeter Bereich\u201c.<\/p>\n","protected":false},"excerpt":{"rendered":"<p>Arten von Fl\u00fcssiggastanks: Fl\u00fcssiggaslagerbeh\u00e4lter gibt es in den verschiedensten Gr\u00f6\u00dfen. F\u00fcr Endverbraucher interessant sind lediglich&#8230;<\/p>\n","protected":false},"author":2,"featured_media":0,"parent":0,"menu_order":0,"comment_status":"open","ping_status":"closed","template":"","meta":{"footnotes":""},"class_list":["post-9702","page","type-page","status-publish","hentry"],"yoast_head":"<!-- This site is optimized with the Yoast SEO plugin v26.2 - https:\/\/yoast.com\/wordpress\/plugins\/seo\/ -->\n<title>Fl\u00fcssiggastanks - Gasgenial - Fl\u00fcssiggas g\u00fcnstig kaufen<\/title>\n<meta name=\"robots\" content=\"index, follow, max-snippet:-1, max-image-preview:large, max-video-preview:-1\" \/>\n<link rel=\"canonical\" href=\"https:\/\/gasgenial.de\/fluessiggas\/fluessiggastanks\" \/>\n<meta property=\"og:locale\" content=\"de_DE\" \/>\n<meta property=\"og:type\" content=\"article\" \/>\n<meta property=\"og:title\" content=\"Fl\u00fcssiggastanks - Gasgenial - Fl\u00fcssiggas g\u00fcnstig kaufen\" \/>\n<meta property=\"og:description\" content=\"Arten von Fl\u00fcssiggastanks: Fl\u00fcssiggaslagerbeh\u00e4lter gibt es in den verschiedensten Gr\u00f6\u00dfen. F\u00fcr Endverbraucher interessant sind lediglich...\" \/>\n<meta property=\"og:url\" content=\"https:\/\/gasgenial.de\/fluessiggas\/fluessiggastanks\" \/>\n<meta property=\"og:site_name\" content=\"Gasgenial - Fl\u00fcssiggas g\u00fcnstig kaufen\" \/>\n<meta name=\"twitter:card\" content=\"summary_large_image\" \/>\n<meta name=\"twitter:label1\" content=\"Gesch\u00e4tzte Lesezeit\" \/>\n\t<meta name=\"twitter:data1\" content=\"2\u00a0Minuten\" \/>\n<script type=\"application\/ld+json\" class=\"yoast-schema-graph\">{\"@context\":\"https:\/\/schema.org\",\"@graph\":[{\"@type\":\"WebPage\",\"@id\":\"https:\/\/gasgenial.de\/fluessiggas\/fluessiggastanks\",\"url\":\"https:\/\/gasgenial.de\/fluessiggas\/fluessiggastanks\",\"name\":\"Fl\u00fcssiggastanks - Gasgenial - Fl\u00fcssiggas g\u00fcnstig kaufen\",\"isPartOf\":{\"@id\":\"https:\/\/gasgenial.de\/fluessiggas\/#website\"},\"datePublished\":\"2017-06-07T09:26:22+00:00\",\"breadcrumb\":{\"@id\":\"https:\/\/gasgenial.de\/fluessiggas\/fluessiggastanks#breadcrumb\"},\"inLanguage\":\"de\",\"potentialAction\":[{\"@type\":\"ReadAction\",\"target\":[\"https:\/\/gasgenial.de\/fluessiggas\/fluessiggastanks\"]}]},{\"@type\":\"BreadcrumbList\",\"@id\":\"https:\/\/gasgenial.de\/fluessiggas\/fluessiggastanks#breadcrumb\",\"itemListElement\":[{\"@type\":\"ListItem\",\"position\":1,\"name\":\"Startseite\",\"item\":\"https:\/\/gasgenial.de\/fluessiggas\/\"},{\"@type\":\"ListItem\",\"position\":2,\"name\":\"Fl\u00fcssiggastanks\"}]},{\"@type\":\"WebSite\",\"@id\":\"https:\/\/gasgenial.de\/fluessiggas\/#website\",\"url\":\"https:\/\/gasgenial.de\/fluessiggas\/\",\"name\":\"Gasgenial - Fl\u00fcssiggas g\u00fcnstig kaufen\",\"description\":\"Fl\u00fcssiggas und Fl\u00fcssiggastanks f\u00fcr Privat und Gewerbe\",\"potentialAction\":[{\"@type\":\"SearchAction\",\"target\":{\"@type\":\"EntryPoint\",\"urlTemplate\":\"https:\/\/gasgenial.de\/fluessiggas\/?s={search_term_string}\"},\"query-input\":{\"@type\":\"PropertyValueSpecification\",\"valueRequired\":true,\"valueName\":\"search_term_string\"}}],\"inLanguage\":\"de\"}]}<\/script>\n<!-- \/ Yoast SEO plugin. -->","yoast_head_json":{"title":"Fl\u00fcssiggastanks - Gasgenial - Fl\u00fcssiggas g\u00fcnstig kaufen","robots":{"index":"index","follow":"follow","max-snippet":"max-snippet:-1","max-image-preview":"max-image-preview:large","max-video-preview":"max-video-preview:-1"},"canonical":"https:\/\/gasgenial.de\/fluessiggas\/fluessiggastanks","og_locale":"de_DE","og_type":"article","og_title":"Fl\u00fcssiggastanks - Gasgenial - Fl\u00fcssiggas g\u00fcnstig kaufen","og_description":"Arten von Fl\u00fcssiggastanks: Fl\u00fcssiggaslagerbeh\u00e4lter gibt es in den verschiedensten Gr\u00f6\u00dfen. F\u00fcr Endverbraucher interessant sind lediglich...","og_url":"https:\/\/gasgenial.de\/fluessiggas\/fluessiggastanks","og_site_name":"Gasgenial - Fl\u00fcssiggas g\u00fcnstig kaufen","twitter_card":"summary_large_image","twitter_misc":{"Gesch\u00e4tzte Lesezeit":"2\u00a0Minuten"},"schema":{"@context":"https:\/\/schema.org","@graph":[{"@type":"WebPage","@id":"https:\/\/gasgenial.de\/fluessiggas\/fluessiggastanks","url":"https:\/\/gasgenial.de\/fluessiggas\/fluessiggastanks","name":"Fl\u00fcssiggastanks - Gasgenial - Fl\u00fcssiggas g\u00fcnstig kaufen","isPartOf":{"@id":"https:\/\/gasgenial.de\/fluessiggas\/#website"},"datePublished":"2017-06-07T09:26:22+00:00","breadcrumb":{"@id":"https:\/\/gasgenial.de\/fluessiggas\/fluessiggastanks#breadcrumb"},"inLanguage":"de","potentialAction":[{"@type":"ReadAction","target":["https:\/\/gasgenial.de\/fluessiggas\/fluessiggastanks"]}]},{"@type":"BreadcrumbList","@id":"https:\/\/gasgenial.de\/fluessiggas\/fluessiggastanks#breadcrumb","itemListElement":[{"@type":"ListItem","position":1,"name":"Startseite","item":"https:\/\/gasgenial.de\/fluessiggas\/"},{"@type":"ListItem","position":2,"name":"Fl\u00fcssiggastanks"}]},{"@type":"WebSite","@id":"https:\/\/gasgenial.de\/fluessiggas\/#website","url":"https:\/\/gasgenial.de\/fluessiggas\/","name":"Gasgenial - Fl\u00fcssiggas g\u00fcnstig kaufen","description":"Fl\u00fcssiggas und Fl\u00fcssiggastanks f\u00fcr Privat und Gewerbe","potentialAction":[{"@type":"SearchAction","target":{"@type":"EntryPoint","urlTemplate":"https:\/\/gasgenial.de\/fluessiggas\/?s={search_term_string}"},"query-input":{"@type":"PropertyValueSpecification","valueRequired":true,"valueName":"search_term_string"}}],"inLanguage":"de"}]}},"_links":{"self":[{"href":"https:\/\/gasgenial.de\/fluessiggas\/wp-json\/wp\/v2\/pages\/9702","targetHints":{"allow":["GET"]}}],"collection":[{"href":"https:\/\/gasgenial.de\/fluessiggas\/wp-json\/wp\/v2\/pages"}],"about":[{"href":"https:\/\/gasgenial.de\/fluessiggas\/wp-json\/wp\/v2\/types\/page"}],"author":[{"embeddable":true,"href":"https:\/\/gasgenial.de\/fluessiggas\/wp-json\/wp\/v2\/users\/2"}],"replies":[{"embeddable":true,"href":"https:\/\/gasgenial.de\/fluessiggas\/wp-json\/wp\/v2\/comments?post=9702"}],"version-history":[{"count":0,"href":"https:\/\/gasgenial.de\/fluessiggas\/wp-json\/wp\/v2\/pages\/9702\/revisions"}],"wp:attachment":[{"href":"https:\/\/gasgenial.de\/fluessiggas\/wp-json\/wp\/v2\/media?parent=9702"}],"curies":[{"name":"wp","href":"https:\/\/api.w.org\/{rel}","templated":true}]}}