{"id":9692,"date":"2017-06-07T11:19:27","date_gmt":"2017-06-07T09:19:27","guid":{"rendered":"http:\/\/gasgenial.de\/fluessiggas\/?page_id=9692"},"modified":"2017-06-07T11:19:27","modified_gmt":"2017-06-07T09:19:27","slug":"explosionsschutz","status":"publish","type":"page","link":"https:\/\/gasgenial.de\/fluessiggas\/explosionsschutz","title":{"rendered":"Explosionsschutz"},"content":{"rendered":"<p>Um die Sicherheit Ihrer Fl\u00fcssiggasanlage zu gew\u00e4hrleisten, muss ein ausreichender Sicherheitsabstand zwischen dem Tank und anderen Geb\u00e4uden gegeben sein.<\/p>\n<p>Dadurch soll verhindert werden, dass sich durch betriebsbedingte Gasaustritte (z.B. w\u00e4hrend der Bef\u00fcllung) explosive Luft-Gasgemische bilden. Ein solcher Bereich wird mit Warnzeichen, die am Tank angebracht sind, gekennzeichnet. Zus\u00e4tzlich sollte ein 6KG Feuerl\u00f6scher der Klasse ABC, in der N\u00e4he des Tanks, zur Verf\u00fcgung stehen. Dieser ist regelm\u00e4\u00dfig auf die Funktionst\u00fcchtigkeit zu \u00fcberpr\u00fcfen und Betriebsbereit zu halten. F\u00fcr Oberirdische Gasbeh\u00e4lter gilt ein Mindestabstand von 3m, gemessen von der Armaturenanordnung. In diesem Umkreis darf der Gastank an nicht mehr als zwei Seiten von Mauern, anderen Geb\u00e4uden u. \u00e4. eingeschr\u00e4nkt sein. Im Schutzbereich d\u00fcrfen sich keine ungesch\u00fctzten \u00d6ffnungen wie z.B. Kan\u00e4le, Luftsch\u00e4chte, Keller o. \u00e4. befinden. Vorhandene \u00d6ffnungen m\u00fcssen ordnungsgem\u00e4\u00df Verschlossen oder abgedeckt werden, da sich das Gas sonst in diesen ansammelt.<\/p>\n","protected":false},"excerpt":{"rendered":"<p>Um die Sicherheit Ihrer Fl\u00fcssiggasanlage zu gew\u00e4hrleisten, muss ein ausreichender Sicherheitsabstand zwischen dem Tank und&#8230;<\/p>\n","protected":false},"author":2,"featured_media":0,"parent":0,"menu_order":0,"comment_status":"open","ping_status":"open","template":"","meta":{"footnotes":""},"class_list":["post-9692","page","type-page","status-publish","hentry"],"yoast_head":"<!-- This site is optimized with the Yoast SEO plugin v26.2 - https:\/\/yoast.com\/wordpress\/plugins\/seo\/ -->\n<title>Explosionsschutz - Gasgenial - Fl\u00fcssiggas g\u00fcnstig kaufen<\/title>\n<meta name=\"robots\" content=\"index, follow, max-snippet:-1, max-image-preview:large, max-video-preview:-1\" \/>\n<link rel=\"canonical\" href=\"https:\/\/gasgenial.de\/fluessiggas\/explosionsschutz\" \/>\n<meta property=\"og:locale\" content=\"de_DE\" \/>\n<meta property=\"og:type\" content=\"article\" \/>\n<meta property=\"og:title\" content=\"Explosionsschutz - Gasgenial - Fl\u00fcssiggas g\u00fcnstig kaufen\" \/>\n<meta property=\"og:description\" content=\"Um die Sicherheit Ihrer Fl\u00fcssiggasanlage zu gew\u00e4hrleisten, muss ein ausreichender Sicherheitsabstand zwischen dem Tank und...\" \/>\n<meta property=\"og:url\" content=\"https:\/\/gasgenial.de\/fluessiggas\/explosionsschutz\" \/>\n<meta property=\"og:site_name\" content=\"Gasgenial - Fl\u00fcssiggas g\u00fcnstig kaufen\" \/>\n<meta name=\"twitter:card\" content=\"summary_large_image\" \/>\n<meta name=\"twitter:label1\" content=\"Gesch\u00e4tzte Lesezeit\" \/>\n\t<meta name=\"twitter:data1\" content=\"1\u00a0Minute\" \/>\n<script type=\"application\/ld+json\" class=\"yoast-schema-graph\">{\"@context\":\"https:\/\/schema.org\",\"@graph\":[{\"@type\":\"WebPage\",\"@id\":\"https:\/\/gasgenial.de\/fluessiggas\/explosionsschutz\",\"url\":\"https:\/\/gasgenial.de\/fluessiggas\/explosionsschutz\",\"name\":\"Explosionsschutz - Gasgenial - Fl\u00fcssiggas g\u00fcnstig kaufen\",\"isPartOf\":{\"@id\":\"https:\/\/gasgenial.de\/fluessiggas\/#website\"},\"datePublished\":\"2017-06-07T09:19:27+00:00\",\"breadcrumb\":{\"@id\":\"https:\/\/gasgenial.de\/fluessiggas\/explosionsschutz#breadcrumb\"},\"inLanguage\":\"de\",\"potentialAction\":[{\"@type\":\"ReadAction\",\"target\":[\"https:\/\/gasgenial.de\/fluessiggas\/explosionsschutz\"]}]},{\"@type\":\"BreadcrumbList\",\"@id\":\"https:\/\/gasgenial.de\/fluessiggas\/explosionsschutz#breadcrumb\",\"itemListElement\":[{\"@type\":\"ListItem\",\"position\":1,\"name\":\"Startseite\",\"item\":\"https:\/\/gasgenial.de\/fluessiggas\/\"},{\"@type\":\"ListItem\",\"position\":2,\"name\":\"Explosionsschutz\"}]},{\"@type\":\"WebSite\",\"@id\":\"https:\/\/gasgenial.de\/fluessiggas\/#website\",\"url\":\"https:\/\/gasgenial.de\/fluessiggas\/\",\"name\":\"Gasgenial - Fl\u00fcssiggas g\u00fcnstig kaufen\",\"description\":\"Fl\u00fcssiggas und Fl\u00fcssiggastanks f\u00fcr Privat und Gewerbe\",\"potentialAction\":[{\"@type\":\"SearchAction\",\"target\":{\"@type\":\"EntryPoint\",\"urlTemplate\":\"https:\/\/gasgenial.de\/fluessiggas\/?s={search_term_string}\"},\"query-input\":{\"@type\":\"PropertyValueSpecification\",\"valueRequired\":true,\"valueName\":\"search_term_string\"}}],\"inLanguage\":\"de\"}]}<\/script>\n<!-- \/ Yoast SEO plugin. -->","yoast_head_json":{"title":"Explosionsschutz - Gasgenial - Fl\u00fcssiggas g\u00fcnstig kaufen","robots":{"index":"index","follow":"follow","max-snippet":"max-snippet:-1","max-image-preview":"max-image-preview:large","max-video-preview":"max-video-preview:-1"},"canonical":"https:\/\/gasgenial.de\/fluessiggas\/explosionsschutz","og_locale":"de_DE","og_type":"article","og_title":"Explosionsschutz - Gasgenial - Fl\u00fcssiggas g\u00fcnstig kaufen","og_description":"Um die Sicherheit Ihrer Fl\u00fcssiggasanlage zu gew\u00e4hrleisten, muss ein ausreichender Sicherheitsabstand zwischen dem Tank und...","og_url":"https:\/\/gasgenial.de\/fluessiggas\/explosionsschutz","og_site_name":"Gasgenial - Fl\u00fcssiggas g\u00fcnstig kaufen","twitter_card":"summary_large_image","twitter_misc":{"Gesch\u00e4tzte Lesezeit":"1\u00a0Minute"},"schema":{"@context":"https:\/\/schema.org","@graph":[{"@type":"WebPage","@id":"https:\/\/gasgenial.de\/fluessiggas\/explosionsschutz","url":"https:\/\/gasgenial.de\/fluessiggas\/explosionsschutz","name":"Explosionsschutz - Gasgenial - Fl\u00fcssiggas g\u00fcnstig kaufen","isPartOf":{"@id":"https:\/\/gasgenial.de\/fluessiggas\/#website"},"datePublished":"2017-06-07T09:19:27+00:00","breadcrumb":{"@id":"https:\/\/gasgenial.de\/fluessiggas\/explosionsschutz#breadcrumb"},"inLanguage":"de","potentialAction":[{"@type":"ReadAction","target":["https:\/\/gasgenial.de\/fluessiggas\/explosionsschutz"]}]},{"@type":"BreadcrumbList","@id":"https:\/\/gasgenial.de\/fluessiggas\/explosionsschutz#breadcrumb","itemListElement":[{"@type":"ListItem","position":1,"name":"Startseite","item":"https:\/\/gasgenial.de\/fluessiggas\/"},{"@type":"ListItem","position":2,"name":"Explosionsschutz"}]},{"@type":"WebSite","@id":"https:\/\/gasgenial.de\/fluessiggas\/#website","url":"https:\/\/gasgenial.de\/fluessiggas\/","name":"Gasgenial - Fl\u00fcssiggas g\u00fcnstig kaufen","description":"Fl\u00fcssiggas und Fl\u00fcssiggastanks f\u00fcr Privat und Gewerbe","potentialAction":[{"@type":"SearchAction","target":{"@type":"EntryPoint","urlTemplate":"https:\/\/gasgenial.de\/fluessiggas\/?s={search_term_string}"},"query-input":{"@type":"PropertyValueSpecification","valueRequired":true,"valueName":"search_term_string"}}],"inLanguage":"de"}]}},"_links":{"self":[{"href":"https:\/\/gasgenial.de\/fluessiggas\/wp-json\/wp\/v2\/pages\/9692","targetHints":{"allow":["GET"]}}],"collection":[{"href":"https:\/\/gasgenial.de\/fluessiggas\/wp-json\/wp\/v2\/pages"}],"about":[{"href":"https:\/\/gasgenial.de\/fluessiggas\/wp-json\/wp\/v2\/types\/page"}],"author":[{"embeddable":true,"href":"https:\/\/gasgenial.de\/fluessiggas\/wp-json\/wp\/v2\/users\/2"}],"replies":[{"embeddable":true,"href":"https:\/\/gasgenial.de\/fluessiggas\/wp-json\/wp\/v2\/comments?post=9692"}],"version-history":[{"count":0,"href":"https:\/\/gasgenial.de\/fluessiggas\/wp-json\/wp\/v2\/pages\/9692\/revisions"}],"wp:attachment":[{"href":"https:\/\/gasgenial.de\/fluessiggas\/wp-json\/wp\/v2\/media?parent=9692"}],"curies":[{"name":"wp","href":"https:\/\/api.w.org\/{rel}","templated":true}]}}