{"id":9690,"date":"2017-06-07T11:18:48","date_gmt":"2017-06-07T09:18:48","guid":{"rendered":"http:\/\/gasgenial.de\/fluessiggas\/?page_id=9690"},"modified":"2017-06-07T11:18:48","modified_gmt":"2017-06-07T09:18:48","slug":"explosionsgefaehrdeter-bereich","status":"publish","type":"page","link":"https:\/\/gasgenial.de\/fluessiggas\/explosionsgefaehrdeter-bereich","title":{"rendered":"Explosionsgef\u00e4hrdeter Bereich"},"content":{"rendered":"<p>Um die Sicherheit Ihrer Fl\u00fcssiggasanlage zu gew\u00e4hrleisten, muss ein ausreichender Sicherheitsabstand zwischen dem Tank und anderen Geb\u00e4uden gegeben sein.<br \/>\nEin solcher Bereich wird mit Warnzeichen, die am Tank angebracht sind, gekennzeichnet. F\u00fcr Oberirdische Gasbeh\u00e4lter gilt ein Mindestabstand von 3m, gemessen von der Armaturenanordnung. In diesem Umkreis darf der Gastank an nicht mehr als von zwei Seiten von Mauern, anderen Geb\u00e4uden u. \u00e4. eingeschr\u00e4nkt sein. Andernfalls muss f\u00fcr eine zus\u00e4tzliche Bel\u00fcftung gesorgt werden.<\/p>\n<p>Im Schutzbereich d\u00fcrfen sich keine ungesch\u00fctzten \u00d6ffnungen wie z.B. Kan\u00e4le, Luftsch\u00e4chte, Keller o. \u00e4. befinden. Da Fl\u00fcssiggas schwerer als Luft ist, w\u00fcrde es sich dort ansammeln. Daher m\u00fcssen vorhandene \u00d6ffnungen ordnungsgem\u00e4\u00df Verschlossen oder abgedeckt werden. Es d\u00fcrfen keine anderen leicht entz\u00fcndlichen oder explosionsf\u00e4hige Stoffe in diesem Bereich gelagert werden. Eventuell vorhandene Z\u00fcndquellen m\u00fcssen ebenso entfernt werden.<\/p>\n<p>Bei Unterirdischen Tanks sind die Vorschriften weniger streng. Da der Tank vollst\u00e4ndig unter der Erde liegt, geht die einzige Gefahr vom Domschacht aus. Bei der Bef\u00fcllung oder bei einem Leck kann sich dort ebenfalls Gas ansammeln. Bei Unterirdischen Tanks muss ein Mindestabstand von 0,80m zu unterirdischen Kabeln, fremden Leitungen oder Geb\u00e4udefundamenten gew\u00e4hrleistet sein.<\/p>\n","protected":false},"excerpt":{"rendered":"<p>Um die Sicherheit Ihrer Fl\u00fcssiggasanlage zu gew\u00e4hrleisten, muss ein ausreichender Sicherheitsabstand zwischen dem Tank und&#8230;<\/p>\n","protected":false},"author":2,"featured_media":0,"parent":0,"menu_order":0,"comment_status":"open","ping_status":"open","template":"","meta":{"footnotes":""},"class_list":["post-9690","page","type-page","status-publish","hentry"],"yoast_head":"<!-- This site is optimized with the Yoast SEO plugin v26.2 - https:\/\/yoast.com\/wordpress\/plugins\/seo\/ -->\n<title>Explosionsgef\u00e4hrdeter Bereich - Gasgenial - Fl\u00fcssiggas g\u00fcnstig kaufen<\/title>\n<meta name=\"robots\" content=\"index, follow, max-snippet:-1, max-image-preview:large, max-video-preview:-1\" \/>\n<link rel=\"canonical\" href=\"https:\/\/gasgenial.de\/fluessiggas\/explosionsgefaehrdeter-bereich\" \/>\n<meta property=\"og:locale\" content=\"de_DE\" \/>\n<meta property=\"og:type\" content=\"article\" \/>\n<meta property=\"og:title\" content=\"Explosionsgef\u00e4hrdeter Bereich - Gasgenial - Fl\u00fcssiggas g\u00fcnstig kaufen\" \/>\n<meta property=\"og:description\" content=\"Um die Sicherheit Ihrer Fl\u00fcssiggasanlage zu gew\u00e4hrleisten, muss ein ausreichender Sicherheitsabstand zwischen dem Tank und...\" \/>\n<meta property=\"og:url\" content=\"https:\/\/gasgenial.de\/fluessiggas\/explosionsgefaehrdeter-bereich\" \/>\n<meta property=\"og:site_name\" content=\"Gasgenial - Fl\u00fcssiggas g\u00fcnstig kaufen\" \/>\n<meta name=\"twitter:card\" content=\"summary_large_image\" \/>\n<meta name=\"twitter:label1\" content=\"Gesch\u00e4tzte Lesezeit\" \/>\n\t<meta name=\"twitter:data1\" content=\"1\u00a0Minute\" \/>\n<script type=\"application\/ld+json\" class=\"yoast-schema-graph\">{\"@context\":\"https:\/\/schema.org\",\"@graph\":[{\"@type\":\"WebPage\",\"@id\":\"https:\/\/gasgenial.de\/fluessiggas\/explosionsgefaehrdeter-bereich\",\"url\":\"https:\/\/gasgenial.de\/fluessiggas\/explosionsgefaehrdeter-bereich\",\"name\":\"Explosionsgef\u00e4hrdeter Bereich - Gasgenial - Fl\u00fcssiggas g\u00fcnstig kaufen\",\"isPartOf\":{\"@id\":\"https:\/\/gasgenial.de\/fluessiggas\/#website\"},\"datePublished\":\"2017-06-07T09:18:48+00:00\",\"breadcrumb\":{\"@id\":\"https:\/\/gasgenial.de\/fluessiggas\/explosionsgefaehrdeter-bereich#breadcrumb\"},\"inLanguage\":\"de\",\"potentialAction\":[{\"@type\":\"ReadAction\",\"target\":[\"https:\/\/gasgenial.de\/fluessiggas\/explosionsgefaehrdeter-bereich\"]}]},{\"@type\":\"BreadcrumbList\",\"@id\":\"https:\/\/gasgenial.de\/fluessiggas\/explosionsgefaehrdeter-bereich#breadcrumb\",\"itemListElement\":[{\"@type\":\"ListItem\",\"position\":1,\"name\":\"Startseite\",\"item\":\"https:\/\/gasgenial.de\/fluessiggas\/\"},{\"@type\":\"ListItem\",\"position\":2,\"name\":\"Explosionsgef\u00e4hrdeter Bereich\"}]},{\"@type\":\"WebSite\",\"@id\":\"https:\/\/gasgenial.de\/fluessiggas\/#website\",\"url\":\"https:\/\/gasgenial.de\/fluessiggas\/\",\"name\":\"Gasgenial - Fl\u00fcssiggas g\u00fcnstig kaufen\",\"description\":\"Fl\u00fcssiggas und Fl\u00fcssiggastanks f\u00fcr Privat und Gewerbe\",\"potentialAction\":[{\"@type\":\"SearchAction\",\"target\":{\"@type\":\"EntryPoint\",\"urlTemplate\":\"https:\/\/gasgenial.de\/fluessiggas\/?s={search_term_string}\"},\"query-input\":{\"@type\":\"PropertyValueSpecification\",\"valueRequired\":true,\"valueName\":\"search_term_string\"}}],\"inLanguage\":\"de\"}]}<\/script>\n<!-- \/ Yoast SEO plugin. -->","yoast_head_json":{"title":"Explosionsgef\u00e4hrdeter Bereich - Gasgenial - Fl\u00fcssiggas g\u00fcnstig kaufen","robots":{"index":"index","follow":"follow","max-snippet":"max-snippet:-1","max-image-preview":"max-image-preview:large","max-video-preview":"max-video-preview:-1"},"canonical":"https:\/\/gasgenial.de\/fluessiggas\/explosionsgefaehrdeter-bereich","og_locale":"de_DE","og_type":"article","og_title":"Explosionsgef\u00e4hrdeter Bereich - Gasgenial - Fl\u00fcssiggas g\u00fcnstig kaufen","og_description":"Um die Sicherheit Ihrer Fl\u00fcssiggasanlage zu gew\u00e4hrleisten, muss ein ausreichender Sicherheitsabstand zwischen dem Tank und...","og_url":"https:\/\/gasgenial.de\/fluessiggas\/explosionsgefaehrdeter-bereich","og_site_name":"Gasgenial - Fl\u00fcssiggas g\u00fcnstig kaufen","twitter_card":"summary_large_image","twitter_misc":{"Gesch\u00e4tzte Lesezeit":"1\u00a0Minute"},"schema":{"@context":"https:\/\/schema.org","@graph":[{"@type":"WebPage","@id":"https:\/\/gasgenial.de\/fluessiggas\/explosionsgefaehrdeter-bereich","url":"https:\/\/gasgenial.de\/fluessiggas\/explosionsgefaehrdeter-bereich","name":"Explosionsgef\u00e4hrdeter Bereich - Gasgenial - Fl\u00fcssiggas g\u00fcnstig kaufen","isPartOf":{"@id":"https:\/\/gasgenial.de\/fluessiggas\/#website"},"datePublished":"2017-06-07T09:18:48+00:00","breadcrumb":{"@id":"https:\/\/gasgenial.de\/fluessiggas\/explosionsgefaehrdeter-bereich#breadcrumb"},"inLanguage":"de","potentialAction":[{"@type":"ReadAction","target":["https:\/\/gasgenial.de\/fluessiggas\/explosionsgefaehrdeter-bereich"]}]},{"@type":"BreadcrumbList","@id":"https:\/\/gasgenial.de\/fluessiggas\/explosionsgefaehrdeter-bereich#breadcrumb","itemListElement":[{"@type":"ListItem","position":1,"name":"Startseite","item":"https:\/\/gasgenial.de\/fluessiggas\/"},{"@type":"ListItem","position":2,"name":"Explosionsgef\u00e4hrdeter Bereich"}]},{"@type":"WebSite","@id":"https:\/\/gasgenial.de\/fluessiggas\/#website","url":"https:\/\/gasgenial.de\/fluessiggas\/","name":"Gasgenial - Fl\u00fcssiggas g\u00fcnstig kaufen","description":"Fl\u00fcssiggas und Fl\u00fcssiggastanks f\u00fcr Privat und Gewerbe","potentialAction":[{"@type":"SearchAction","target":{"@type":"EntryPoint","urlTemplate":"https:\/\/gasgenial.de\/fluessiggas\/?s={search_term_string}"},"query-input":{"@type":"PropertyValueSpecification","valueRequired":true,"valueName":"search_term_string"}}],"inLanguage":"de"}]}},"_links":{"self":[{"href":"https:\/\/gasgenial.de\/fluessiggas\/wp-json\/wp\/v2\/pages\/9690","targetHints":{"allow":["GET"]}}],"collection":[{"href":"https:\/\/gasgenial.de\/fluessiggas\/wp-json\/wp\/v2\/pages"}],"about":[{"href":"https:\/\/gasgenial.de\/fluessiggas\/wp-json\/wp\/v2\/types\/page"}],"author":[{"embeddable":true,"href":"https:\/\/gasgenial.de\/fluessiggas\/wp-json\/wp\/v2\/users\/2"}],"replies":[{"embeddable":true,"href":"https:\/\/gasgenial.de\/fluessiggas\/wp-json\/wp\/v2\/comments?post=9690"}],"version-history":[{"count":0,"href":"https:\/\/gasgenial.de\/fluessiggas\/wp-json\/wp\/v2\/pages\/9690\/revisions"}],"wp:attachment":[{"href":"https:\/\/gasgenial.de\/fluessiggas\/wp-json\/wp\/v2\/media?parent=9690"}],"curies":[{"name":"wp","href":"https:\/\/api.w.org\/{rel}","templated":true}]}}