{"id":9678,"date":"2017-06-07T11:11:47","date_gmt":"2017-06-07T09:11:47","guid":{"rendered":"http:\/\/gasgenial.de\/fluessiggas\/?page_id=9678"},"modified":"2017-06-07T11:11:47","modified_gmt":"2017-06-07T09:11:47","slug":"energieeinsparung","status":"publish","type":"page","link":"https:\/\/gasgenial.de\/fluessiggas\/energieeinsparung","title":{"rendered":"Energieeinsparung"},"content":{"rendered":"<p>Energieeinsparung ist der \u00dcberbegriff f\u00fcr alle Methoden weniger Energie zu verbrauchen. Somit kann die Umweltbelastung reduziert werden und gleichzeitig Geld gespart werden.<\/p>\n<p>Im Haushalt ist die Heizungsanlage mit \u00fcber 80% der gr\u00f6\u00dfte Verbraucher von Energie. Hier liegt also das gr\u00f6\u00dfte Potenzial Geld zu sparen. Dabei bewirkt die Senkung der Raumtemperatur um nur 1 Grad eine Brennstoff- und Heizkostenersparnis von ca. 6%. Nachts sollte man die Raumtemperatur um ca. 5 Grad mindern. Wenn die Heizk\u00f6rper nicht mehr richtig hei\u00df werden, kann es unter anderem daran liegen, dass sich Luft im Heizk\u00f6rper befindet. Dann einfach das Entl\u00fcftungsventil \u00f6ffnen und erst wieder schlie\u00dfen sobald Wasser austritt.<\/p>\n<p>Ein weiterer Faktor, der oft untersch\u00e4tzt wird, ist die Gr\u00f6\u00dfe des Heizkessels. Speziell bei \u00e4lteren Anlagen ist \u00f6fters der Heizkessel von der Heizleistung her zu gro\u00df ausgelegt und erreicht somit niedrigere Wirkungsgrade. Durch die richtige Auslegung des Heizkessels kann somit Energie eingespart werden.<\/p>\n","protected":false},"excerpt":{"rendered":"<p>Energieeinsparung ist der \u00dcberbegriff f\u00fcr alle Methoden weniger Energie zu verbrauchen. Somit kann die Umweltbelastung&#8230;<\/p>\n","protected":false},"author":2,"featured_media":0,"parent":0,"menu_order":0,"comment_status":"open","ping_status":"open","template":"","meta":{"footnotes":""},"class_list":["post-9678","page","type-page","status-publish","hentry"],"yoast_head":"<!-- This site is optimized with the Yoast SEO plugin v26.2 - https:\/\/yoast.com\/wordpress\/plugins\/seo\/ -->\n<title>Energieeinsparung - Gasgenial - Fl\u00fcssiggas g\u00fcnstig kaufen<\/title>\n<meta name=\"robots\" content=\"index, follow, max-snippet:-1, max-image-preview:large, max-video-preview:-1\" \/>\n<link rel=\"canonical\" href=\"https:\/\/gasgenial.de\/fluessiggas\/energieeinsparung\" \/>\n<meta property=\"og:locale\" content=\"de_DE\" \/>\n<meta property=\"og:type\" content=\"article\" \/>\n<meta property=\"og:title\" content=\"Energieeinsparung - Gasgenial - Fl\u00fcssiggas g\u00fcnstig kaufen\" \/>\n<meta property=\"og:description\" content=\"Energieeinsparung ist der \u00dcberbegriff f\u00fcr alle Methoden weniger Energie zu verbrauchen. Somit kann die Umweltbelastung...\" \/>\n<meta property=\"og:url\" content=\"https:\/\/gasgenial.de\/fluessiggas\/energieeinsparung\" \/>\n<meta property=\"og:site_name\" content=\"Gasgenial - Fl\u00fcssiggas g\u00fcnstig kaufen\" \/>\n<meta name=\"twitter:card\" content=\"summary_large_image\" \/>\n<meta name=\"twitter:label1\" content=\"Gesch\u00e4tzte Lesezeit\" \/>\n\t<meta name=\"twitter:data1\" content=\"1\u00a0Minute\" \/>\n<script type=\"application\/ld+json\" class=\"yoast-schema-graph\">{\"@context\":\"https:\/\/schema.org\",\"@graph\":[{\"@type\":\"WebPage\",\"@id\":\"https:\/\/gasgenial.de\/fluessiggas\/energieeinsparung\",\"url\":\"https:\/\/gasgenial.de\/fluessiggas\/energieeinsparung\",\"name\":\"Energieeinsparung - Gasgenial - Fl\u00fcssiggas g\u00fcnstig kaufen\",\"isPartOf\":{\"@id\":\"https:\/\/gasgenial.de\/fluessiggas\/#website\"},\"datePublished\":\"2017-06-07T09:11:47+00:00\",\"breadcrumb\":{\"@id\":\"https:\/\/gasgenial.de\/fluessiggas\/energieeinsparung#breadcrumb\"},\"inLanguage\":\"de\",\"potentialAction\":[{\"@type\":\"ReadAction\",\"target\":[\"https:\/\/gasgenial.de\/fluessiggas\/energieeinsparung\"]}]},{\"@type\":\"BreadcrumbList\",\"@id\":\"https:\/\/gasgenial.de\/fluessiggas\/energieeinsparung#breadcrumb\",\"itemListElement\":[{\"@type\":\"ListItem\",\"position\":1,\"name\":\"Startseite\",\"item\":\"https:\/\/gasgenial.de\/fluessiggas\/\"},{\"@type\":\"ListItem\",\"position\":2,\"name\":\"Energieeinsparung\"}]},{\"@type\":\"WebSite\",\"@id\":\"https:\/\/gasgenial.de\/fluessiggas\/#website\",\"url\":\"https:\/\/gasgenial.de\/fluessiggas\/\",\"name\":\"Gasgenial - Fl\u00fcssiggas g\u00fcnstig kaufen\",\"description\":\"Fl\u00fcssiggas und Fl\u00fcssiggastanks f\u00fcr Privat und Gewerbe\",\"potentialAction\":[{\"@type\":\"SearchAction\",\"target\":{\"@type\":\"EntryPoint\",\"urlTemplate\":\"https:\/\/gasgenial.de\/fluessiggas\/?s={search_term_string}\"},\"query-input\":{\"@type\":\"PropertyValueSpecification\",\"valueRequired\":true,\"valueName\":\"search_term_string\"}}],\"inLanguage\":\"de\"}]}<\/script>\n<!-- \/ Yoast SEO plugin. -->","yoast_head_json":{"title":"Energieeinsparung - Gasgenial - Fl\u00fcssiggas g\u00fcnstig kaufen","robots":{"index":"index","follow":"follow","max-snippet":"max-snippet:-1","max-image-preview":"max-image-preview:large","max-video-preview":"max-video-preview:-1"},"canonical":"https:\/\/gasgenial.de\/fluessiggas\/energieeinsparung","og_locale":"de_DE","og_type":"article","og_title":"Energieeinsparung - Gasgenial - Fl\u00fcssiggas g\u00fcnstig kaufen","og_description":"Energieeinsparung ist der \u00dcberbegriff f\u00fcr alle Methoden weniger Energie zu verbrauchen. Somit kann die Umweltbelastung...","og_url":"https:\/\/gasgenial.de\/fluessiggas\/energieeinsparung","og_site_name":"Gasgenial - Fl\u00fcssiggas g\u00fcnstig kaufen","twitter_card":"summary_large_image","twitter_misc":{"Gesch\u00e4tzte Lesezeit":"1\u00a0Minute"},"schema":{"@context":"https:\/\/schema.org","@graph":[{"@type":"WebPage","@id":"https:\/\/gasgenial.de\/fluessiggas\/energieeinsparung","url":"https:\/\/gasgenial.de\/fluessiggas\/energieeinsparung","name":"Energieeinsparung - Gasgenial - Fl\u00fcssiggas g\u00fcnstig kaufen","isPartOf":{"@id":"https:\/\/gasgenial.de\/fluessiggas\/#website"},"datePublished":"2017-06-07T09:11:47+00:00","breadcrumb":{"@id":"https:\/\/gasgenial.de\/fluessiggas\/energieeinsparung#breadcrumb"},"inLanguage":"de","potentialAction":[{"@type":"ReadAction","target":["https:\/\/gasgenial.de\/fluessiggas\/energieeinsparung"]}]},{"@type":"BreadcrumbList","@id":"https:\/\/gasgenial.de\/fluessiggas\/energieeinsparung#breadcrumb","itemListElement":[{"@type":"ListItem","position":1,"name":"Startseite","item":"https:\/\/gasgenial.de\/fluessiggas\/"},{"@type":"ListItem","position":2,"name":"Energieeinsparung"}]},{"@type":"WebSite","@id":"https:\/\/gasgenial.de\/fluessiggas\/#website","url":"https:\/\/gasgenial.de\/fluessiggas\/","name":"Gasgenial - Fl\u00fcssiggas g\u00fcnstig kaufen","description":"Fl\u00fcssiggas und Fl\u00fcssiggastanks f\u00fcr Privat und Gewerbe","potentialAction":[{"@type":"SearchAction","target":{"@type":"EntryPoint","urlTemplate":"https:\/\/gasgenial.de\/fluessiggas\/?s={search_term_string}"},"query-input":{"@type":"PropertyValueSpecification","valueRequired":true,"valueName":"search_term_string"}}],"inLanguage":"de"}]}},"_links":{"self":[{"href":"https:\/\/gasgenial.de\/fluessiggas\/wp-json\/wp\/v2\/pages\/9678","targetHints":{"allow":["GET"]}}],"collection":[{"href":"https:\/\/gasgenial.de\/fluessiggas\/wp-json\/wp\/v2\/pages"}],"about":[{"href":"https:\/\/gasgenial.de\/fluessiggas\/wp-json\/wp\/v2\/types\/page"}],"author":[{"embeddable":true,"href":"https:\/\/gasgenial.de\/fluessiggas\/wp-json\/wp\/v2\/users\/2"}],"replies":[{"embeddable":true,"href":"https:\/\/gasgenial.de\/fluessiggas\/wp-json\/wp\/v2\/comments?post=9678"}],"version-history":[{"count":0,"href":"https:\/\/gasgenial.de\/fluessiggas\/wp-json\/wp\/v2\/pages\/9678\/revisions"}],"wp:attachment":[{"href":"https:\/\/gasgenial.de\/fluessiggas\/wp-json\/wp\/v2\/media?parent=9678"}],"curies":[{"name":"wp","href":"https:\/\/api.w.org\/{rel}","templated":true}]}}