{"id":9647,"date":"2017-06-07T10:58:56","date_gmt":"2017-06-07T08:58:56","guid":{"rendered":"http:\/\/gasgenial.de\/fluessiggas\/?page_id=9647"},"modified":"2017-06-07T10:58:56","modified_gmt":"2017-06-07T08:58:56","slug":"betriebssicherheitsverordnung-betrsichv","status":"publish","type":"page","link":"https:\/\/gasgenial.de\/fluessiggas\/betriebssicherheitsverordnung-betrsichv","title":{"rendered":"Betriebssicherheitsverordnung (BetrSichV)"},"content":{"rendered":"<p>Die Betriebssicherheitsverordnung (BetrSichV) regelt unter anderem den Umgang mit \u00dcberwachungsbed\u00fcrftigen Anlagen wie z.B. dem Fl\u00fcssiggastank.<\/p>\n<p>Die BetrSichV gibt beispielsweise an, welche Pr\u00fcfungen notwendig sind und in welchen Intervallen Sie durchzuf\u00fchren sind. So muss bei Fl\u00fcssiggastanks eine Pr\u00fcfung vor der Inbetriebnahme erfolgen, und die Anlage in regelm\u00e4\u00dfigen Abst\u00e4nden von einer zugelassenen \u00dcberwachungsstelle gepr\u00fcft werden. Die Pr\u00fcffristen belaufen sich bei der \u201e\u00c4u\u00dferen Pr\u00fcfung\u201c auf alle zwei Jahre und bei der \u201eInneren Pr\u00fcfung\u201c und der \u201eRohrleitungspr\u00fcfung\u201c auf alle zehn Jahre.<\/p>\n","protected":false},"excerpt":{"rendered":"<p>Die Betriebssicherheitsverordnung (BetrSichV) regelt unter anderem den Umgang mit \u00dcberwachungsbed\u00fcrftigen Anlagen wie z.B. dem Fl\u00fcssiggastank&#8230;.<\/p>\n","protected":false},"author":2,"featured_media":0,"parent":0,"menu_order":0,"comment_status":"open","ping_status":"open","template":"","meta":{"footnotes":""},"class_list":["post-9647","page","type-page","status-publish","hentry"],"yoast_head":"<!-- This site is optimized with the Yoast SEO plugin v26.2 - https:\/\/yoast.com\/wordpress\/plugins\/seo\/ -->\n<title>Betriebssicherheitsverordnung (BetrSichV) - Gasgenial - Fl\u00fcssiggas g\u00fcnstig kaufen<\/title>\n<meta name=\"robots\" content=\"index, follow, max-snippet:-1, max-image-preview:large, max-video-preview:-1\" \/>\n<link rel=\"canonical\" href=\"https:\/\/gasgenial.de\/fluessiggas\/betriebssicherheitsverordnung-betrsichv\" \/>\n<meta property=\"og:locale\" content=\"de_DE\" \/>\n<meta property=\"og:type\" content=\"article\" \/>\n<meta property=\"og:title\" content=\"Betriebssicherheitsverordnung (BetrSichV) - Gasgenial - Fl\u00fcssiggas g\u00fcnstig kaufen\" \/>\n<meta property=\"og:description\" content=\"Die Betriebssicherheitsverordnung (BetrSichV) regelt unter anderem den Umgang mit \u00dcberwachungsbed\u00fcrftigen Anlagen wie z.B. dem Fl\u00fcssiggastank....\" \/>\n<meta property=\"og:url\" content=\"https:\/\/gasgenial.de\/fluessiggas\/betriebssicherheitsverordnung-betrsichv\" \/>\n<meta property=\"og:site_name\" content=\"Gasgenial - Fl\u00fcssiggas g\u00fcnstig kaufen\" \/>\n<meta name=\"twitter:card\" content=\"summary_large_image\" \/>\n<script type=\"application\/ld+json\" class=\"yoast-schema-graph\">{\"@context\":\"https:\/\/schema.org\",\"@graph\":[{\"@type\":\"WebPage\",\"@id\":\"https:\/\/gasgenial.de\/fluessiggas\/betriebssicherheitsverordnung-betrsichv\",\"url\":\"https:\/\/gasgenial.de\/fluessiggas\/betriebssicherheitsverordnung-betrsichv\",\"name\":\"Betriebssicherheitsverordnung (BetrSichV) - Gasgenial - Fl\u00fcssiggas g\u00fcnstig kaufen\",\"isPartOf\":{\"@id\":\"https:\/\/gasgenial.de\/fluessiggas\/#website\"},\"datePublished\":\"2017-06-07T08:58:56+00:00\",\"breadcrumb\":{\"@id\":\"https:\/\/gasgenial.de\/fluessiggas\/betriebssicherheitsverordnung-betrsichv#breadcrumb\"},\"inLanguage\":\"de\",\"potentialAction\":[{\"@type\":\"ReadAction\",\"target\":[\"https:\/\/gasgenial.de\/fluessiggas\/betriebssicherheitsverordnung-betrsichv\"]}]},{\"@type\":\"BreadcrumbList\",\"@id\":\"https:\/\/gasgenial.de\/fluessiggas\/betriebssicherheitsverordnung-betrsichv#breadcrumb\",\"itemListElement\":[{\"@type\":\"ListItem\",\"position\":1,\"name\":\"Startseite\",\"item\":\"https:\/\/gasgenial.de\/fluessiggas\/\"},{\"@type\":\"ListItem\",\"position\":2,\"name\":\"Betriebssicherheitsverordnung (BetrSichV)\"}]},{\"@type\":\"WebSite\",\"@id\":\"https:\/\/gasgenial.de\/fluessiggas\/#website\",\"url\":\"https:\/\/gasgenial.de\/fluessiggas\/\",\"name\":\"Gasgenial - Fl\u00fcssiggas g\u00fcnstig kaufen\",\"description\":\"Fl\u00fcssiggas und Fl\u00fcssiggastanks f\u00fcr Privat und Gewerbe\",\"potentialAction\":[{\"@type\":\"SearchAction\",\"target\":{\"@type\":\"EntryPoint\",\"urlTemplate\":\"https:\/\/gasgenial.de\/fluessiggas\/?s={search_term_string}\"},\"query-input\":{\"@type\":\"PropertyValueSpecification\",\"valueRequired\":true,\"valueName\":\"search_term_string\"}}],\"inLanguage\":\"de\"}]}<\/script>\n<!-- \/ Yoast SEO plugin. -->","yoast_head_json":{"title":"Betriebssicherheitsverordnung (BetrSichV) - Gasgenial - Fl\u00fcssiggas g\u00fcnstig kaufen","robots":{"index":"index","follow":"follow","max-snippet":"max-snippet:-1","max-image-preview":"max-image-preview:large","max-video-preview":"max-video-preview:-1"},"canonical":"https:\/\/gasgenial.de\/fluessiggas\/betriebssicherheitsverordnung-betrsichv","og_locale":"de_DE","og_type":"article","og_title":"Betriebssicherheitsverordnung (BetrSichV) - Gasgenial - Fl\u00fcssiggas g\u00fcnstig kaufen","og_description":"Die Betriebssicherheitsverordnung (BetrSichV) regelt unter anderem den Umgang mit \u00dcberwachungsbed\u00fcrftigen Anlagen wie z.B. dem Fl\u00fcssiggastank....","og_url":"https:\/\/gasgenial.de\/fluessiggas\/betriebssicherheitsverordnung-betrsichv","og_site_name":"Gasgenial - Fl\u00fcssiggas g\u00fcnstig kaufen","twitter_card":"summary_large_image","schema":{"@context":"https:\/\/schema.org","@graph":[{"@type":"WebPage","@id":"https:\/\/gasgenial.de\/fluessiggas\/betriebssicherheitsverordnung-betrsichv","url":"https:\/\/gasgenial.de\/fluessiggas\/betriebssicherheitsverordnung-betrsichv","name":"Betriebssicherheitsverordnung (BetrSichV) - Gasgenial - Fl\u00fcssiggas g\u00fcnstig kaufen","isPartOf":{"@id":"https:\/\/gasgenial.de\/fluessiggas\/#website"},"datePublished":"2017-06-07T08:58:56+00:00","breadcrumb":{"@id":"https:\/\/gasgenial.de\/fluessiggas\/betriebssicherheitsverordnung-betrsichv#breadcrumb"},"inLanguage":"de","potentialAction":[{"@type":"ReadAction","target":["https:\/\/gasgenial.de\/fluessiggas\/betriebssicherheitsverordnung-betrsichv"]}]},{"@type":"BreadcrumbList","@id":"https:\/\/gasgenial.de\/fluessiggas\/betriebssicherheitsverordnung-betrsichv#breadcrumb","itemListElement":[{"@type":"ListItem","position":1,"name":"Startseite","item":"https:\/\/gasgenial.de\/fluessiggas\/"},{"@type":"ListItem","position":2,"name":"Betriebssicherheitsverordnung (BetrSichV)"}]},{"@type":"WebSite","@id":"https:\/\/gasgenial.de\/fluessiggas\/#website","url":"https:\/\/gasgenial.de\/fluessiggas\/","name":"Gasgenial - Fl\u00fcssiggas g\u00fcnstig kaufen","description":"Fl\u00fcssiggas und Fl\u00fcssiggastanks f\u00fcr Privat und Gewerbe","potentialAction":[{"@type":"SearchAction","target":{"@type":"EntryPoint","urlTemplate":"https:\/\/gasgenial.de\/fluessiggas\/?s={search_term_string}"},"query-input":{"@type":"PropertyValueSpecification","valueRequired":true,"valueName":"search_term_string"}}],"inLanguage":"de"}]}},"_links":{"self":[{"href":"https:\/\/gasgenial.de\/fluessiggas\/wp-json\/wp\/v2\/pages\/9647","targetHints":{"allow":["GET"]}}],"collection":[{"href":"https:\/\/gasgenial.de\/fluessiggas\/wp-json\/wp\/v2\/pages"}],"about":[{"href":"https:\/\/gasgenial.de\/fluessiggas\/wp-json\/wp\/v2\/types\/page"}],"author":[{"embeddable":true,"href":"https:\/\/gasgenial.de\/fluessiggas\/wp-json\/wp\/v2\/users\/2"}],"replies":[{"embeddable":true,"href":"https:\/\/gasgenial.de\/fluessiggas\/wp-json\/wp\/v2\/comments?post=9647"}],"version-history":[{"count":0,"href":"https:\/\/gasgenial.de\/fluessiggas\/wp-json\/wp\/v2\/pages\/9647\/revisions"}],"wp:attachment":[{"href":"https:\/\/gasgenial.de\/fluessiggas\/wp-json\/wp\/v2\/media?parent=9647"}],"curies":[{"name":"wp","href":"https:\/\/api.w.org\/{rel}","templated":true}]}}