{"id":9643,"date":"2017-06-07T10:57:38","date_gmt":"2017-06-07T08:57:38","guid":{"rendered":"http:\/\/gasgenial.de\/fluessiggas\/?page_id=9643"},"modified":"2017-06-07T10:57:38","modified_gmt":"2017-06-07T08:57:38","slug":"behaelterregler","status":"publish","type":"page","link":"https:\/\/gasgenial.de\/fluessiggas\/behaelterregler","title":{"rendered":"Beh\u00e4lterregler"},"content":{"rendered":"<p>Der Beh\u00e4lter- bzw. Druckregler reguliert den Tankdruck (6-8 bar), auf den Anschlussdruck des Verbrauchsger\u00e4ts runter (50mbar), um Sch\u00e4den durch zu hohen Druck zu verhindern.<\/p>\n<p>Er besteht aus dem Sicherheitsabsperrventil (SAV) und einem Sicherheitsabblaseventil (SBV). Steigt der Ausgangsdruck auf \u00fcber 100mbar an, sperrt das SAV sofort die Gaszufuhr.<br \/>\nDas SBV ist eine weitere Sicherheitseinrichtung die einspringt, wenn das SAV nicht ordnungsgem\u00e4\u00df funktioniert. Sollte das SAV nicht richtig schlie\u00dfen, werden automatisch durch das SBV,\u00a0 geringe Mengen Gas abgelassen. Somit wird das Heizungssystem vor zu starkem Druck gesch\u00fctzt und Sch\u00e4den vermieden. F\u00fcr die Installation des Druckreglers ist der Heizungsbauer zust\u00e4ndig.<\/p>\n","protected":false},"excerpt":{"rendered":"<p>Der Beh\u00e4lter- bzw. Druckregler reguliert den Tankdruck (6-8 bar), auf den Anschlussdruck des Verbrauchsger\u00e4ts runter&#8230;<\/p>\n","protected":false},"author":2,"featured_media":0,"parent":0,"menu_order":0,"comment_status":"open","ping_status":"open","template":"","meta":{"footnotes":""},"class_list":["post-9643","page","type-page","status-publish","hentry"],"yoast_head":"<!-- This site is optimized with the Yoast SEO plugin v26.2 - https:\/\/yoast.com\/wordpress\/plugins\/seo\/ -->\n<title>Beh\u00e4lterregler - Gasgenial - Fl\u00fcssiggas g\u00fcnstig kaufen<\/title>\n<meta name=\"robots\" content=\"index, follow, max-snippet:-1, max-image-preview:large, max-video-preview:-1\" \/>\n<link rel=\"canonical\" href=\"https:\/\/gasgenial.de\/fluessiggas\/behaelterregler\" \/>\n<meta property=\"og:locale\" content=\"de_DE\" \/>\n<meta property=\"og:type\" content=\"article\" \/>\n<meta property=\"og:title\" content=\"Beh\u00e4lterregler - Gasgenial - Fl\u00fcssiggas g\u00fcnstig kaufen\" \/>\n<meta property=\"og:description\" content=\"Der Beh\u00e4lter- bzw. Druckregler reguliert den Tankdruck (6-8 bar), auf den Anschlussdruck des Verbrauchsger\u00e4ts runter...\" \/>\n<meta property=\"og:url\" content=\"https:\/\/gasgenial.de\/fluessiggas\/behaelterregler\" \/>\n<meta property=\"og:site_name\" content=\"Gasgenial - Fl\u00fcssiggas g\u00fcnstig kaufen\" \/>\n<meta name=\"twitter:card\" content=\"summary_large_image\" \/>\n<meta name=\"twitter:label1\" content=\"Gesch\u00e4tzte Lesezeit\" \/>\n\t<meta name=\"twitter:data1\" content=\"1\u00a0Minute\" \/>\n<script type=\"application\/ld+json\" class=\"yoast-schema-graph\">{\"@context\":\"https:\/\/schema.org\",\"@graph\":[{\"@type\":\"WebPage\",\"@id\":\"https:\/\/gasgenial.de\/fluessiggas\/behaelterregler\",\"url\":\"https:\/\/gasgenial.de\/fluessiggas\/behaelterregler\",\"name\":\"Beh\u00e4lterregler - Gasgenial - Fl\u00fcssiggas g\u00fcnstig kaufen\",\"isPartOf\":{\"@id\":\"https:\/\/gasgenial.de\/fluessiggas\/#website\"},\"datePublished\":\"2017-06-07T08:57:38+00:00\",\"breadcrumb\":{\"@id\":\"https:\/\/gasgenial.de\/fluessiggas\/behaelterregler#breadcrumb\"},\"inLanguage\":\"de\",\"potentialAction\":[{\"@type\":\"ReadAction\",\"target\":[\"https:\/\/gasgenial.de\/fluessiggas\/behaelterregler\"]}]},{\"@type\":\"BreadcrumbList\",\"@id\":\"https:\/\/gasgenial.de\/fluessiggas\/behaelterregler#breadcrumb\",\"itemListElement\":[{\"@type\":\"ListItem\",\"position\":1,\"name\":\"Startseite\",\"item\":\"https:\/\/gasgenial.de\/fluessiggas\/\"},{\"@type\":\"ListItem\",\"position\":2,\"name\":\"Beh\u00e4lterregler\"}]},{\"@type\":\"WebSite\",\"@id\":\"https:\/\/gasgenial.de\/fluessiggas\/#website\",\"url\":\"https:\/\/gasgenial.de\/fluessiggas\/\",\"name\":\"Gasgenial - Fl\u00fcssiggas g\u00fcnstig kaufen\",\"description\":\"Fl\u00fcssiggas und Fl\u00fcssiggastanks f\u00fcr Privat und Gewerbe\",\"potentialAction\":[{\"@type\":\"SearchAction\",\"target\":{\"@type\":\"EntryPoint\",\"urlTemplate\":\"https:\/\/gasgenial.de\/fluessiggas\/?s={search_term_string}\"},\"query-input\":{\"@type\":\"PropertyValueSpecification\",\"valueRequired\":true,\"valueName\":\"search_term_string\"}}],\"inLanguage\":\"de\"}]}<\/script>\n<!-- \/ Yoast SEO plugin. -->","yoast_head_json":{"title":"Beh\u00e4lterregler - Gasgenial - Fl\u00fcssiggas g\u00fcnstig kaufen","robots":{"index":"index","follow":"follow","max-snippet":"max-snippet:-1","max-image-preview":"max-image-preview:large","max-video-preview":"max-video-preview:-1"},"canonical":"https:\/\/gasgenial.de\/fluessiggas\/behaelterregler","og_locale":"de_DE","og_type":"article","og_title":"Beh\u00e4lterregler - Gasgenial - Fl\u00fcssiggas g\u00fcnstig kaufen","og_description":"Der Beh\u00e4lter- bzw. Druckregler reguliert den Tankdruck (6-8 bar), auf den Anschlussdruck des Verbrauchsger\u00e4ts runter...","og_url":"https:\/\/gasgenial.de\/fluessiggas\/behaelterregler","og_site_name":"Gasgenial - Fl\u00fcssiggas g\u00fcnstig kaufen","twitter_card":"summary_large_image","twitter_misc":{"Gesch\u00e4tzte Lesezeit":"1\u00a0Minute"},"schema":{"@context":"https:\/\/schema.org","@graph":[{"@type":"WebPage","@id":"https:\/\/gasgenial.de\/fluessiggas\/behaelterregler","url":"https:\/\/gasgenial.de\/fluessiggas\/behaelterregler","name":"Beh\u00e4lterregler - Gasgenial - Fl\u00fcssiggas g\u00fcnstig kaufen","isPartOf":{"@id":"https:\/\/gasgenial.de\/fluessiggas\/#website"},"datePublished":"2017-06-07T08:57:38+00:00","breadcrumb":{"@id":"https:\/\/gasgenial.de\/fluessiggas\/behaelterregler#breadcrumb"},"inLanguage":"de","potentialAction":[{"@type":"ReadAction","target":["https:\/\/gasgenial.de\/fluessiggas\/behaelterregler"]}]},{"@type":"BreadcrumbList","@id":"https:\/\/gasgenial.de\/fluessiggas\/behaelterregler#breadcrumb","itemListElement":[{"@type":"ListItem","position":1,"name":"Startseite","item":"https:\/\/gasgenial.de\/fluessiggas\/"},{"@type":"ListItem","position":2,"name":"Beh\u00e4lterregler"}]},{"@type":"WebSite","@id":"https:\/\/gasgenial.de\/fluessiggas\/#website","url":"https:\/\/gasgenial.de\/fluessiggas\/","name":"Gasgenial - Fl\u00fcssiggas g\u00fcnstig kaufen","description":"Fl\u00fcssiggas und Fl\u00fcssiggastanks f\u00fcr Privat und Gewerbe","potentialAction":[{"@type":"SearchAction","target":{"@type":"EntryPoint","urlTemplate":"https:\/\/gasgenial.de\/fluessiggas\/?s={search_term_string}"},"query-input":{"@type":"PropertyValueSpecification","valueRequired":true,"valueName":"search_term_string"}}],"inLanguage":"de"}]}},"_links":{"self":[{"href":"https:\/\/gasgenial.de\/fluessiggas\/wp-json\/wp\/v2\/pages\/9643","targetHints":{"allow":["GET"]}}],"collection":[{"href":"https:\/\/gasgenial.de\/fluessiggas\/wp-json\/wp\/v2\/pages"}],"about":[{"href":"https:\/\/gasgenial.de\/fluessiggas\/wp-json\/wp\/v2\/types\/page"}],"author":[{"embeddable":true,"href":"https:\/\/gasgenial.de\/fluessiggas\/wp-json\/wp\/v2\/users\/2"}],"replies":[{"embeddable":true,"href":"https:\/\/gasgenial.de\/fluessiggas\/wp-json\/wp\/v2\/comments?post=9643"}],"version-history":[{"count":0,"href":"https:\/\/gasgenial.de\/fluessiggas\/wp-json\/wp\/v2\/pages\/9643\/revisions"}],"wp:attachment":[{"href":"https:\/\/gasgenial.de\/fluessiggas\/wp-json\/wp\/v2\/media?parent=9643"}],"curies":[{"name":"wp","href":"https:\/\/api.w.org\/{rel}","templated":true}]}}