{"id":9629,"date":"2017-06-07T10:46:43","date_gmt":"2017-06-07T08:46:43","guid":{"rendered":"http:\/\/gasgenial.de\/fluessiggas\/?page_id=9629"},"modified":"2021-06-30T09:27:39","modified_gmt":"2021-06-30T09:27:39","slug":"abgase","status":"publish","type":"page","link":"https:\/\/gasgenial.de\/fluessiggas\/abgase","title":{"rendered":"Abgase"},"content":{"rendered":"<p>[vc_row][vc_column]<style>.ld_spacer_69e1e7f03ac5c{height:32px;}<\/style>\n<div class=\"ld-empty-space ld_spacer_69e1e7f03ac5c\"><span class=\"liquid_empty_space_inner\"><\/span><\/div>[vc_column_text]Abgase entstehen bei technischen oder chemischen Vorg\u00e4ngen, speziell bei Verbrennungsprozessen. Sie sind gasf\u00f6rmige Abfallprodukte, die meistens nicht mehr nutzbar sind.<br \/>\nBei der Verbrennung von Fl\u00fcssiggas, bleiben dagegen praktisch keine R\u00fcckst\u00e4nde \u00fcbrig. Es entstehen lediglich geringe Mengen Kohlendioxid (CO2), Luftstickstoff und Wasserdampf.[\/vc_column_text]<style>.ld_spacer_69e1e7f03ad23{height:32px;}<\/style>\n<div class=\"ld-empty-space ld_spacer_69e1e7f03ad23\"><span class=\"liquid_empty_space_inner\"><\/span><\/div>[\/vc_column][\/vc_row]<\/p>\n","protected":false},"excerpt":{"rendered":"<p>[vc_row][vc_column][vc_column_text]Abgase entstehen bei technischen oder chemischen Vorg\u00e4ngen, speziell bei Verbrennungsprozessen. Sie sind gasf\u00f6rmige Abfallprodukte, die&#8230;<\/p>\n","protected":false},"author":2,"featured_media":0,"parent":0,"menu_order":0,"comment_status":"closed","ping_status":"closed","template":"","meta":{"footnotes":""},"class_list":["post-9629","page","type-page","status-publish","hentry"],"yoast_head":"<!-- This site is optimized with the Yoast SEO plugin v26.2 - https:\/\/yoast.com\/wordpress\/plugins\/seo\/ -->\n<title>Abgase - Gasgenial - Fl\u00fcssiggas g\u00fcnstig kaufen<\/title>\n<meta name=\"robots\" content=\"index, follow, max-snippet:-1, max-image-preview:large, max-video-preview:-1\" \/>\n<link rel=\"canonical\" href=\"https:\/\/gasgenial.de\/fluessiggas\/abgase\" \/>\n<meta property=\"og:locale\" content=\"de_DE\" \/>\n<meta property=\"og:type\" content=\"article\" \/>\n<meta property=\"og:title\" content=\"Abgase - Gasgenial - Fl\u00fcssiggas g\u00fcnstig kaufen\" \/>\n<meta property=\"og:description\" content=\"[vc_row][vc_column][vc_column_text]Abgase entstehen bei technischen oder chemischen Vorg\u00e4ngen, speziell bei Verbrennungsprozessen. Sie sind gasf\u00f6rmige Abfallprodukte, die...\" \/>\n<meta property=\"og:url\" content=\"https:\/\/gasgenial.de\/fluessiggas\/abgase\" \/>\n<meta property=\"og:site_name\" content=\"Gasgenial - Fl\u00fcssiggas g\u00fcnstig kaufen\" \/>\n<meta property=\"article:modified_time\" content=\"2021-06-30T09:27:39+00:00\" \/>\n<meta name=\"twitter:card\" content=\"summary_large_image\" \/>\n<script type=\"application\/ld+json\" class=\"yoast-schema-graph\">{\"@context\":\"https:\/\/schema.org\",\"@graph\":[{\"@type\":\"WebPage\",\"@id\":\"https:\/\/gasgenial.de\/fluessiggas\/abgase\",\"url\":\"https:\/\/gasgenial.de\/fluessiggas\/abgase\",\"name\":\"Abgase - Gasgenial - Fl\u00fcssiggas g\u00fcnstig kaufen\",\"isPartOf\":{\"@id\":\"https:\/\/gasgenial.de\/fluessiggas\/#website\"},\"datePublished\":\"2017-06-07T08:46:43+00:00\",\"dateModified\":\"2021-06-30T09:27:39+00:00\",\"breadcrumb\":{\"@id\":\"https:\/\/gasgenial.de\/fluessiggas\/abgase#breadcrumb\"},\"inLanguage\":\"de\",\"potentialAction\":[{\"@type\":\"ReadAction\",\"target\":[\"https:\/\/gasgenial.de\/fluessiggas\/abgase\"]}]},{\"@type\":\"BreadcrumbList\",\"@id\":\"https:\/\/gasgenial.de\/fluessiggas\/abgase#breadcrumb\",\"itemListElement\":[{\"@type\":\"ListItem\",\"position\":1,\"name\":\"Startseite\",\"item\":\"https:\/\/gasgenial.de\/fluessiggas\/\"},{\"@type\":\"ListItem\",\"position\":2,\"name\":\"Abgase\"}]},{\"@type\":\"WebSite\",\"@id\":\"https:\/\/gasgenial.de\/fluessiggas\/#website\",\"url\":\"https:\/\/gasgenial.de\/fluessiggas\/\",\"name\":\"Gasgenial - Fl\u00fcssiggas g\u00fcnstig kaufen\",\"description\":\"Fl\u00fcssiggas und Fl\u00fcssiggastanks f\u00fcr Privat und Gewerbe\",\"potentialAction\":[{\"@type\":\"SearchAction\",\"target\":{\"@type\":\"EntryPoint\",\"urlTemplate\":\"https:\/\/gasgenial.de\/fluessiggas\/?s={search_term_string}\"},\"query-input\":{\"@type\":\"PropertyValueSpecification\",\"valueRequired\":true,\"valueName\":\"search_term_string\"}}],\"inLanguage\":\"de\"}]}<\/script>\n<!-- \/ Yoast SEO plugin. -->","yoast_head_json":{"title":"Abgase - Gasgenial - Fl\u00fcssiggas g\u00fcnstig kaufen","robots":{"index":"index","follow":"follow","max-snippet":"max-snippet:-1","max-image-preview":"max-image-preview:large","max-video-preview":"max-video-preview:-1"},"canonical":"https:\/\/gasgenial.de\/fluessiggas\/abgase","og_locale":"de_DE","og_type":"article","og_title":"Abgase - Gasgenial - Fl\u00fcssiggas g\u00fcnstig kaufen","og_description":"[vc_row][vc_column][vc_column_text]Abgase entstehen bei technischen oder chemischen Vorg\u00e4ngen, speziell bei Verbrennungsprozessen. Sie sind gasf\u00f6rmige Abfallprodukte, die...","og_url":"https:\/\/gasgenial.de\/fluessiggas\/abgase","og_site_name":"Gasgenial - Fl\u00fcssiggas g\u00fcnstig kaufen","article_modified_time":"2021-06-30T09:27:39+00:00","twitter_card":"summary_large_image","schema":{"@context":"https:\/\/schema.org","@graph":[{"@type":"WebPage","@id":"https:\/\/gasgenial.de\/fluessiggas\/abgase","url":"https:\/\/gasgenial.de\/fluessiggas\/abgase","name":"Abgase - Gasgenial - Fl\u00fcssiggas g\u00fcnstig kaufen","isPartOf":{"@id":"https:\/\/gasgenial.de\/fluessiggas\/#website"},"datePublished":"2017-06-07T08:46:43+00:00","dateModified":"2021-06-30T09:27:39+00:00","breadcrumb":{"@id":"https:\/\/gasgenial.de\/fluessiggas\/abgase#breadcrumb"},"inLanguage":"de","potentialAction":[{"@type":"ReadAction","target":["https:\/\/gasgenial.de\/fluessiggas\/abgase"]}]},{"@type":"BreadcrumbList","@id":"https:\/\/gasgenial.de\/fluessiggas\/abgase#breadcrumb","itemListElement":[{"@type":"ListItem","position":1,"name":"Startseite","item":"https:\/\/gasgenial.de\/fluessiggas\/"},{"@type":"ListItem","position":2,"name":"Abgase"}]},{"@type":"WebSite","@id":"https:\/\/gasgenial.de\/fluessiggas\/#website","url":"https:\/\/gasgenial.de\/fluessiggas\/","name":"Gasgenial - Fl\u00fcssiggas g\u00fcnstig kaufen","description":"Fl\u00fcssiggas und Fl\u00fcssiggastanks f\u00fcr Privat und Gewerbe","potentialAction":[{"@type":"SearchAction","target":{"@type":"EntryPoint","urlTemplate":"https:\/\/gasgenial.de\/fluessiggas\/?s={search_term_string}"},"query-input":{"@type":"PropertyValueSpecification","valueRequired":true,"valueName":"search_term_string"}}],"inLanguage":"de"}]}},"_links":{"self":[{"href":"https:\/\/gasgenial.de\/fluessiggas\/wp-json\/wp\/v2\/pages\/9629","targetHints":{"allow":["GET"]}}],"collection":[{"href":"https:\/\/gasgenial.de\/fluessiggas\/wp-json\/wp\/v2\/pages"}],"about":[{"href":"https:\/\/gasgenial.de\/fluessiggas\/wp-json\/wp\/v2\/types\/page"}],"author":[{"embeddable":true,"href":"https:\/\/gasgenial.de\/fluessiggas\/wp-json\/wp\/v2\/users\/2"}],"replies":[{"embeddable":true,"href":"https:\/\/gasgenial.de\/fluessiggas\/wp-json\/wp\/v2\/comments?post=9629"}],"version-history":[{"count":0,"href":"https:\/\/gasgenial.de\/fluessiggas\/wp-json\/wp\/v2\/pages\/9629\/revisions"}],"wp:attachment":[{"href":"https:\/\/gasgenial.de\/fluessiggas\/wp-json\/wp\/v2\/media?parent=9629"}],"curies":[{"name":"wp","href":"https:\/\/api.w.org\/{rel}","templated":true}]}}