{"id":9134,"date":"2015-04-23T13:21:22","date_gmt":"2015-04-23T12:21:22","guid":{"rendered":"http:\/\/www.gazcologne.de\/fluessiggas-kompetenz\/?page_id=6047"},"modified":"2015-04-23T13:21:22","modified_gmt":"2015-04-23T12:21:22","slug":"fluessiggas-und-fluessiggastank-kreis-alb-donau","status":"publish","type":"page","link":"https:\/\/gasgenial.de\/fluessiggas\/fluessiggas-und-fluessiggastank-kreis-alb-donau","title":{"rendered":"Fl\u00fcssiggas und Fl\u00fcssiggastank Kreis Alb-Donau"},"content":{"rendered":"<div>\n<div class=\"clearfix\"><!-- ## SEO GENERATED Visual Feedback --><\/p>\n<div id=\"rpsTTY1MAL5MK096O0NLEP1GB2BKCPR3O77\" class=\"rad-v-section clearfix\">\n<div id=\"rpcOBTQVOA93VWQ9LTTXC18JSYIB5WTSNPD\" class=\"rad-v-container \">\n<div id=\"rpwF13MXXVEQ3EG3YENU47RFQ6EBG860C7G\" class=\"rad-v-widget  \">\n<div class=\"clearfix rad-v-feeder\">\n<div class=\"text-icon vf-icon\"><\/div>\n<div class=\"text-info\">\n<h4 class=\"vf-text_title\"><\/h4>\n<h6 class=\"vf-text_subtitle\"><\/h6>\n<div class=\"vtext vf-text_data\">\n<ul>\n<li>72535 Heroldstatt<\/li>\n<li>72589 Westerheim<\/li>\n<li>73340 Amstetten<\/li>\n<li>88481 Balzheim<\/li>\n<li>88499 Emeringen<\/li>\n<li>89129 Nerenstetten<\/li>\n<li>89129 \u00d6llingen<\/li>\n<li>89129 Langenau<\/li>\n<li>89129 Setzingen<\/li>\n<li>89134 Blaustein<\/li>\n<li>89143 Blaubeuren<\/li>\n<li>89150 Laichingen<\/li>\n<li>89155 Erbach<\/li>\n<li>89160 Dornstadt<\/li>\n<li>89165 Dietenheim<\/li>\n<li>89171 Illerkirchberg<\/li>\n<li>89173 Lonsee<\/li>\n<li>89174 Altheim (Alb)<\/li>\n<li>89176 Asselfingen<\/li>\n<li>89177 B\u00f6rslingen<\/li>\n<li>89177 Ballendorf<\/li>\n<li>89179 Beimerstetten<\/li>\n<li>89180 Bergh\u00fclen<\/li>\n<li>89182 Bernstadt<\/li>\n<li>89183 Breitingen<\/li>\n<li>89183 Holzkirch<\/li>\n<li>89185 H\u00fcttisheim<\/li>\n<li>89186 Illerrieden<\/li>\n<li>89188 Merklingen<\/li>\n<li>89189 Neenstetten<\/li>\n<li>89191 Nellingen<\/li>\n<li>89192 Rammingen<\/li>\n<li>89194 Schn\u00fcrpflingen<\/li>\n<li>89195 Staig<\/li>\n<\/ul>\n<p>&nbsp;<\/p>\n<h2><a title=\"Kontakt\" href=\"https:\/\/gasgenial.de\/fluessiggas\/kontakt\">Preisanfrage Fl\u00fcssiggas oder Fl\u00fcssiggastank<\/a><\/h2>\n<\/div>\n<\/div>\n<\/div>\n<\/div>\n<\/div>\n<div id=\"rpcK54D67TXWKSUPPR6T7C134MCA8G1ORX8\" class=\"rad-v-container \">\n<div id=\"rpwSV2O97FGHN2PQ4RILVNSJKVAX43RU6U8\" class=\"rad-v-widget  \">\n<div class=\"clearfix rad-v-feeder\">\n<div class=\"text-icon vf-icon\"><\/div>\n<div class=\"text-info\">\n<h4 class=\"vf-text_title\"><\/h4>\n<h6 class=\"vf-text_subtitle\"><\/h6>\n<div class=\"vtext vf-text_data\">\n<ul>\n<li>89197 Weidenstetten<\/li>\n<li>89198 Westerstetten<\/li>\n<li>89584 Ehingen an der Donau<\/li>\n<li>89584 Lauterach<\/li>\n<li>89597 Munderkingen<\/li>\n<li>89597 Unterwachingen<\/li>\n<li>89597 Hausen am Bussen<\/li>\n<li>89601 Schelklingen<\/li>\n<li>89604 Allmendingen<\/li>\n<li>89605 Altheim<\/li>\n<li>89607 Emerkingen<\/li>\n<li>89608 Griesingen<\/li>\n<li>89610 Oberdischingen<\/li>\n<li>89611 Rechtenstein<\/li>\n<li>89611 Obermarchtal<\/li>\n<li>89613 Oberstadion<\/li>\n<li>89613 Grundsheim<\/li>\n<li>89614 \u00d6pfingen<\/li>\n<li>89616 Rottenacker<\/li>\n<li>89617 Untermarchtal<\/li>\n<li>89619 Unterstadion<\/li>\n<\/ul>\n<p>&nbsp;<\/p>\n<\/div>\n<\/div>\n<\/div>\n<\/div>\n<\/div>\n<\/div>\n<\/div>\n<\/div>\n<p><!-- ## AUTO GENERATED Visual Feedback --><\/p>\n","protected":false},"excerpt":{"rendered":"<p>72535 Heroldstatt 72589 Westerheim 73340 Amstetten 88481 Balzheim 88499 Emeringen 89129 Nerenstetten 89129 \u00d6llingen 89129&#8230;<\/p>\n","protected":false},"author":2,"featured_media":0,"parent":0,"menu_order":17,"comment_status":"open","ping_status":"open","template":"","meta":{"footnotes":""},"class_list":["post-9134","page","type-page","status-publish","hentry"],"yoast_head":"<!-- This site is optimized with the Yoast SEO plugin v26.2 - https:\/\/yoast.com\/wordpress\/plugins\/seo\/ -->\n<title>Fl\u00fcssiggas und Fl\u00fcssiggastank Kreis Alb-Donau - Gasgenial - Fl\u00fcssiggas g\u00fcnstig kaufen<\/title>\n<meta name=\"robots\" content=\"index, follow, max-snippet:-1, max-image-preview:large, max-video-preview:-1\" \/>\n<link rel=\"canonical\" href=\"https:\/\/gasgenial.de\/fluessiggas\/fluessiggas-und-fluessiggastank-kreis-alb-donau\" \/>\n<meta property=\"og:locale\" content=\"de_DE\" \/>\n<meta property=\"og:type\" content=\"article\" \/>\n<meta property=\"og:title\" content=\"Fl\u00fcssiggas und Fl\u00fcssiggastank Kreis Alb-Donau - Gasgenial - Fl\u00fcssiggas g\u00fcnstig kaufen\" \/>\n<meta property=\"og:description\" content=\"72535 Heroldstatt 72589 Westerheim 73340 Amstetten 88481 Balzheim 88499 Emeringen 89129 Nerenstetten 89129 \u00d6llingen 89129...\" \/>\n<meta property=\"og:url\" content=\"https:\/\/gasgenial.de\/fluessiggas\/fluessiggas-und-fluessiggastank-kreis-alb-donau\" \/>\n<meta property=\"og:site_name\" content=\"Gasgenial - Fl\u00fcssiggas g\u00fcnstig kaufen\" \/>\n<meta name=\"twitter:card\" content=\"summary_large_image\" \/>\n<script type=\"application\/ld+json\" class=\"yoast-schema-graph\">{\"@context\":\"https:\/\/schema.org\",\"@graph\":[{\"@type\":\"WebPage\",\"@id\":\"https:\/\/gasgenial.de\/fluessiggas\/fluessiggas-und-fluessiggastank-kreis-alb-donau\",\"url\":\"https:\/\/gasgenial.de\/fluessiggas\/fluessiggas-und-fluessiggastank-kreis-alb-donau\",\"name\":\"Fl\u00fcssiggas und Fl\u00fcssiggastank Kreis Alb-Donau - Gasgenial - Fl\u00fcssiggas g\u00fcnstig kaufen\",\"isPartOf\":{\"@id\":\"https:\/\/gasgenial.de\/fluessiggas\/#website\"},\"datePublished\":\"2015-04-23T12:21:22+00:00\",\"breadcrumb\":{\"@id\":\"https:\/\/gasgenial.de\/fluessiggas\/fluessiggas-und-fluessiggastank-kreis-alb-donau#breadcrumb\"},\"inLanguage\":\"de\",\"potentialAction\":[{\"@type\":\"ReadAction\",\"target\":[\"https:\/\/gasgenial.de\/fluessiggas\/fluessiggas-und-fluessiggastank-kreis-alb-donau\"]}]},{\"@type\":\"BreadcrumbList\",\"@id\":\"https:\/\/gasgenial.de\/fluessiggas\/fluessiggas-und-fluessiggastank-kreis-alb-donau#breadcrumb\",\"itemListElement\":[{\"@type\":\"ListItem\",\"position\":1,\"name\":\"Startseite\",\"item\":\"https:\/\/gasgenial.de\/fluessiggas\/\"},{\"@type\":\"ListItem\",\"position\":2,\"name\":\"Fl\u00fcssiggas und Fl\u00fcssiggastank Kreis Alb-Donau\"}]},{\"@type\":\"WebSite\",\"@id\":\"https:\/\/gasgenial.de\/fluessiggas\/#website\",\"url\":\"https:\/\/gasgenial.de\/fluessiggas\/\",\"name\":\"Gasgenial - Fl\u00fcssiggas g\u00fcnstig kaufen\",\"description\":\"Fl\u00fcssiggas und Fl\u00fcssiggastanks f\u00fcr Privat und Gewerbe\",\"potentialAction\":[{\"@type\":\"SearchAction\",\"target\":{\"@type\":\"EntryPoint\",\"urlTemplate\":\"https:\/\/gasgenial.de\/fluessiggas\/?s={search_term_string}\"},\"query-input\":{\"@type\":\"PropertyValueSpecification\",\"valueRequired\":true,\"valueName\":\"search_term_string\"}}],\"inLanguage\":\"de\"}]}<\/script>\n<!-- \/ Yoast SEO plugin. -->","yoast_head_json":{"title":"Fl\u00fcssiggas und Fl\u00fcssiggastank Kreis Alb-Donau - Gasgenial - Fl\u00fcssiggas g\u00fcnstig kaufen","robots":{"index":"index","follow":"follow","max-snippet":"max-snippet:-1","max-image-preview":"max-image-preview:large","max-video-preview":"max-video-preview:-1"},"canonical":"https:\/\/gasgenial.de\/fluessiggas\/fluessiggas-und-fluessiggastank-kreis-alb-donau","og_locale":"de_DE","og_type":"article","og_title":"Fl\u00fcssiggas und Fl\u00fcssiggastank Kreis Alb-Donau - Gasgenial - Fl\u00fcssiggas g\u00fcnstig kaufen","og_description":"72535 Heroldstatt 72589 Westerheim 73340 Amstetten 88481 Balzheim 88499 Emeringen 89129 Nerenstetten 89129 \u00d6llingen 89129...","og_url":"https:\/\/gasgenial.de\/fluessiggas\/fluessiggas-und-fluessiggastank-kreis-alb-donau","og_site_name":"Gasgenial - Fl\u00fcssiggas g\u00fcnstig kaufen","twitter_card":"summary_large_image","schema":{"@context":"https:\/\/schema.org","@graph":[{"@type":"WebPage","@id":"https:\/\/gasgenial.de\/fluessiggas\/fluessiggas-und-fluessiggastank-kreis-alb-donau","url":"https:\/\/gasgenial.de\/fluessiggas\/fluessiggas-und-fluessiggastank-kreis-alb-donau","name":"Fl\u00fcssiggas und Fl\u00fcssiggastank Kreis Alb-Donau - Gasgenial - Fl\u00fcssiggas g\u00fcnstig kaufen","isPartOf":{"@id":"https:\/\/gasgenial.de\/fluessiggas\/#website"},"datePublished":"2015-04-23T12:21:22+00:00","breadcrumb":{"@id":"https:\/\/gasgenial.de\/fluessiggas\/fluessiggas-und-fluessiggastank-kreis-alb-donau#breadcrumb"},"inLanguage":"de","potentialAction":[{"@type":"ReadAction","target":["https:\/\/gasgenial.de\/fluessiggas\/fluessiggas-und-fluessiggastank-kreis-alb-donau"]}]},{"@type":"BreadcrumbList","@id":"https:\/\/gasgenial.de\/fluessiggas\/fluessiggas-und-fluessiggastank-kreis-alb-donau#breadcrumb","itemListElement":[{"@type":"ListItem","position":1,"name":"Startseite","item":"https:\/\/gasgenial.de\/fluessiggas\/"},{"@type":"ListItem","position":2,"name":"Fl\u00fcssiggas und Fl\u00fcssiggastank Kreis Alb-Donau"}]},{"@type":"WebSite","@id":"https:\/\/gasgenial.de\/fluessiggas\/#website","url":"https:\/\/gasgenial.de\/fluessiggas\/","name":"Gasgenial - Fl\u00fcssiggas g\u00fcnstig kaufen","description":"Fl\u00fcssiggas und Fl\u00fcssiggastanks f\u00fcr Privat und Gewerbe","potentialAction":[{"@type":"SearchAction","target":{"@type":"EntryPoint","urlTemplate":"https:\/\/gasgenial.de\/fluessiggas\/?s={search_term_string}"},"query-input":{"@type":"PropertyValueSpecification","valueRequired":true,"valueName":"search_term_string"}}],"inLanguage":"de"}]}},"_links":{"self":[{"href":"https:\/\/gasgenial.de\/fluessiggas\/wp-json\/wp\/v2\/pages\/9134","targetHints":{"allow":["GET"]}}],"collection":[{"href":"https:\/\/gasgenial.de\/fluessiggas\/wp-json\/wp\/v2\/pages"}],"about":[{"href":"https:\/\/gasgenial.de\/fluessiggas\/wp-json\/wp\/v2\/types\/page"}],"author":[{"embeddable":true,"href":"https:\/\/gasgenial.de\/fluessiggas\/wp-json\/wp\/v2\/users\/2"}],"replies":[{"embeddable":true,"href":"https:\/\/gasgenial.de\/fluessiggas\/wp-json\/wp\/v2\/comments?post=9134"}],"version-history":[{"count":0,"href":"https:\/\/gasgenial.de\/fluessiggas\/wp-json\/wp\/v2\/pages\/9134\/revisions"}],"wp:attachment":[{"href":"https:\/\/gasgenial.de\/fluessiggas\/wp-json\/wp\/v2\/media?parent=9134"}],"curies":[{"name":"wp","href":"https:\/\/api.w.org\/{rel}","templated":true}]}}