{"id":9125,"date":"2015-06-26T09:46:06","date_gmt":"2015-06-26T07:46:06","guid":{"rendered":"http:\/\/gasgenial.de\/fluessiggas\/?page_id=9125"},"modified":"2015-06-26T09:46:06","modified_gmt":"2015-06-26T07:46:06","slug":"fluessiggas-und-fluessiggastank-kreis-siegen-wittgenstein","status":"publish","type":"page","link":"https:\/\/gasgenial.de\/fluessiggas\/fluessiggas-und-fluessiggastank-kreis-siegen-wittgenstein","title":{"rendered":"Fl\u00fcssiggas und Fl\u00fcssiggastank Kreis Siegen-Wittgenstein"},"content":{"rendered":"<div>\n<div class=\"clearfix\"><!-- ## SEO GENERATED Visual Feedback --><\/p>\n<div id=\"rpsQ75P5HL979RXP3BK4R7MJ03IJCYDQHRJ\" class=\"rad-v-section clearfix\">\n<div id=\"rpcQKSJQFO1RNQD1PI3GDCWNVSFDQ2R7TP5\" class=\"rad-v-container \">\n<div id=\"rpwYJR32KK7VRQYNJPEXH7WH1GYUWX536JF\" class=\"rad-v-widget  \">\n<div class=\"clearfix rad-v-feeder\">\n<div class=\"text-icon vf-icon\"><\/div>\n<div class=\"text-info\">\n<h4 class=\"vf-text_title\"><\/h4>\n<h6 class=\"vf-text_subtitle\"><\/h6>\n<div class=\"vtext vf-text_data\">\n<ul>\n<li>57072 Siegen<\/li>\n<li>57074 Siegen<\/li>\n<li>57076 Siegen-Weidenau<\/li>\n<li>57078 Siegen-Buchen,-Birlenb.,-Geisweid<\/li>\n<li>57080 Siegen-Gosenbach,-Eiserfeld<\/li>\n<li>57223 Kreuztal<\/li>\n<li>57234 Wilnsdorf<\/li>\n<li>57250 Netphen<\/li>\n<li>57258 Freudenberg<\/li>\n<li>57271 Hilchenbach<\/li>\n<li>57290 Neunkirchen<\/li>\n<li>57299 Burbach<\/li>\n<li>57319 Bad Berleburg<\/li>\n<li>57334 Bad Laasphe<\/li>\n<li>57339 Erndtebr\u00fcck<\/li>\n<\/ul>\n<p>&nbsp;<\/p>\n<h2><a title=\"Kontakt\" href=\"https:\/\/gasgenial.de\/fluessiggas\/kontakt\">Preisanfrage Fl\u00fcssiggas oder Fl\u00fcssiggastank<\/a><\/h2>\n<\/div>\n<\/div>\n<\/div>\n<\/div>\n<\/div>\n<\/div>\n<\/div>\n<\/div>\n<p><!-- ## AUTO GENERATED Visual Feedback --><\/p>\n","protected":false},"excerpt":{"rendered":"<p>57072 Siegen 57074 Siegen 57076 Siegen-Weidenau 57078 Siegen-Buchen,-Birlenb.,-Geisweid 57080 Siegen-Gosenbach,-Eiserfeld 57223 Kreuztal 57234 Wilnsdorf 57250&#8230;<\/p>\n","protected":false},"author":2,"featured_media":0,"parent":0,"menu_order":0,"comment_status":"open","ping_status":"open","template":"","meta":{"footnotes":""},"class_list":["post-9125","page","type-page","status-publish","hentry"],"yoast_head":"<!-- This site is optimized with the Yoast SEO plugin v26.2 - https:\/\/yoast.com\/wordpress\/plugins\/seo\/ -->\n<title>Fl\u00fcssiggas und Fl\u00fcssiggastank Kreis Siegen-Wittgenstein - Gasgenial - Fl\u00fcssiggas g\u00fcnstig kaufen<\/title>\n<meta name=\"robots\" content=\"index, follow, max-snippet:-1, max-image-preview:large, max-video-preview:-1\" \/>\n<link rel=\"canonical\" href=\"https:\/\/gasgenial.de\/fluessiggas\/fluessiggas-und-fluessiggastank-kreis-siegen-wittgenstein\" \/>\n<meta property=\"og:locale\" content=\"de_DE\" \/>\n<meta property=\"og:type\" content=\"article\" \/>\n<meta property=\"og:title\" content=\"Fl\u00fcssiggas und Fl\u00fcssiggastank Kreis Siegen-Wittgenstein - Gasgenial - Fl\u00fcssiggas g\u00fcnstig kaufen\" \/>\n<meta property=\"og:description\" content=\"57072 Siegen 57074 Siegen 57076 Siegen-Weidenau 57078 Siegen-Buchen,-Birlenb.,-Geisweid 57080 Siegen-Gosenbach,-Eiserfeld 57223 Kreuztal 57234 Wilnsdorf 57250...\" \/>\n<meta property=\"og:url\" content=\"https:\/\/gasgenial.de\/fluessiggas\/fluessiggas-und-fluessiggastank-kreis-siegen-wittgenstein\" \/>\n<meta property=\"og:site_name\" content=\"Gasgenial - Fl\u00fcssiggas g\u00fcnstig kaufen\" \/>\n<meta name=\"twitter:card\" content=\"summary_large_image\" \/>\n<script type=\"application\/ld+json\" class=\"yoast-schema-graph\">{\"@context\":\"https:\/\/schema.org\",\"@graph\":[{\"@type\":\"WebPage\",\"@id\":\"https:\/\/gasgenial.de\/fluessiggas\/fluessiggas-und-fluessiggastank-kreis-siegen-wittgenstein\",\"url\":\"https:\/\/gasgenial.de\/fluessiggas\/fluessiggas-und-fluessiggastank-kreis-siegen-wittgenstein\",\"name\":\"Fl\u00fcssiggas und Fl\u00fcssiggastank Kreis Siegen-Wittgenstein - Gasgenial - Fl\u00fcssiggas g\u00fcnstig kaufen\",\"isPartOf\":{\"@id\":\"https:\/\/gasgenial.de\/fluessiggas\/#website\"},\"datePublished\":\"2015-06-26T07:46:06+00:00\",\"breadcrumb\":{\"@id\":\"https:\/\/gasgenial.de\/fluessiggas\/fluessiggas-und-fluessiggastank-kreis-siegen-wittgenstein#breadcrumb\"},\"inLanguage\":\"de\",\"potentialAction\":[{\"@type\":\"ReadAction\",\"target\":[\"https:\/\/gasgenial.de\/fluessiggas\/fluessiggas-und-fluessiggastank-kreis-siegen-wittgenstein\"]}]},{\"@type\":\"BreadcrumbList\",\"@id\":\"https:\/\/gasgenial.de\/fluessiggas\/fluessiggas-und-fluessiggastank-kreis-siegen-wittgenstein#breadcrumb\",\"itemListElement\":[{\"@type\":\"ListItem\",\"position\":1,\"name\":\"Startseite\",\"item\":\"https:\/\/gasgenial.de\/fluessiggas\/\"},{\"@type\":\"ListItem\",\"position\":2,\"name\":\"Fl\u00fcssiggas und Fl\u00fcssiggastank Kreis Siegen-Wittgenstein\"}]},{\"@type\":\"WebSite\",\"@id\":\"https:\/\/gasgenial.de\/fluessiggas\/#website\",\"url\":\"https:\/\/gasgenial.de\/fluessiggas\/\",\"name\":\"Gasgenial - Fl\u00fcssiggas g\u00fcnstig kaufen\",\"description\":\"Fl\u00fcssiggas und Fl\u00fcssiggastanks f\u00fcr Privat und Gewerbe\",\"potentialAction\":[{\"@type\":\"SearchAction\",\"target\":{\"@type\":\"EntryPoint\",\"urlTemplate\":\"https:\/\/gasgenial.de\/fluessiggas\/?s={search_term_string}\"},\"query-input\":{\"@type\":\"PropertyValueSpecification\",\"valueRequired\":true,\"valueName\":\"search_term_string\"}}],\"inLanguage\":\"de\"}]}<\/script>\n<!-- \/ Yoast SEO plugin. -->","yoast_head_json":{"title":"Fl\u00fcssiggas und Fl\u00fcssiggastank Kreis Siegen-Wittgenstein - Gasgenial - Fl\u00fcssiggas g\u00fcnstig kaufen","robots":{"index":"index","follow":"follow","max-snippet":"max-snippet:-1","max-image-preview":"max-image-preview:large","max-video-preview":"max-video-preview:-1"},"canonical":"https:\/\/gasgenial.de\/fluessiggas\/fluessiggas-und-fluessiggastank-kreis-siegen-wittgenstein","og_locale":"de_DE","og_type":"article","og_title":"Fl\u00fcssiggas und Fl\u00fcssiggastank Kreis Siegen-Wittgenstein - Gasgenial - Fl\u00fcssiggas g\u00fcnstig kaufen","og_description":"57072 Siegen 57074 Siegen 57076 Siegen-Weidenau 57078 Siegen-Buchen,-Birlenb.,-Geisweid 57080 Siegen-Gosenbach,-Eiserfeld 57223 Kreuztal 57234 Wilnsdorf 57250...","og_url":"https:\/\/gasgenial.de\/fluessiggas\/fluessiggas-und-fluessiggastank-kreis-siegen-wittgenstein","og_site_name":"Gasgenial - Fl\u00fcssiggas g\u00fcnstig kaufen","twitter_card":"summary_large_image","schema":{"@context":"https:\/\/schema.org","@graph":[{"@type":"WebPage","@id":"https:\/\/gasgenial.de\/fluessiggas\/fluessiggas-und-fluessiggastank-kreis-siegen-wittgenstein","url":"https:\/\/gasgenial.de\/fluessiggas\/fluessiggas-und-fluessiggastank-kreis-siegen-wittgenstein","name":"Fl\u00fcssiggas und Fl\u00fcssiggastank Kreis Siegen-Wittgenstein - Gasgenial - Fl\u00fcssiggas g\u00fcnstig kaufen","isPartOf":{"@id":"https:\/\/gasgenial.de\/fluessiggas\/#website"},"datePublished":"2015-06-26T07:46:06+00:00","breadcrumb":{"@id":"https:\/\/gasgenial.de\/fluessiggas\/fluessiggas-und-fluessiggastank-kreis-siegen-wittgenstein#breadcrumb"},"inLanguage":"de","potentialAction":[{"@type":"ReadAction","target":["https:\/\/gasgenial.de\/fluessiggas\/fluessiggas-und-fluessiggastank-kreis-siegen-wittgenstein"]}]},{"@type":"BreadcrumbList","@id":"https:\/\/gasgenial.de\/fluessiggas\/fluessiggas-und-fluessiggastank-kreis-siegen-wittgenstein#breadcrumb","itemListElement":[{"@type":"ListItem","position":1,"name":"Startseite","item":"https:\/\/gasgenial.de\/fluessiggas\/"},{"@type":"ListItem","position":2,"name":"Fl\u00fcssiggas und Fl\u00fcssiggastank Kreis Siegen-Wittgenstein"}]},{"@type":"WebSite","@id":"https:\/\/gasgenial.de\/fluessiggas\/#website","url":"https:\/\/gasgenial.de\/fluessiggas\/","name":"Gasgenial - Fl\u00fcssiggas g\u00fcnstig kaufen","description":"Fl\u00fcssiggas und Fl\u00fcssiggastanks f\u00fcr Privat und Gewerbe","potentialAction":[{"@type":"SearchAction","target":{"@type":"EntryPoint","urlTemplate":"https:\/\/gasgenial.de\/fluessiggas\/?s={search_term_string}"},"query-input":{"@type":"PropertyValueSpecification","valueRequired":true,"valueName":"search_term_string"}}],"inLanguage":"de"}]}},"_links":{"self":[{"href":"https:\/\/gasgenial.de\/fluessiggas\/wp-json\/wp\/v2\/pages\/9125","targetHints":{"allow":["GET"]}}],"collection":[{"href":"https:\/\/gasgenial.de\/fluessiggas\/wp-json\/wp\/v2\/pages"}],"about":[{"href":"https:\/\/gasgenial.de\/fluessiggas\/wp-json\/wp\/v2\/types\/page"}],"author":[{"embeddable":true,"href":"https:\/\/gasgenial.de\/fluessiggas\/wp-json\/wp\/v2\/users\/2"}],"replies":[{"embeddable":true,"href":"https:\/\/gasgenial.de\/fluessiggas\/wp-json\/wp\/v2\/comments?post=9125"}],"version-history":[{"count":0,"href":"https:\/\/gasgenial.de\/fluessiggas\/wp-json\/wp\/v2\/pages\/9125\/revisions"}],"wp:attachment":[{"href":"https:\/\/gasgenial.de\/fluessiggas\/wp-json\/wp\/v2\/media?parent=9125"}],"curies":[{"name":"wp","href":"https:\/\/api.w.org\/{rel}","templated":true}]}}