{"id":8864,"date":"2014-08-20T11:40:04","date_gmt":"2014-08-20T09:40:04","guid":{"rendered":"http:\/\/gasgenial.de\/fluessiggas\/?page_id=8864"},"modified":"2014-08-20T11:40:04","modified_gmt":"2014-08-20T09:40:04","slug":"fluessiggastanks-2","status":"publish","type":"page","link":"https:\/\/gasgenial.de\/fluessiggas\/fluessiggastanks-2","title":{"rendered":"Fl\u00fcssiggastanks"},"content":{"rendered":"<div class=\"\">\n<div class=\"clearfix\"><!-- ## SEO GENERATED Visual Feedback --><\/p>\n<div id=\"rpsGHTM1JDFVTY3CEDIASX456Y2D5VXJ3B7\" class=\"rad-v-section clearfix\">\n<div id=\"rpcV2QC9X2EQ1362J4HRW4JLR10YKIF1XKV\" class=\"rad-v-container \">\n<div id=\"rpwDK2XCGW3W8MA2S208GIN6VWA517DUMEH\" class=\"rad-v-widget  \">\n<div class=\"clearfix rad-v-feeder\">\n<div class=\"rad-intro-info\">\n<h4 class=\"vf-text_title\">Tanks zur Miete oder zum Kauf<\/h4>\n<h6 class=\"vf-text_subtitle\">Kompetenz zum besten Preis in allen Bereichen<\/h6>\n<\/div>\n<\/div>\n<\/div>\n<\/div>\n<div id=\"rpcH2OT8U97BJ5U4NNTYIBSPRELR1UE577B\" class=\"rad-v-container \">\n<div id=\"rpwGDW5VC7QQTR5K1U0EJ0LG38PA4N9PESB\" class=\"rad-v-widget  \">\n<div class=\"clearfix rad-v-feeder\">\n<div class=\"rad-gallery-info clearfix\"><img decoding=\"async\" src=\"https:\/\/gasgenial.de\/fluessiggas\/wp-content\/uploads\/2019\/12\/\u00a9GazCologne-Fl\u00fcssiggastank-OBERIRDISCH-800PX-150x150.jpg\" \/><img decoding=\"async\" src=\"https:\/\/gasgenial.de\/fluessiggas\/wp-content\/uploads\/2019\/12\/\u00a9GazCologne-Fl\u00fcssiggas-Tankwagen-Abf\u00fcllung-800px-4-150x150.jpg\" \/><\/div>\n<\/div>\n<\/div>\n<\/div>\n<div id=\"rpcEWH45XQ5FCJBBK2R90QETK71QWCFKYSU\" class=\"rad-v-container \">\n<div id=\"rpwEPJMECILE8E668H5MB1DNPYMWBHQEW8Q\" class=\"rad-v-widget  \">\n<div class=\"clearfix rad-v-feeder\">\n<div class=\"text-icon vf-icon\"><\/div>\n<div class=\"text-info\">\n<h4 class=\"vf-text_title\">Die Besten Preise auf dem Markt<\/h4>\n<h6 class=\"vf-text_subtitle\"><\/h6>\n<div class=\"vtext vf-text_data\">\n<p>Ein eigener Tank hat viele Vorteile. Sie sind frei von jeder Vertragsbindung. Sie k\u00f6nnen immer zum g\u00fcnstigsten Tagespreis Propangas beziehen. Fl\u00fcssiggas-Miettank &#8211; Das Rundum-Sorglos-Paket Ein Tank zum mieten ist die elegante Methode. Sie sparen sich die Finanzierung und wir k\u00fcmmern uns um alles rundum Ihren Fl\u00fcssiggastank. Wir \u00fcbernehmen f\u00fcr Sie auf Wunsch:<\/p>\n<ul>\n<li>Den Austausch und die Vermietung Ihres Fl\u00fcssiggastanks.<\/li>\n<li>Den Austausch und den Neukauf Ihres Fl\u00fcssiggastanks.<\/li>\n<li>Die Montage, Pr\u00fcfung und Wartung Ihrer Fl\u00fcssiggasanlage \u201eButton Beh\u00e4lter- und Rohrleitungspr\u00fcfungen\u201c.<\/li>\n<\/ul>\n<p>Der\u00a0oberirdische\u00a0Fl\u00fcssiggastank von gasgenial.de ist preiswert und l\u00e4sst sich m\u00fchelos platzieren. Als Fundament dient eine Betonplatte. (Masse: 1,15 x 2,40 x 0,10 Metern) Der\u00a0unterirdische\u00a0Fl\u00fcssiggastank von gasgenial.de ist praktisch unsichtbar und optisch eine saubere L\u00f6sung. Diese unauff\u00e4llige Alternative wird in eine Sandgrube eingelassen, die anschlie\u00dfend sorgf\u00e4ltig aufgef\u00fcllt wird. Danach kann die Fl\u00e4che bepflanzt werden. Selbstverst\u00e4ndlich bieten wir Ihnen auch folgende Service-Leistungen an: Anschluss des Fl\u00fcssiggastanks durch geschultes Fachpersonal\u00a0Lieferung und Montage von Reglern, Armaturen und\u00a0Verlegen der Fl\u00fcssiggasrohrleitung\u00a0 \u00dcberpr\u00fcfung Ihrer Fl\u00fcssiggasrohrleitung \u201eButton Rohrleitungspr\u00fcfung\u201c Pr\u00fcfung der Aufstellung des Fl\u00fcssiggastanks Sicherheitstechnische Erstabnahme Ihrer Fl\u00fcssiggasanlage &gt;<\/p>\n<\/div>\n<\/div>\n<\/div>\n<\/div>\n<\/div>\n<\/div>\n<div id=\"rpsTMVXDW6UK0AA1PAO7A2HI2HERKOSK91X\" class=\"rad-v-section clearfix\">\n<div id=\"rpcY6Q89MP7C3926XHE0II297DYSNFJ2G4U\" class=\"rad-v-container \">\n<div id=\"rpwFFOT0VK95EQLB3UQP16PGYATT03EHM3G\" class=\"rad-v-widget  \">\n<div class=\"clearfix rad-v-feeder\">\n<div class=\"rad-intro-info\">\n<h4 class=\"vf-text_title\">Beste Preise. Beste Qualit\u00e4t. Zufriedene Kunden.<\/h4>\n<h6 class=\"vf-text_subtitle\">Mit Sicherheit g\u00fcnstig versorgt.<\/h6>\n<\/div>\n<\/div>\n<\/div>\n<\/div>\n<div id=\"rpcEGMKA8LXR82Y8W8GXQC5V2F94PT4PA50\" class=\"rad-v-container \"><\/div>\n<div id=\"rpcQMXC89G6FS1NHXKS7H9V3N1MU73R4J82\" class=\"rad-v-container \"><\/div>\n<\/div>\n<div id=\"rpsABFV7YSV25CPCOGQECT44TQDTH1GY06R\" class=\"rad-v-section clearfix\">\n<div id=\"rpcTLUFC75J04G6MM5B63D9ISJYXCI5NO75\" class=\"rad-v-container \">\n<div id=\"rpwEL8E9M8K2LDFFPT6NENCBEUW96L4DN2X\" class=\"rad-v-widget  \">\n<div class=\"clearfix rad-v-feeder\">Button &#8211; <a class=\"vf-label\" href=\"#\">Ihr Anliegen ist uns wichtig! Fragen Sie gleich kostenlos und unverbindlich an.<\/a><\/div>\n<\/div>\n<\/div>\n<\/div>\n<div id=\"rpsVSBY7NRN5CRIP9FFU489WR7G1XPLGJ8D\" class=\"rad-v-section clearfix\">\n<div id=\"rpcPGGFJ3FQPLHN8RPY83E1YKVQ5WLQK58E\" class=\"rad-v-container \">\n<div id=\"rpwU7ECOPCCJWDE3LOKUQDAEIFNHN73Y3QP\" class=\"rad-v-widget  \">\n<div class=\"clearfix rad-v-feeder\">\n<div class=\"text-icon vf-icon\"><\/div>\n<div class=\"text-info\">\n<h4 class=\"vf-text_title\">Fl\u00fcssiggaspreise<\/h4>\n<h6 class=\"vf-text_subtitle\"><\/h6>\n<div class=\"vtext vf-text_data\">\n<p>Wir haben den Markt f\u00fcr Sie im Blick. Aus allen Angeboten suchen wir t\u00e4glich neu die besten Preise f\u00fcr Sie. Wir beziehen unser Fl\u00fcssiggas direkt von Raffinerien und Vorratslagern in Deutschland und West- und Osteuropa. Das gibt Ihnen und uns die Sicherheit, selbst bei Versorgungsengp\u00e4ssen lieferf\u00e4hig zu bleiben.<\/p>\n<\/div>\n<\/div>\n<\/div>\n<\/div>\n<\/div>\n<div id=\"rpcOIWHSLF75I91AQ4F60JM1QW0TX3NI34M\" class=\"rad-v-container \">\n<div id=\"rpwW9LLH52KFB96J05DRTH32N5BEC5P6JT4\" class=\"rad-v-widget  \">\n<div class=\"clearfix rad-v-feeder\">\n<div class=\"text-icon vf-icon\"><\/div>\n<div class=\"text-info\">\n<h4 class=\"vf-text_title\">Wartung<\/h4>\n<h6 class=\"vf-text_subtitle\">Pr\u00fcfungen schnell und kompetent<\/h6>\n<div class=\"vtext vf-text_data\">\n<p>Wenn Sie bereits Eigent\u00fcmer eines Fl\u00fcssiggastanks sind, k\u00f6nnen Sie sofort in den Genuss unserer g\u00fcnstigen Wartungskonditionen kommen. Gerne bieten wir Ihnen mit einer monatlichen oder j\u00e4hrlichen Pauschale einen Wartungsvertrag an.<\/p>\n<\/div>\n<\/div>\n<\/div>\n<\/div>\n<\/div>\n<div id=\"rpcROWH6L6DGPGBI524GVUP4JX2AQQ3NSSE\" class=\"rad-v-container \">\n<div id=\"rpwMM5S5AM6SVDOFSMWFQVGH7PWI9PCE0L6\" class=\"rad-v-widget  \">\n<div class=\"clearfix rad-v-feeder\">\n<div class=\"text-icon vf-icon\"><\/div>\n<div class=\"text-info\">\n<h4 class=\"vf-text_title\">Fl\u00fcssiggastanks<\/h4>\n<h6 class=\"vf-text_subtitle\"><\/h6>\n<div class=\"vtext vf-text_data\">\n<p>Bei einem Fl\u00fcssiggastank haben Sie die M\u00f6glichkeit einen Tank selber zu erwerben oder ihn bei uns zu mieten. Wir bieten Ihnen Fullservice aus einer Hand mit Jahrzehnte langer Erfahrung.<\/p>\n<\/div>\n<\/div>\n<\/div>\n<\/div>\n<\/div>\n<div id=\"rpcW1RHMCWDROTBXF9QBB1NATPWSF8BT436\" class=\"rad-v-container \">\n<div id=\"rpwNJKPDV1A6I72IEAAFM110E64XLPAXPJO\" class=\"rad-v-widget  \">\n<div class=\"clearfix rad-v-feeder\">\n<div class=\"text-icon vf-icon\"><\/div>\n<div class=\"text-info\">\n<h4 class=\"vf-text_title\">Jetzt g\u00fcnstig Gas geben!<\/h4>\n<h6 class=\"vf-text_subtitle\"><\/h6>\n<div class=\"vtext vf-text_data\">\n<p>Immer mehr Hauseigent\u00fcmer setzen auf Fl\u00fcssiggas.\u00a0Anders als leitungsgebundenes Erdgas l\u00e4sst sich der saubere Brennstoff problemlos vor dem Haus lagern. Sie werden unabh\u00e4ngig von Versorgungsengp\u00e4ssen der Pipelines und massiven Preiserh\u00f6hungen.<\/p>\n<\/div>\n<\/div>\n<\/div>\n<\/div>\n<\/div>\n<div id=\"rpcM8EFEDKHW7K3T0DSHQX7QE39XYITW91C\" class=\"rad-v-container \">\n<div id=\"rpwFISK399MQRPOO26DXK5VRLHXFP678O79\" class=\"rad-v-widget  \">\n<div class=\"clearfix rad-v-feeder\">\n<div class=\"text-icon vf-icon\"><\/div>\n<div class=\"text-info\">\n<h4 class=\"vf-text_title\">Fl\u00fcssiggaslieferung<\/h4>\n<h6 class=\"vf-text_subtitle\">Mit Sicherheit g\u00fcnstig versorgt<\/h6>\n<div class=\"vtext vf-text_data\">\n<p>Beziehen Sie Ihr Fl\u00fcssiggas immer zum g\u00fcnstigen Tagespreis. Transparent und fair ohne Zwischenh\u00e4ndler deutschlandweit direkt von gasgenial.de. F\u00fcr eine rechtlich einwandfreie Fl\u00fcssiggasbelieferung ben\u00f6tigen wir eine Kaufrechnung oder einen Kaufvertrag und einen Nachweis der durchgef\u00fchrten Pr\u00fcfungen Ihres Propangastanks.<\/p>\n<\/div>\n<\/div>\n<\/div>\n<\/div>\n<\/div>\n<div id=\"rpcB2NS3AC0MJOKQIC67I29OOSL9ET667U1\" class=\"rad-v-container \">\n<div id=\"rpwGFDQ3CC6F8H4PP81O3WL1NHF9UQJ7CYA\" class=\"rad-v-widget  \">\n<div class=\"clearfix rad-v-feeder\">\n<div class=\"text-icon vf-icon\"><\/div>\n<div class=\"text-info\">\n<h4 class=\"vf-text_title\">News<\/h4>\n<h6 class=\"vf-text_subtitle\">Beste Preise. Beste Qualit\u00e4t. Zufriedene Kunden.<\/h6>\n<div class=\"vtext vf-text_data\">\n<p>Qualit\u00e4t muss nicht teuer sein. Finden Sie g\u00fcnstigste Konditionen bei uns..<\/p>\n<\/div>\n<\/div>\n<\/div>\n<\/div>\n<\/div>\n<\/div>\n<div id=\"rpsB69MJE6S9GXHH1R7CNWRGI0X58F8YE46\" class=\"rad-v-section clearfix\">\n<div id=\"rpcGTE3X78OX8J6MABKPKASIKGVO1S7G09U\" class=\"rad-v-container \">\n<div id=\"rpwDCQBGPCPO55AQS976EAYURNSOS6CCYPM\" class=\"rad-v-widget  \">\n<div class=\"clearfix rad-v-feeder\">\n<div class=\"rad-intro-info\">\n<h4 class=\"vf-text_title\">Beste Preise. Beste Qualit\u00e4t. Zufriedene Kunden.<\/h4>\n<h6 class=\"vf-text_subtitle\">Beste Preise. Beste Qualit\u00e4t. Zufriedene Kunden.<\/h6>\n<\/div>\n<\/div>\n<\/div>\n<\/div>\n<\/div>\n<div id=\"rpsBW30YMUF2GS3RTMKHSYTC6180QQVLVC6\" class=\"rad-v-section clearfix\">\n<div id=\"rpcRXOWPVSW975KQIGM867GGA09J8DUX565\" class=\"rad-v-container \">\n<div id=\"rpwSCEFINGFB2989K0Q3GEWW4E1MPWN3LV6\" class=\"rad-v-widget  \">\n<div class=\"clearfix rad-v-feeder\">Button &#8211; <a class=\"vf-label\" href=\"#\">Ihr Anliegen ist uns wichtig!<\/a><\/div>\n<\/div>\n<\/div>\n<\/div>\n<\/div>\n<\/div>\n<p><!-- ## AUTO GENERATED Visual Feedback --><\/p>\n","protected":false},"excerpt":{"rendered":"<p>Tanks zur Miete oder zum Kauf Kompetenz zum besten Preis in allen Bereichen Die Besten&#8230;<\/p>\n","protected":false},"author":2,"featured_media":0,"parent":0,"menu_order":0,"comment_status":"open","ping_status":"open","template":"","meta":{"footnotes":""},"class_list":["post-8864","page","type-page","status-publish","hentry"],"yoast_head":"<!-- This site is optimized with the Yoast SEO plugin v26.2 - https:\/\/yoast.com\/wordpress\/plugins\/seo\/ -->\n<title>Fl\u00fcssiggastanks - Gasgenial - Fl\u00fcssiggas g\u00fcnstig kaufen<\/title>\n<meta name=\"robots\" content=\"index, follow, max-snippet:-1, max-image-preview:large, max-video-preview:-1\" \/>\n<link rel=\"canonical\" href=\"https:\/\/gasgenial.de\/fluessiggas\/fluessiggastanks-2\" \/>\n<meta property=\"og:locale\" content=\"de_DE\" \/>\n<meta property=\"og:type\" content=\"article\" \/>\n<meta property=\"og:title\" content=\"Fl\u00fcssiggastanks - Gasgenial - Fl\u00fcssiggas g\u00fcnstig kaufen\" \/>\n<meta property=\"og:description\" content=\"Tanks zur Miete oder zum Kauf Kompetenz zum besten Preis in allen Bereichen Die Besten...\" \/>\n<meta property=\"og:url\" content=\"https:\/\/gasgenial.de\/fluessiggas\/fluessiggastanks-2\" \/>\n<meta property=\"og:site_name\" content=\"Gasgenial - Fl\u00fcssiggas g\u00fcnstig kaufen\" \/>\n<meta property=\"og:image\" content=\"https:\/\/gasgenial.de\/fluessiggas\/wp-content\/uploads\/2019\/12\/\u00a9GazCologne-Fl\u00fcssiggastank-OBERIRDISCH-800PX-150x150.jpg\" \/>\n<meta name=\"twitter:card\" content=\"summary_large_image\" \/>\n<meta name=\"twitter:label1\" content=\"Gesch\u00e4tzte Lesezeit\" \/>\n\t<meta name=\"twitter:data1\" content=\"3\u00a0Minuten\" \/>\n<script type=\"application\/ld+json\" class=\"yoast-schema-graph\">{\"@context\":\"https:\/\/schema.org\",\"@graph\":[{\"@type\":\"WebPage\",\"@id\":\"https:\/\/gasgenial.de\/fluessiggas\/fluessiggastanks-2\",\"url\":\"https:\/\/gasgenial.de\/fluessiggas\/fluessiggastanks-2\",\"name\":\"Fl\u00fcssiggastanks - Gasgenial - Fl\u00fcssiggas g\u00fcnstig kaufen\",\"isPartOf\":{\"@id\":\"https:\/\/gasgenial.de\/fluessiggas\/#website\"},\"datePublished\":\"2014-08-20T09:40:04+00:00\",\"breadcrumb\":{\"@id\":\"https:\/\/gasgenial.de\/fluessiggas\/fluessiggastanks-2#breadcrumb\"},\"inLanguage\":\"de\",\"potentialAction\":[{\"@type\":\"ReadAction\",\"target\":[\"https:\/\/gasgenial.de\/fluessiggas\/fluessiggastanks-2\"]}]},{\"@type\":\"BreadcrumbList\",\"@id\":\"https:\/\/gasgenial.de\/fluessiggas\/fluessiggastanks-2#breadcrumb\",\"itemListElement\":[{\"@type\":\"ListItem\",\"position\":1,\"name\":\"Startseite\",\"item\":\"https:\/\/gasgenial.de\/fluessiggas\/\"},{\"@type\":\"ListItem\",\"position\":2,\"name\":\"Fl\u00fcssiggastanks\"}]},{\"@type\":\"WebSite\",\"@id\":\"https:\/\/gasgenial.de\/fluessiggas\/#website\",\"url\":\"https:\/\/gasgenial.de\/fluessiggas\/\",\"name\":\"Gasgenial - Fl\u00fcssiggas g\u00fcnstig kaufen\",\"description\":\"Fl\u00fcssiggas und Fl\u00fcssiggastanks f\u00fcr Privat und Gewerbe\",\"potentialAction\":[{\"@type\":\"SearchAction\",\"target\":{\"@type\":\"EntryPoint\",\"urlTemplate\":\"https:\/\/gasgenial.de\/fluessiggas\/?s={search_term_string}\"},\"query-input\":{\"@type\":\"PropertyValueSpecification\",\"valueRequired\":true,\"valueName\":\"search_term_string\"}}],\"inLanguage\":\"de\"}]}<\/script>\n<!-- \/ Yoast SEO plugin. -->","yoast_head_json":{"title":"Fl\u00fcssiggastanks - Gasgenial - Fl\u00fcssiggas g\u00fcnstig kaufen","robots":{"index":"index","follow":"follow","max-snippet":"max-snippet:-1","max-image-preview":"max-image-preview:large","max-video-preview":"max-video-preview:-1"},"canonical":"https:\/\/gasgenial.de\/fluessiggas\/fluessiggastanks-2","og_locale":"de_DE","og_type":"article","og_title":"Fl\u00fcssiggastanks - Gasgenial - Fl\u00fcssiggas g\u00fcnstig kaufen","og_description":"Tanks zur Miete oder zum Kauf Kompetenz zum besten Preis in allen Bereichen Die Besten...","og_url":"https:\/\/gasgenial.de\/fluessiggas\/fluessiggastanks-2","og_site_name":"Gasgenial - Fl\u00fcssiggas g\u00fcnstig kaufen","og_image":[{"url":"https:\/\/gasgenial.de\/fluessiggas\/wp-content\/uploads\/2019\/12\/\u00a9GazCologne-Fl\u00fcssiggastank-OBERIRDISCH-800PX-150x150.jpg","type":"","width":"","height":""}],"twitter_card":"summary_large_image","twitter_misc":{"Gesch\u00e4tzte Lesezeit":"3\u00a0Minuten"},"schema":{"@context":"https:\/\/schema.org","@graph":[{"@type":"WebPage","@id":"https:\/\/gasgenial.de\/fluessiggas\/fluessiggastanks-2","url":"https:\/\/gasgenial.de\/fluessiggas\/fluessiggastanks-2","name":"Fl\u00fcssiggastanks - Gasgenial - Fl\u00fcssiggas g\u00fcnstig kaufen","isPartOf":{"@id":"https:\/\/gasgenial.de\/fluessiggas\/#website"},"datePublished":"2014-08-20T09:40:04+00:00","breadcrumb":{"@id":"https:\/\/gasgenial.de\/fluessiggas\/fluessiggastanks-2#breadcrumb"},"inLanguage":"de","potentialAction":[{"@type":"ReadAction","target":["https:\/\/gasgenial.de\/fluessiggas\/fluessiggastanks-2"]}]},{"@type":"BreadcrumbList","@id":"https:\/\/gasgenial.de\/fluessiggas\/fluessiggastanks-2#breadcrumb","itemListElement":[{"@type":"ListItem","position":1,"name":"Startseite","item":"https:\/\/gasgenial.de\/fluessiggas\/"},{"@type":"ListItem","position":2,"name":"Fl\u00fcssiggastanks"}]},{"@type":"WebSite","@id":"https:\/\/gasgenial.de\/fluessiggas\/#website","url":"https:\/\/gasgenial.de\/fluessiggas\/","name":"Gasgenial - Fl\u00fcssiggas g\u00fcnstig kaufen","description":"Fl\u00fcssiggas und Fl\u00fcssiggastanks f\u00fcr Privat und Gewerbe","potentialAction":[{"@type":"SearchAction","target":{"@type":"EntryPoint","urlTemplate":"https:\/\/gasgenial.de\/fluessiggas\/?s={search_term_string}"},"query-input":{"@type":"PropertyValueSpecification","valueRequired":true,"valueName":"search_term_string"}}],"inLanguage":"de"}]}},"_links":{"self":[{"href":"https:\/\/gasgenial.de\/fluessiggas\/wp-json\/wp\/v2\/pages\/8864","targetHints":{"allow":["GET"]}}],"collection":[{"href":"https:\/\/gasgenial.de\/fluessiggas\/wp-json\/wp\/v2\/pages"}],"about":[{"href":"https:\/\/gasgenial.de\/fluessiggas\/wp-json\/wp\/v2\/types\/page"}],"author":[{"embeddable":true,"href":"https:\/\/gasgenial.de\/fluessiggas\/wp-json\/wp\/v2\/users\/2"}],"replies":[{"embeddable":true,"href":"https:\/\/gasgenial.de\/fluessiggas\/wp-json\/wp\/v2\/comments?post=8864"}],"version-history":[{"count":0,"href":"https:\/\/gasgenial.de\/fluessiggas\/wp-json\/wp\/v2\/pages\/8864\/revisions"}],"wp:attachment":[{"href":"https:\/\/gasgenial.de\/fluessiggas\/wp-json\/wp\/v2\/media?parent=8864"}],"curies":[{"name":"wp","href":"https:\/\/api.w.org\/{rel}","templated":true}]}}