{"id":7240,"date":"2020-05-12T16:06:59","date_gmt":"2020-05-12T16:06:59","guid":{"rendered":"https:\/\/kronengas.de\/?page_id=7240"},"modified":"2022-07-04T08:33:18","modified_gmt":"2022-07-04T08:33:18","slug":"kontakt","status":"publish","type":"page","link":"https:\/\/gasgenial.de\/fluessiggas\/kontakt","title":{"rendered":"Kontakt"},"content":{"rendered":"<p>[vc_row][vc_column enable_column_shadowbox=&#8220;yes&#8220; css=&#8220;.vc_custom_1536751718172{margin-top: -10% !important;padding-top: 45px !important;padding-right: 15px !important;padding-bottom: 30px !important;padding-left: 15px !important;background-color: #ffffff !important;}&#8220; column_box_shadow=&#8220;%5B%7B%22x_offset%22%3A%220%22%2C%22y_offset%22%3A%2215px%22%2C%22blur_radius%22%3A%2250px%22%2C%22shadow_color%22%3A%22rgba(0%2C%200%2C%200%2C%200.025)%22%7D%5D&#8220;][vc_row_inner content_placement=&#8220;middle&#8220;][vc_column_inner offset=&#8220;vc_col-md-offset-1 vc_col-md-6&#8243;]<style>.ld_section_title_6a046bf08aa75 h2{font-size:38px;margin-bottom:0px !important;;}<\/style><header class=\"fancy-title ld_section_title_6a046bf08aa75\">\n\t<h2>Schreiben Sie uns<\/h2>\t<h6 class=\"\">Oben sehen Sie unser Tanklager NRW. \u00dcber unser Schnellkontaktformular unten erreichen Sie uns 24\/7.<\/h6>\t<\/header>[\/vc_column_inner][vc_column_inner align=&#8220;text-left&#8220; offset=&#8220;vc_col-md-4 vc_hidden-sm vc_hidden-xs&#8220; responsive_align=&#8220;text-md-right&#8220;]<style>.ld_icon_box_6a046bf08b133 .iconbox-icon-container{color:rgb(216, 219, 226);border-radius:px;}.ld_icon_box_6a046bf08b133:hover .iconbox-icon-container{color:rgb(0, 0, 0);}.ld_icon_box_6a046bf08b133 h3{margin-bottom:px;}<\/style>\n<div class=\"iconbox text-right iconbox-xl ld_icon_box_6a046bf08b133 vc_custom_1536751299280\" id=\"ld_icon_box_6a046bf08b133\"  data-animate-icon=\"true\" data-plugin-options='{\"resetOnHover\":true,\"color\":\"rgb(216, 219, 226)\",\"hoverColor\":\"rgb(0, 0, 0)\"}'  >\n\t\n\t\t<div class=\"iconbox-icon-wrap\"><span class=\"iconbox-icon-container\"><?xml version=\"1.0\" encoding=\"utf-8\"?>\r\n<!-- Generator: Adobe Illustrator 16.0.0, SVG Export Plug-In . SVG Version: 6.00 Build 0)  -->\r\n<!DOCTYPE svg PUBLIC \"-\/\/W3C\/\/DTD SVG 1.1\/\/EN\" \"http:\/\/www.w3.org\/Graphics\/SVG\/1.1\/DTD\/svg11.dtd\">\r\n<svg version=\"1.1\" id=\"Layer_1\" xmlns=\"http:\/\/www.w3.org\/2000\/svg\" xmlns:xlink=\"http:\/\/www.w3.org\/1999\/xlink\" x=\"0px\" y=\"0px\"\r\n\t width=\"64px\" height=\"64px\" viewBox=\"0 0 64 64\" enable-background=\"new 0 0 64 64\" xml:space=\"preserve\">\r\n<polygon fill=\"none\" stroke=\"#000000\" stroke-width=\"2\" stroke-linejoin=\"bevel\" stroke-miterlimit=\"10\" points=\"1,30 63,1 23,41 \r\n\t\"\/>\r\n<polygon fill=\"none\" stroke=\"#000000\" stroke-width=\"2\" stroke-linejoin=\"bevel\" stroke-miterlimit=\"10\" points=\"34,63 63,1 23,41 \r\n\t\"\/>\r\n<\/svg>\r\n<\/span><\/div><!-- \/.iconbox-icon-wrap -->\t\n\t\t\n\t\t\n\t\t\t\t\n\t\t\n\t\n<\/div>\n[\/vc_column_inner][vc_column_inner offset=&#8220;vc_col-md-offset-1 vc_col-md-10&#8243;]<style>.ld_cf7_6a046bf08db3b input[type=\"submit\"], .ld_cf7_6a046bf08db3b button[type=\"submit\"]{font-size:13px;font-weight:700;letter-spacing:0.1em;background:rgb(255, 255, 255);color:rgb(14, 48, 93);border-color:rgb(14, 48, 93);}.ld_cf7_6a046bf08db3b input, .ld_cf7_6a046bf08db3b select, .ld_cf7_6a046bf08db3b textarea, .ld_cf7_6a046bf08db3b .ui-selectmenu-button{color:rgb(167, 169, 184);}.ld_cf7_6a046bf08db3b input:focus, .ld_cf7_6a046bf08db3b select:focus, .ld_cf7_6a046bf08db3b textarea:focus, .ld_cf7_6a046bf08db3b .ui-selectmenu-button:hover{color:rgb(24, 27, 49);}.ld_cf7_6a046bf08db3b input[type=\"submit\"]:focus,.ld_cf7_6a046bf08db3b input[type=\"submit\"]:hover, .ld_cf7_6a046bf08db3b button[type=\"submit\"]:focus, .ld_cf7_6a046bf08db3b button[type=\"submit\"]:hover{background:rgb(14, 48, 93);}.ld_cf7_6a046bf08db3b input[type=\"submit\"]:hover, .ld_cf7_6a046bf08db3b button[type=\"submit\"]:hover{color:rgb(255, 255, 255);}<\/style><div id=\"ld_cf7_6a046bf08db3b\" class=\"lqd-contact-form ld_cf7_6a046bf08db3b\">\n\t\n<div class=\"wpcf7 no-js\" id=\"wpcf7-f7246-o1\" lang=\"de-DE\" dir=\"ltr\" data-wpcf7-id=\"7246\">\n<div class=\"screen-reader-response\"><p role=\"status\" aria-live=\"polite\" aria-atomic=\"true\"><\/p> <ul><\/ul><\/div>\n<form action=\"\/fluessiggas\/wp-json\/wp\/v2\/pages\/7240#wpcf7-f7246-o1\" method=\"post\" class=\"wpcf7-form init\" aria-label=\"Kontaktformular\" novalidate=\"novalidate\" data-status=\"init\">\n<fieldset class=\"hidden-fields-container\"><input type=\"hidden\" name=\"_wpcf7\" value=\"7246\" \/><input type=\"hidden\" name=\"_wpcf7_version\" value=\"6.1.3\" \/><input type=\"hidden\" name=\"_wpcf7_locale\" value=\"de_DE\" \/><input type=\"hidden\" name=\"_wpcf7_unit_tag\" value=\"wpcf7-f7246-o1\" \/><input type=\"hidden\" name=\"_wpcf7_container_post\" value=\"0\" \/><input type=\"hidden\" name=\"_wpcf7_posted_data_hash\" value=\"\" \/>\n<\/fieldset>\n<p><span class=\"wpcf7-form-control-wrap\" data-name=\"your-name\"><input size=\"40\" maxlength=\"400\" class=\"wpcf7-form-control wpcf7-text wpcf7-validates-as-required\" aria-required=\"true\" aria-invalid=\"false\" placeholder=\"NAME *\" value=\"\" type=\"text\" name=\"your-name\" \/><\/span>\n<\/p>\n<p><span class=\"wpcf7-form-control-wrap\" data-name=\"your-plz\"><input size=\"40\" maxlength=\"400\" class=\"wpcf7-form-control wpcf7-text wpcf7-validates-as-required\" aria-required=\"true\" aria-invalid=\"false\" placeholder=\"POSTLEITZAHL *\" value=\"\" type=\"text\" name=\"your-plz\" \/><\/span>\n<\/p>\n<p><span class=\"wpcf7-form-control-wrap\" data-name=\"your-email\"><input size=\"40\" maxlength=\"400\" class=\"wpcf7-form-control wpcf7-email wpcf7-validates-as-required wpcf7-text wpcf7-validates-as-email\" aria-required=\"true\" aria-invalid=\"false\" placeholder=\"EMAIL *\" value=\"\" type=\"email\" name=\"your-email\" \/><\/span>\n<\/p>\n<p><span class=\"wpcf7-form-control-wrap\" data-name=\"your-phone\"><input size=\"40\" maxlength=\"400\" class=\"wpcf7-form-control wpcf7-text wpcf7-validates-as-required\" aria-required=\"true\" aria-invalid=\"false\" placeholder=\"TELEFONNUMMER *\" value=\"\" type=\"text\" name=\"your-phone\" \/><\/span>\n<\/p>\n<p><span class=\"wpcf7-form-control-wrap\" data-name=\"menu-102\"><select class=\"wpcf7-form-control wpcf7-select\" aria-invalid=\"false\" name=\"menu-102\"><option value=\"AUSWAHL TREFFEN\">AUSWAHL TREFFEN<\/option><option value=\"FL\u00dcSSIGGASPREIS\">FL\u00dcSSIGGASPREIS<\/option><option value=\"FL\u00dcSSIGGASTANK ZUR MIETE\">FL\u00dcSSIGGASTANK ZUR MIETE<\/option><option value=\"FL\u00dcSSIGGASTANK ZUM KAUF\">FL\u00dcSSIGGASTANK ZUM KAUF<\/option><option value=\"ALLGEMEINE ANFRAGE\">ALLGEMEINE ANFRAGE<\/option><\/select><\/span>\n<\/p>\n<p><span class=\"wpcf7-form-control-wrap\" data-name=\"your-message\"><textarea cols=\"40\" rows=\"10\" maxlength=\"2000\" class=\"wpcf7-form-control wpcf7-textarea\" aria-invalid=\"false\" placeholder=\"IHRE NACHRICHT WIRD WERKTAGS INNERHALB VON WENIGEN STUNDEN BEARBEITET.\" name=\"your-message\"><\/textarea><\/span>\n<\/p>\n<p><input class=\"wpcf7-form-control wpcf7-submit has-spinner\" type=\"submit\" value=\"ABSENDEN\" \/>\n<\/p>\n<p><span class=\"wpcf7-form-control-wrap\" data-name=\"your-consent\"><span class=\"wpcf7-form-control wpcf7-acceptance\"><span class=\"wpcf7-list-item\"><label><input type=\"checkbox\" name=\"your-consent\" value=\"1\" aria-invalid=\"false\" \/><span class=\"wpcf7-list-item-label\">Zustimmung zur individuellen Beratung und Datenschutzerkl\u00e4rung<\/span><\/label><\/span><\/span><\/span>\n<\/p>\n<p>Ich m\u00f6chte individuell, unverbindlich und kostenlos informiert werden und bin damit einverstanden, dass die Gazcologne Fl\u00fcssiggas-Service GmbH, Rommersdorfer Str. 90, 53604 Bad Honnef, zu diesem Zweck die von mir angegebenen personenbezogenen Daten verarbeitet und nutzt sowie an beauftragte verbundene Personen und Dienstleister \u00fcbermittelt, wie im Datenschutzhinweis n\u00e4her beschrieben. Ich bin dar\u00fcber informiert worden, dass ich dieser Einwilligung jederzeit auch teilweise widersprechen kann. Durch Klicken auf \"Senden\" stimmen sie der <a href=\"https:\/\/gasgenial.de\/fluessiggas\/datenschutz\" target=\"_blank\" rel=\"noopener\">Datenschutzerkl\u00e4rung<\/a> zu.\n<\/p><input\n                    class=\"apbct_special_field apbct_email_id__wp_contact_form_7\"\n                    name=\"apbct__email_id__wp_contact_form_7\"\n                    aria-label=\"apbct__label_id__wp_contact_form_7\"\n                    type=\"text\" size=\"30\" maxlength=\"200\" autocomplete=\"off\"\n                    value=\"\"\n                \/><div class=\"wpcf7-response-output\" aria-hidden=\"true\"><\/div>\n<\/form>\n<\/div>\n<\/div>[\/vc_column_inner][\/vc_row_inner][\/vc_column][\/vc_row][vc_row css=&#8220;.vc_custom_1536752040227{padding-top: 90px !important;padding-bottom: 60px !important;}&#8220;][vc_column offset=&#8220;vc_col-md-offset-1 vc_col-md-10&#8243;][vc_row_inner][vc_column_inner width=&#8220;2\/3&#8243; offset=&#8220;vc_col-md-3&#8243; css=&#8220;.vc_custom_1536751938404{padding-left: 15px !important;}&#8220;][vc_icon icon_fontawesome=&#8220;fas fa-home&#8220; color=&#8220;white&#8220; background_style=&#8220;rounded&#8220; background_color=&#8220;custom&#8220; size=&#8220;lg&#8220; align=&#8220;center&#8220; custom_background_color=&#8220;#088fe1&#8243;][vc_column_text]Marie-Curie Stra\u00dfe 1<br \/>\n53757 Sankt Augustin<br \/>\nDeutschland<\/p>\n<p><a href=\"https:\/\/www.google.com\/maps\/place\/GazCologne+Fl%C3%BCssiggas-Service+GmbH\/@50.65188,7.225024,15z\/data=!4m5!3m4!1s0x0:0x64ed1adffb3cbb4!8m2!3d50.65188!4d7.225024\" target=\"_blank\" rel=\"noopener noreferrer\">Google Maps<\/a>[\/vc_column_text]<style>.ld_spacer_6a046bf08e2b3{height:32px;}<\/style>\n<div class=\"ld-empty-space ld_spacer_6a046bf08e2b3\"><span class=\"liquid_empty_space_inner\"><\/span><\/div>[\/vc_column_inner][vc_column_inner width=&#8220;2\/3&#8243; offset=&#8220;vc_col-md-offset-1 vc_col-md-3&#8243; css=&#8220;.vc_custom_1536751987454{padding-left: 15px !important;}&#8220;][vc_icon icon_fontawesome=&#8220;fas fa-phone-alt&#8220; color=&#8220;white&#8220; background_style=&#8220;rounded&#8220; background_color=&#8220;custom&#8220; size=&#8220;lg&#8220; align=&#8220;center&#8220; custom_background_color=&#8220;#088fe1&#8243;][vc_column_text]+49 (0) 2241 3 222 777<br \/>\ninfo (at) gasgenial (dot) de[\/vc_column_text]<style>.ld_spacer_6a046bf08e364{height:32px;}<\/style>\n<div class=\"ld-empty-space ld_spacer_6a046bf08e364\"><span class=\"liquid_empty_space_inner\"><\/span><\/div>[\/vc_column_inner][vc_column_inner width=&#8220;2\/3&#8243; offset=&#8220;vc_col-md-offset-1 vc_col-md-3&#8243; css=&#8220;.vc_custom_1536751993889{padding-left: 15px !important;}&#8220;][vc_icon icon_fontawesome=&#8220;fas fa-fax&#8220; color=&#8220;white&#8220; background_style=&#8220;rounded&#8220; background_color=&#8220;custom&#8220; size=&#8220;lg&#8220; align=&#8220;center&#8220; custom_background_color=&#8220;#088fe1&#8243;][vc_column_text]+49 (0) 2241 3 222 782<br \/>\ninfo (at) gasgenial (dot) de[\/vc_column_text]<style>.ld_spacer_6a046bf08e3f5{height:32px;}<\/style>\n<div class=\"ld-empty-space ld_spacer_6a046bf08e3f5\"><span class=\"liquid_empty_space_inner\"><\/span><\/div>[\/vc_column_inner][\/vc_row_inner][\/vc_column][\/vc_row]<\/p>\n","protected":false},"excerpt":{"rendered":"<p>[vc_row][vc_column enable_column_shadowbox=&#8220;yes&#8220; css=&#8220;.vc_custom_1536751718172{margin-top: -10% !important;padding-top: 45px !important;padding-right: 15px !important;padding-bottom: 30px !important;padding-left: 15px !important;background-color: #ffffff !important;}&#8220;&#8230;<\/p>\n","protected":false},"author":1,"featured_media":0,"parent":0,"menu_order":0,"comment_status":"closed","ping_status":"closed","template":"","meta":{"footnotes":""},"class_list":["post-7240","page","type-page","status-publish","hentry"],"yoast_head":"<!-- This site is optimized with the Yoast SEO plugin v26.2 - https:\/\/yoast.com\/wordpress\/plugins\/seo\/ -->\n<title>Kontakt - Gasgenial - Fl\u00fcssiggas g\u00fcnstig kaufen<\/title>\n<meta name=\"robots\" content=\"index, follow, max-snippet:-1, max-image-preview:large, max-video-preview:-1\" \/>\n<link rel=\"canonical\" href=\"https:\/\/gasgenial.de\/fluessiggas\/kontakt\" \/>\n<meta property=\"og:locale\" content=\"de_DE\" \/>\n<meta property=\"og:type\" content=\"article\" \/>\n<meta property=\"og:title\" content=\"Kontakt - Gasgenial - Fl\u00fcssiggas g\u00fcnstig kaufen\" \/>\n<meta property=\"og:description\" content=\"[vc_row][vc_column enable_column_shadowbox=&#8220;yes&#8220; css=&#8220;.vc_custom_1536751718172{margin-top: -10% !important;padding-top: 45px !important;padding-right: 15px !important;padding-bottom: 30px !important;padding-left: 15px !important;background-color: #ffffff !important;}&#8220;...\" \/>\n<meta property=\"og:url\" content=\"https:\/\/gasgenial.de\/fluessiggas\/kontakt\" \/>\n<meta property=\"og:site_name\" content=\"Gasgenial - Fl\u00fcssiggas g\u00fcnstig kaufen\" \/>\n<meta property=\"article:modified_time\" content=\"2022-07-04T08:33:18+00:00\" \/>\n<meta name=\"twitter:card\" content=\"summary_large_image\" \/>\n<meta name=\"twitter:label1\" content=\"Gesch\u00e4tzte Lesezeit\" \/>\n\t<meta name=\"twitter:data1\" content=\"1\u00a0Minute\" \/>\n<script type=\"application\/ld+json\" class=\"yoast-schema-graph\">{\"@context\":\"https:\/\/schema.org\",\"@graph\":[{\"@type\":\"WebPage\",\"@id\":\"https:\/\/gasgenial.de\/fluessiggas\/kontakt\",\"url\":\"https:\/\/gasgenial.de\/fluessiggas\/kontakt\",\"name\":\"Kontakt - Gasgenial - Fl\u00fcssiggas g\u00fcnstig kaufen\",\"isPartOf\":{\"@id\":\"https:\/\/gasgenial.de\/fluessiggas\/#website\"},\"datePublished\":\"2020-05-12T16:06:59+00:00\",\"dateModified\":\"2022-07-04T08:33:18+00:00\",\"breadcrumb\":{\"@id\":\"https:\/\/gasgenial.de\/fluessiggas\/kontakt#breadcrumb\"},\"inLanguage\":\"de\",\"potentialAction\":[{\"@type\":\"ReadAction\",\"target\":[\"https:\/\/gasgenial.de\/fluessiggas\/kontakt\"]}]},{\"@type\":\"BreadcrumbList\",\"@id\":\"https:\/\/gasgenial.de\/fluessiggas\/kontakt#breadcrumb\",\"itemListElement\":[{\"@type\":\"ListItem\",\"position\":1,\"name\":\"Startseite\",\"item\":\"https:\/\/gasgenial.de\/fluessiggas\/\"},{\"@type\":\"ListItem\",\"position\":2,\"name\":\"Kontakt\"}]},{\"@type\":\"WebSite\",\"@id\":\"https:\/\/gasgenial.de\/fluessiggas\/#website\",\"url\":\"https:\/\/gasgenial.de\/fluessiggas\/\",\"name\":\"Gasgenial - Fl\u00fcssiggas g\u00fcnstig kaufen\",\"description\":\"Fl\u00fcssiggas und Fl\u00fcssiggastanks f\u00fcr Privat und Gewerbe\",\"potentialAction\":[{\"@type\":\"SearchAction\",\"target\":{\"@type\":\"EntryPoint\",\"urlTemplate\":\"https:\/\/gasgenial.de\/fluessiggas\/?s={search_term_string}\"},\"query-input\":{\"@type\":\"PropertyValueSpecification\",\"valueRequired\":true,\"valueName\":\"search_term_string\"}}],\"inLanguage\":\"de\"}]}<\/script>\n<!-- \/ Yoast SEO plugin. -->","yoast_head_json":{"title":"Kontakt - Gasgenial - Fl\u00fcssiggas g\u00fcnstig kaufen","robots":{"index":"index","follow":"follow","max-snippet":"max-snippet:-1","max-image-preview":"max-image-preview:large","max-video-preview":"max-video-preview:-1"},"canonical":"https:\/\/gasgenial.de\/fluessiggas\/kontakt","og_locale":"de_DE","og_type":"article","og_title":"Kontakt - Gasgenial - Fl\u00fcssiggas g\u00fcnstig kaufen","og_description":"[vc_row][vc_column enable_column_shadowbox=&#8220;yes&#8220; css=&#8220;.vc_custom_1536751718172{margin-top: -10% !important;padding-top: 45px !important;padding-right: 15px !important;padding-bottom: 30px !important;padding-left: 15px !important;background-color: #ffffff !important;}&#8220;...","og_url":"https:\/\/gasgenial.de\/fluessiggas\/kontakt","og_site_name":"Gasgenial - Fl\u00fcssiggas g\u00fcnstig kaufen","article_modified_time":"2022-07-04T08:33:18+00:00","twitter_card":"summary_large_image","twitter_misc":{"Gesch\u00e4tzte Lesezeit":"1\u00a0Minute"},"schema":{"@context":"https:\/\/schema.org","@graph":[{"@type":"WebPage","@id":"https:\/\/gasgenial.de\/fluessiggas\/kontakt","url":"https:\/\/gasgenial.de\/fluessiggas\/kontakt","name":"Kontakt - Gasgenial - Fl\u00fcssiggas g\u00fcnstig kaufen","isPartOf":{"@id":"https:\/\/gasgenial.de\/fluessiggas\/#website"},"datePublished":"2020-05-12T16:06:59+00:00","dateModified":"2022-07-04T08:33:18+00:00","breadcrumb":{"@id":"https:\/\/gasgenial.de\/fluessiggas\/kontakt#breadcrumb"},"inLanguage":"de","potentialAction":[{"@type":"ReadAction","target":["https:\/\/gasgenial.de\/fluessiggas\/kontakt"]}]},{"@type":"BreadcrumbList","@id":"https:\/\/gasgenial.de\/fluessiggas\/kontakt#breadcrumb","itemListElement":[{"@type":"ListItem","position":1,"name":"Startseite","item":"https:\/\/gasgenial.de\/fluessiggas\/"},{"@type":"ListItem","position":2,"name":"Kontakt"}]},{"@type":"WebSite","@id":"https:\/\/gasgenial.de\/fluessiggas\/#website","url":"https:\/\/gasgenial.de\/fluessiggas\/","name":"Gasgenial - Fl\u00fcssiggas g\u00fcnstig kaufen","description":"Fl\u00fcssiggas und Fl\u00fcssiggastanks f\u00fcr Privat und Gewerbe","potentialAction":[{"@type":"SearchAction","target":{"@type":"EntryPoint","urlTemplate":"https:\/\/gasgenial.de\/fluessiggas\/?s={search_term_string}"},"query-input":{"@type":"PropertyValueSpecification","valueRequired":true,"valueName":"search_term_string"}}],"inLanguage":"de"}]}},"_links":{"self":[{"href":"https:\/\/gasgenial.de\/fluessiggas\/wp-json\/wp\/v2\/pages\/7240","targetHints":{"allow":["GET"]}}],"collection":[{"href":"https:\/\/gasgenial.de\/fluessiggas\/wp-json\/wp\/v2\/pages"}],"about":[{"href":"https:\/\/gasgenial.de\/fluessiggas\/wp-json\/wp\/v2\/types\/page"}],"author":[{"embeddable":true,"href":"https:\/\/gasgenial.de\/fluessiggas\/wp-json\/wp\/v2\/users\/1"}],"replies":[{"embeddable":true,"href":"https:\/\/gasgenial.de\/fluessiggas\/wp-json\/wp\/v2\/comments?post=7240"}],"version-history":[{"count":3,"href":"https:\/\/gasgenial.de\/fluessiggas\/wp-json\/wp\/v2\/pages\/7240\/revisions"}],"predecessor-version":[{"id":13756,"href":"https:\/\/gasgenial.de\/fluessiggas\/wp-json\/wp\/v2\/pages\/7240\/revisions\/13756"}],"wp:attachment":[{"href":"https:\/\/gasgenial.de\/fluessiggas\/wp-json\/wp\/v2\/media?parent=7240"}],"curies":[{"name":"wp","href":"https:\/\/api.w.org\/{rel}","templated":true}]}}