{"id":6764,"date":"2015-07-06T14:55:50","date_gmt":"2015-07-06T13:55:50","guid":{"rendered":"http:\/\/www.gazcologne.de\/fluessiggas-kompetenz\/?page_id=6764"},"modified":"2015-07-06T14:55:50","modified_gmt":"2015-07-06T13:55:50","slug":"fluessiggas-und-fluessiggastank-kreis-saalfeld-rudolfstadt","status":"publish","type":"page","link":"https:\/\/gasgenial.de\/fluessiggas\/fluessiggas-und-fluessiggastank-kreis-saalfeld-rudolfstadt","title":{"rendered":"Fl\u00fcssiggas und Fl\u00fcssiggastank Kreis Saalfeld-Rudolfstadt"},"content":{"rendered":"<div>\n<div class=\"clearfix\"><!-- ## SEO GENERATED Visual Feedback --><\/p>\n<div id=\"rpsORFY95N3UY4R7O36222WIXK6APKDXCAN\" class=\"rad-v-section clearfix\">\n<div id=\"rpcA5DQC8TNS2Q84W5IKNBK1TASU1NG5ES5\" class=\"rad-v-container \">\n<div id=\"rpwRV98BSWULRO6FYH9STRJ2G48U9SYTV47\" class=\"rad-v-widget  \">\n<div class=\"clearfix rad-v-feeder\">\n<div class=\"text-icon vf-icon\"><\/div>\n<div class=\"text-info\">\n<h4 class=\"vf-text_title\"><\/h4>\n<h6 class=\"vf-text_subtitle\"><\/h6>\n<div class=\"vtext vf-text_data\">\n<div class=\" four columns mobile-four \">\n<div class=\"mvb_inner_wrapper\" data-speed=\"1\" data-offsety=\"0\" data-type=\"background\">\n<div class=\"module module-text  \">\n<div class=\"textwidget \">\n<div id=\"c13803\" class=\"csc-default\">\n<div class=\"fce2spalten\">\n<div class=\"spalte1\">\n<div class=\"contentblock\">\n<div id=\"c13801\" class=\"csc-default\">\n<div class=\"fce_list_body\">\n<ul>\n<li>07318 Wittgendorf<\/li>\n<li>07318 Arnsgereuth<\/li>\n<li>07318 Saalfeld\/Saale<\/li>\n<li>07330 Probstzella<\/li>\n<li>07330 Marktg\u00f6litz<\/li>\n<li>07333 Unterwellenborn<\/li>\n<li>07334 Gosswitz<\/li>\n<li>07334 Kamsdorf<\/li>\n<li>07336 K\u00f6nitz<\/li>\n<li>07336 Birkigt<\/li>\n<li>07338 Drognitz<\/li>\n<li>07338 Altenbeuthen<\/li>\n<li>07338 Hohenwarte<\/li>\n<li>07338 Leutenberg<\/li>\n<li>07338 Kaulsdorf<\/li>\n<li>07349 Lehesten<\/li>\n<li>07387 Lausnitz bei P\u00f6ssneck<\/li>\n<li>07407 Rudolstadt<\/li>\n<li>07407 Heilingen<\/li>\n<li>07407 Uhlst\u00e4dt-Kirchhasel<\/li>\n<li>07407 Remda-Teichel<\/li>\n<li>07407 Grosskochberg<\/li>\n<li>07422 Rottenbach<\/li>\n<li>07422 Saalfelder H\u00f6he<\/li>\n<li>07422 Bad Blankenburg<\/li>\n<li>07426 Bechstedt<\/li>\n<li>07426 K\u00f6nigsee<\/li>\n<li>07426 Dr\u00f6bischau<\/li>\n<li>07426 Oberhain<\/li>\n<li>07426 Allendorf<\/li>\n<li>07427 Schwarzburg<\/li>\n<li>07429 D\u00f6schnitz<\/li>\n<li>07429 Sitzendorf<\/li>\n<li>07429 Rohrbach<\/li>\n<li>98739 Schmiedefeld<\/li>\n<li>98739 Lichte<\/li>\n<li>98739 Reichmannsdorf<\/li>\n<li>98739 Piesau<\/li>\n<li>98743 Gr\u00e4fenthal<\/li>\n<li>98744 Oberweissbach<\/li>\n<li>98744 Deesbach<\/li>\n<li>98744 Lichtenhain\/Bergbahn<\/li>\n<li>98744 Cursdorf<\/li>\n<li>98744 Unterweissbach<\/li>\n<li>98744 Meura<\/li>\n<li>98746 Meuselbach-Schwarzm\u00fchle<\/li>\n<li>98746 Mellenbach-Glasbach<\/li>\n<li>98746 Katzh\u00fctte<\/li>\n<\/ul>\n<p>&nbsp;<\/p>\n<h2><a title=\"Kontakt\" href=\"https:\/\/gasgenial.de\/fluessiggas\/kontakt\">Preisanfrage Fl\u00fcssiggas oder Fl\u00fcssiggastank<\/a><\/h2>\n<\/div>\n<\/div>\n<\/div>\n<\/div>\n<\/div>\n<\/div>\n<\/div>\n<\/div>\n<\/div>\n<\/div>\n<\/div>\n<\/div>\n<\/div>\n<\/div>\n<\/div>\n<\/div>\n<\/div>\n<\/div>\n<p><!-- ## AUTO GENERATED Visual Feedback --><\/p>\n","protected":false},"excerpt":{"rendered":"<p>07318 Wittgendorf 07318 Arnsgereuth 07318 Saalfeld\/Saale 07330 Probstzella 07330 Marktg\u00f6litz 07333 Unterwellenborn 07334 Gosswitz 07334&#8230;<\/p>\n","protected":false},"author":2,"featured_media":0,"parent":0,"menu_order":0,"comment_status":"open","ping_status":"open","template":"","meta":{"footnotes":""},"class_list":["post-6764","page","type-page","status-publish","hentry"],"yoast_head":"<!-- This site is optimized with the Yoast SEO plugin v26.2 - https:\/\/yoast.com\/wordpress\/plugins\/seo\/ -->\n<title>Fl\u00fcssiggas und Fl\u00fcssiggastank Kreis Saalfeld-Rudolfstadt - Gasgenial - Fl\u00fcssiggas g\u00fcnstig kaufen<\/title>\n<meta name=\"robots\" content=\"index, follow, max-snippet:-1, max-image-preview:large, max-video-preview:-1\" \/>\n<link rel=\"canonical\" href=\"https:\/\/gasgenial.de\/fluessiggas\/fluessiggas-und-fluessiggastank-kreis-saalfeld-rudolfstadt\" \/>\n<meta property=\"og:locale\" content=\"de_DE\" \/>\n<meta property=\"og:type\" content=\"article\" \/>\n<meta property=\"og:title\" content=\"Fl\u00fcssiggas und Fl\u00fcssiggastank Kreis Saalfeld-Rudolfstadt - Gasgenial - Fl\u00fcssiggas g\u00fcnstig kaufen\" \/>\n<meta property=\"og:description\" content=\"07318 Wittgendorf 07318 Arnsgereuth 07318 Saalfeld\/Saale 07330 Probstzella 07330 Marktg\u00f6litz 07333 Unterwellenborn 07334 Gosswitz 07334...\" \/>\n<meta property=\"og:url\" content=\"https:\/\/gasgenial.de\/fluessiggas\/fluessiggas-und-fluessiggastank-kreis-saalfeld-rudolfstadt\" \/>\n<meta property=\"og:site_name\" content=\"Gasgenial - Fl\u00fcssiggas g\u00fcnstig kaufen\" \/>\n<meta name=\"twitter:card\" content=\"summary_large_image\" \/>\n<script type=\"application\/ld+json\" class=\"yoast-schema-graph\">{\"@context\":\"https:\/\/schema.org\",\"@graph\":[{\"@type\":\"WebPage\",\"@id\":\"https:\/\/gasgenial.de\/fluessiggas\/fluessiggas-und-fluessiggastank-kreis-saalfeld-rudolfstadt\",\"url\":\"https:\/\/gasgenial.de\/fluessiggas\/fluessiggas-und-fluessiggastank-kreis-saalfeld-rudolfstadt\",\"name\":\"Fl\u00fcssiggas und Fl\u00fcssiggastank Kreis Saalfeld-Rudolfstadt - Gasgenial - Fl\u00fcssiggas g\u00fcnstig kaufen\",\"isPartOf\":{\"@id\":\"https:\/\/gasgenial.de\/fluessiggas\/#website\"},\"datePublished\":\"2015-07-06T13:55:50+00:00\",\"breadcrumb\":{\"@id\":\"https:\/\/gasgenial.de\/fluessiggas\/fluessiggas-und-fluessiggastank-kreis-saalfeld-rudolfstadt#breadcrumb\"},\"inLanguage\":\"de\",\"potentialAction\":[{\"@type\":\"ReadAction\",\"target\":[\"https:\/\/gasgenial.de\/fluessiggas\/fluessiggas-und-fluessiggastank-kreis-saalfeld-rudolfstadt\"]}]},{\"@type\":\"BreadcrumbList\",\"@id\":\"https:\/\/gasgenial.de\/fluessiggas\/fluessiggas-und-fluessiggastank-kreis-saalfeld-rudolfstadt#breadcrumb\",\"itemListElement\":[{\"@type\":\"ListItem\",\"position\":1,\"name\":\"Startseite\",\"item\":\"https:\/\/gasgenial.de\/fluessiggas\/\"},{\"@type\":\"ListItem\",\"position\":2,\"name\":\"Fl\u00fcssiggas und Fl\u00fcssiggastank Kreis Saalfeld-Rudolfstadt\"}]},{\"@type\":\"WebSite\",\"@id\":\"https:\/\/gasgenial.de\/fluessiggas\/#website\",\"url\":\"https:\/\/gasgenial.de\/fluessiggas\/\",\"name\":\"Gasgenial - Fl\u00fcssiggas g\u00fcnstig kaufen\",\"description\":\"Fl\u00fcssiggas und Fl\u00fcssiggastanks f\u00fcr Privat und Gewerbe\",\"potentialAction\":[{\"@type\":\"SearchAction\",\"target\":{\"@type\":\"EntryPoint\",\"urlTemplate\":\"https:\/\/gasgenial.de\/fluessiggas\/?s={search_term_string}\"},\"query-input\":{\"@type\":\"PropertyValueSpecification\",\"valueRequired\":true,\"valueName\":\"search_term_string\"}}],\"inLanguage\":\"de\"}]}<\/script>\n<!-- \/ Yoast SEO plugin. -->","yoast_head_json":{"title":"Fl\u00fcssiggas und Fl\u00fcssiggastank Kreis Saalfeld-Rudolfstadt - Gasgenial - Fl\u00fcssiggas g\u00fcnstig kaufen","robots":{"index":"index","follow":"follow","max-snippet":"max-snippet:-1","max-image-preview":"max-image-preview:large","max-video-preview":"max-video-preview:-1"},"canonical":"https:\/\/gasgenial.de\/fluessiggas\/fluessiggas-und-fluessiggastank-kreis-saalfeld-rudolfstadt","og_locale":"de_DE","og_type":"article","og_title":"Fl\u00fcssiggas und Fl\u00fcssiggastank Kreis Saalfeld-Rudolfstadt - Gasgenial - Fl\u00fcssiggas g\u00fcnstig kaufen","og_description":"07318 Wittgendorf 07318 Arnsgereuth 07318 Saalfeld\/Saale 07330 Probstzella 07330 Marktg\u00f6litz 07333 Unterwellenborn 07334 Gosswitz 07334...","og_url":"https:\/\/gasgenial.de\/fluessiggas\/fluessiggas-und-fluessiggastank-kreis-saalfeld-rudolfstadt","og_site_name":"Gasgenial - Fl\u00fcssiggas g\u00fcnstig kaufen","twitter_card":"summary_large_image","schema":{"@context":"https:\/\/schema.org","@graph":[{"@type":"WebPage","@id":"https:\/\/gasgenial.de\/fluessiggas\/fluessiggas-und-fluessiggastank-kreis-saalfeld-rudolfstadt","url":"https:\/\/gasgenial.de\/fluessiggas\/fluessiggas-und-fluessiggastank-kreis-saalfeld-rudolfstadt","name":"Fl\u00fcssiggas und Fl\u00fcssiggastank Kreis Saalfeld-Rudolfstadt - Gasgenial - Fl\u00fcssiggas g\u00fcnstig kaufen","isPartOf":{"@id":"https:\/\/gasgenial.de\/fluessiggas\/#website"},"datePublished":"2015-07-06T13:55:50+00:00","breadcrumb":{"@id":"https:\/\/gasgenial.de\/fluessiggas\/fluessiggas-und-fluessiggastank-kreis-saalfeld-rudolfstadt#breadcrumb"},"inLanguage":"de","potentialAction":[{"@type":"ReadAction","target":["https:\/\/gasgenial.de\/fluessiggas\/fluessiggas-und-fluessiggastank-kreis-saalfeld-rudolfstadt"]}]},{"@type":"BreadcrumbList","@id":"https:\/\/gasgenial.de\/fluessiggas\/fluessiggas-und-fluessiggastank-kreis-saalfeld-rudolfstadt#breadcrumb","itemListElement":[{"@type":"ListItem","position":1,"name":"Startseite","item":"https:\/\/gasgenial.de\/fluessiggas\/"},{"@type":"ListItem","position":2,"name":"Fl\u00fcssiggas und Fl\u00fcssiggastank Kreis Saalfeld-Rudolfstadt"}]},{"@type":"WebSite","@id":"https:\/\/gasgenial.de\/fluessiggas\/#website","url":"https:\/\/gasgenial.de\/fluessiggas\/","name":"Gasgenial - Fl\u00fcssiggas g\u00fcnstig kaufen","description":"Fl\u00fcssiggas und Fl\u00fcssiggastanks f\u00fcr Privat und Gewerbe","potentialAction":[{"@type":"SearchAction","target":{"@type":"EntryPoint","urlTemplate":"https:\/\/gasgenial.de\/fluessiggas\/?s={search_term_string}"},"query-input":{"@type":"PropertyValueSpecification","valueRequired":true,"valueName":"search_term_string"}}],"inLanguage":"de"}]}},"_links":{"self":[{"href":"https:\/\/gasgenial.de\/fluessiggas\/wp-json\/wp\/v2\/pages\/6764","targetHints":{"allow":["GET"]}}],"collection":[{"href":"https:\/\/gasgenial.de\/fluessiggas\/wp-json\/wp\/v2\/pages"}],"about":[{"href":"https:\/\/gasgenial.de\/fluessiggas\/wp-json\/wp\/v2\/types\/page"}],"author":[{"embeddable":true,"href":"https:\/\/gasgenial.de\/fluessiggas\/wp-json\/wp\/v2\/users\/2"}],"replies":[{"embeddable":true,"href":"https:\/\/gasgenial.de\/fluessiggas\/wp-json\/wp\/v2\/comments?post=6764"}],"version-history":[{"count":0,"href":"https:\/\/gasgenial.de\/fluessiggas\/wp-json\/wp\/v2\/pages\/6764\/revisions"}],"wp:attachment":[{"href":"https:\/\/gasgenial.de\/fluessiggas\/wp-json\/wp\/v2\/media?parent=6764"}],"curies":[{"name":"wp","href":"https:\/\/api.w.org\/{rel}","templated":true}]}}