{"id":6759,"date":"2015-07-06T11:24:24","date_gmt":"2015-07-06T10:24:24","guid":{"rendered":"http:\/\/www.gazcologne.de\/fluessiggas-kompetenz\/?page_id=6759"},"modified":"2015-07-06T11:24:24","modified_gmt":"2015-07-06T10:24:24","slug":"fluessiggas-und-fluessiggastank-kreis-ruegen","status":"publish","type":"page","link":"https:\/\/gasgenial.de\/fluessiggas\/fluessiggas-und-fluessiggastank-kreis-ruegen","title":{"rendered":"Fl\u00fcssiggas und Fl\u00fcssiggastank Kreis R\u00fcgen"},"content":{"rendered":"<div>\n<div class=\"clearfix\"><!-- ## SEO GENERATED Visual Feedback --><\/p>\n<div id=\"rpsY0FEM9M3J2FATYIPRD7I4OHW2Y68FOMP\" class=\"rad-v-section clearfix\">\n<div id=\"rpcIH8OWBUADANFMBHATID2T7NYLQXH9KJI\" class=\"rad-v-container \">\n<div id=\"rpwSBAA6AFQHTOJE258PIATH0N20RNGBP13\" class=\"rad-v-widget  \">\n<div class=\"clearfix rad-v-feeder\">\n<div class=\"text-icon vf-icon\"><\/div>\n<div class=\"text-info\">\n<h4 class=\"vf-text_title\"><\/h4>\n<h6 class=\"vf-text_subtitle\"><\/h6>\n<div class=\"vtext vf-text_data\">\n<div class=\" four columns mobile-four \">\n<div class=\"mvb_inner_wrapper\" data-speed=\"1\" data-offsety=\"0\" data-type=\"background\">\n<div class=\"module module-text  \">\n<div class=\"textwidget \">\n<div id=\"c13696\" class=\"csc-default\">\n<div class=\"fce_list_body\">\n<ul>\n<li>18528 Lietzow<\/li>\n<li>18528 Bergen auf R\u00fcgen<\/li>\n<li>18528 Thesenvitz<\/li>\n<li>18528 Buschvitz<\/li>\n<li>18528 Patzig<\/li>\n<li>18528 Zirkow<\/li>\n<li>18528 Sehlen<\/li>\n<li>18528 Parchtitz<\/li>\n<li>18528 Ralswiek<\/li>\n<li>18528 Rappin<\/li>\n<li>18546 Sassnitz<\/li>\n<li>18551 Sagard<\/li>\n<li>18551 Lohme<\/li>\n<li>18551 Glowe<\/li>\n<li>18556 Dranske<\/li>\n<li>18556 Putgarten<\/li>\n<li>18556 Altenkirchen<\/li>\n<li>18556 Wiek<\/li>\n<li>18556 Breege<\/li>\n<li>18565 Insel Hiddensee<\/li>\n<li>18569 Schaprode<\/li>\n<li>18569 Gingst<\/li>\n<li>18569 Ummanz<\/li>\n<li>18569 Trent<\/li>\n<li>18569 Kluis<\/li>\n<li>18569 Neuenkirchen<\/li>\n<li>18573 Altef\u00e4hr<\/li>\n<li>18573 Dreschvitz<\/li>\n<li>18573 Rambin<\/li>\n<li>18573 Samtens<\/li>\n<li>18574 Poseritz<\/li>\n<li>18574 Garz<\/li>\n<li>18574 Gustow<\/li>\n<li>18574 Karnitz<\/li>\n<li>18574 Zudar<\/li>\n<li>18581 Putbus<\/li>\n<li>18586 Middelhagen<\/li>\n<li>18586 Thiessow<\/li>\n<li>18586 Baabe<\/li>\n<li>18586 G\u00f6hren<\/li>\n<li>18586 Lancken-Granitz<\/li>\n<li>18586 Gager<\/li>\n<li>18586 Sellin<\/li>\n<li>18609 Binz<\/li>\n<\/ul>\n<p>&nbsp;<\/p>\n<h2><a title=\"Kontakt\" href=\"https:\/\/gasgenial.de\/fluessiggas\/kontakt\">Preisanfrage Fl\u00fcssiggas oder Fl\u00fcssiggastank<\/a><\/h2>\n<\/div>\n<\/div>\n<\/div>\n<\/div>\n<\/div>\n<\/div>\n<\/div>\n<\/div>\n<\/div>\n<\/div>\n<\/div>\n<\/div>\n<\/div>\n<\/div>\n<p><!-- ## AUTO GENERATED Visual Feedback --><\/p>\n","protected":false},"excerpt":{"rendered":"<p>18528 Lietzow 18528 Bergen auf R\u00fcgen 18528 Thesenvitz 18528 Buschvitz 18528 Patzig 18528 Zirkow 18528&#8230;<\/p>\n","protected":false},"author":2,"featured_media":0,"parent":0,"menu_order":0,"comment_status":"open","ping_status":"open","template":"","meta":{"footnotes":""},"class_list":["post-6759","page","type-page","status-publish","hentry"],"yoast_head":"<!-- This site is optimized with the Yoast SEO plugin v26.2 - https:\/\/yoast.com\/wordpress\/plugins\/seo\/ -->\n<title>Fl\u00fcssiggas und Fl\u00fcssiggastank Kreis R\u00fcgen - Gasgenial - Fl\u00fcssiggas g\u00fcnstig kaufen<\/title>\n<meta name=\"robots\" content=\"index, follow, max-snippet:-1, max-image-preview:large, max-video-preview:-1\" \/>\n<link rel=\"canonical\" href=\"https:\/\/gasgenial.de\/fluessiggas\/fluessiggas-und-fluessiggastank-kreis-ruegen\" \/>\n<meta property=\"og:locale\" content=\"de_DE\" \/>\n<meta property=\"og:type\" content=\"article\" \/>\n<meta property=\"og:title\" content=\"Fl\u00fcssiggas und Fl\u00fcssiggastank Kreis R\u00fcgen - Gasgenial - Fl\u00fcssiggas g\u00fcnstig kaufen\" \/>\n<meta property=\"og:description\" content=\"18528 Lietzow 18528 Bergen auf R\u00fcgen 18528 Thesenvitz 18528 Buschvitz 18528 Patzig 18528 Zirkow 18528...\" \/>\n<meta property=\"og:url\" content=\"https:\/\/gasgenial.de\/fluessiggas\/fluessiggas-und-fluessiggastank-kreis-ruegen\" \/>\n<meta property=\"og:site_name\" content=\"Gasgenial - Fl\u00fcssiggas g\u00fcnstig kaufen\" \/>\n<meta name=\"twitter:card\" content=\"summary_large_image\" \/>\n<script type=\"application\/ld+json\" class=\"yoast-schema-graph\">{\"@context\":\"https:\/\/schema.org\",\"@graph\":[{\"@type\":\"WebPage\",\"@id\":\"https:\/\/gasgenial.de\/fluessiggas\/fluessiggas-und-fluessiggastank-kreis-ruegen\",\"url\":\"https:\/\/gasgenial.de\/fluessiggas\/fluessiggas-und-fluessiggastank-kreis-ruegen\",\"name\":\"Fl\u00fcssiggas und Fl\u00fcssiggastank Kreis R\u00fcgen - Gasgenial - Fl\u00fcssiggas g\u00fcnstig kaufen\",\"isPartOf\":{\"@id\":\"https:\/\/gasgenial.de\/fluessiggas\/#website\"},\"datePublished\":\"2015-07-06T10:24:24+00:00\",\"breadcrumb\":{\"@id\":\"https:\/\/gasgenial.de\/fluessiggas\/fluessiggas-und-fluessiggastank-kreis-ruegen#breadcrumb\"},\"inLanguage\":\"de\",\"potentialAction\":[{\"@type\":\"ReadAction\",\"target\":[\"https:\/\/gasgenial.de\/fluessiggas\/fluessiggas-und-fluessiggastank-kreis-ruegen\"]}]},{\"@type\":\"BreadcrumbList\",\"@id\":\"https:\/\/gasgenial.de\/fluessiggas\/fluessiggas-und-fluessiggastank-kreis-ruegen#breadcrumb\",\"itemListElement\":[{\"@type\":\"ListItem\",\"position\":1,\"name\":\"Startseite\",\"item\":\"https:\/\/gasgenial.de\/fluessiggas\/\"},{\"@type\":\"ListItem\",\"position\":2,\"name\":\"Fl\u00fcssiggas und Fl\u00fcssiggastank Kreis R\u00fcgen\"}]},{\"@type\":\"WebSite\",\"@id\":\"https:\/\/gasgenial.de\/fluessiggas\/#website\",\"url\":\"https:\/\/gasgenial.de\/fluessiggas\/\",\"name\":\"Gasgenial - Fl\u00fcssiggas g\u00fcnstig kaufen\",\"description\":\"Fl\u00fcssiggas und Fl\u00fcssiggastanks f\u00fcr Privat und Gewerbe\",\"potentialAction\":[{\"@type\":\"SearchAction\",\"target\":{\"@type\":\"EntryPoint\",\"urlTemplate\":\"https:\/\/gasgenial.de\/fluessiggas\/?s={search_term_string}\"},\"query-input\":{\"@type\":\"PropertyValueSpecification\",\"valueRequired\":true,\"valueName\":\"search_term_string\"}}],\"inLanguage\":\"de\"}]}<\/script>\n<!-- \/ Yoast SEO plugin. -->","yoast_head_json":{"title":"Fl\u00fcssiggas und Fl\u00fcssiggastank Kreis R\u00fcgen - Gasgenial - Fl\u00fcssiggas g\u00fcnstig kaufen","robots":{"index":"index","follow":"follow","max-snippet":"max-snippet:-1","max-image-preview":"max-image-preview:large","max-video-preview":"max-video-preview:-1"},"canonical":"https:\/\/gasgenial.de\/fluessiggas\/fluessiggas-und-fluessiggastank-kreis-ruegen","og_locale":"de_DE","og_type":"article","og_title":"Fl\u00fcssiggas und Fl\u00fcssiggastank Kreis R\u00fcgen - Gasgenial - Fl\u00fcssiggas g\u00fcnstig kaufen","og_description":"18528 Lietzow 18528 Bergen auf R\u00fcgen 18528 Thesenvitz 18528 Buschvitz 18528 Patzig 18528 Zirkow 18528...","og_url":"https:\/\/gasgenial.de\/fluessiggas\/fluessiggas-und-fluessiggastank-kreis-ruegen","og_site_name":"Gasgenial - Fl\u00fcssiggas g\u00fcnstig kaufen","twitter_card":"summary_large_image","schema":{"@context":"https:\/\/schema.org","@graph":[{"@type":"WebPage","@id":"https:\/\/gasgenial.de\/fluessiggas\/fluessiggas-und-fluessiggastank-kreis-ruegen","url":"https:\/\/gasgenial.de\/fluessiggas\/fluessiggas-und-fluessiggastank-kreis-ruegen","name":"Fl\u00fcssiggas und Fl\u00fcssiggastank Kreis R\u00fcgen - Gasgenial - Fl\u00fcssiggas g\u00fcnstig kaufen","isPartOf":{"@id":"https:\/\/gasgenial.de\/fluessiggas\/#website"},"datePublished":"2015-07-06T10:24:24+00:00","breadcrumb":{"@id":"https:\/\/gasgenial.de\/fluessiggas\/fluessiggas-und-fluessiggastank-kreis-ruegen#breadcrumb"},"inLanguage":"de","potentialAction":[{"@type":"ReadAction","target":["https:\/\/gasgenial.de\/fluessiggas\/fluessiggas-und-fluessiggastank-kreis-ruegen"]}]},{"@type":"BreadcrumbList","@id":"https:\/\/gasgenial.de\/fluessiggas\/fluessiggas-und-fluessiggastank-kreis-ruegen#breadcrumb","itemListElement":[{"@type":"ListItem","position":1,"name":"Startseite","item":"https:\/\/gasgenial.de\/fluessiggas\/"},{"@type":"ListItem","position":2,"name":"Fl\u00fcssiggas und Fl\u00fcssiggastank Kreis R\u00fcgen"}]},{"@type":"WebSite","@id":"https:\/\/gasgenial.de\/fluessiggas\/#website","url":"https:\/\/gasgenial.de\/fluessiggas\/","name":"Gasgenial - Fl\u00fcssiggas g\u00fcnstig kaufen","description":"Fl\u00fcssiggas und Fl\u00fcssiggastanks f\u00fcr Privat und Gewerbe","potentialAction":[{"@type":"SearchAction","target":{"@type":"EntryPoint","urlTemplate":"https:\/\/gasgenial.de\/fluessiggas\/?s={search_term_string}"},"query-input":{"@type":"PropertyValueSpecification","valueRequired":true,"valueName":"search_term_string"}}],"inLanguage":"de"}]}},"_links":{"self":[{"href":"https:\/\/gasgenial.de\/fluessiggas\/wp-json\/wp\/v2\/pages\/6759","targetHints":{"allow":["GET"]}}],"collection":[{"href":"https:\/\/gasgenial.de\/fluessiggas\/wp-json\/wp\/v2\/pages"}],"about":[{"href":"https:\/\/gasgenial.de\/fluessiggas\/wp-json\/wp\/v2\/types\/page"}],"author":[{"embeddable":true,"href":"https:\/\/gasgenial.de\/fluessiggas\/wp-json\/wp\/v2\/users\/2"}],"replies":[{"embeddable":true,"href":"https:\/\/gasgenial.de\/fluessiggas\/wp-json\/wp\/v2\/comments?post=6759"}],"version-history":[{"count":0,"href":"https:\/\/gasgenial.de\/fluessiggas\/wp-json\/wp\/v2\/pages\/6759\/revisions"}],"wp:attachment":[{"href":"https:\/\/gasgenial.de\/fluessiggas\/wp-json\/wp\/v2\/media?parent=6759"}],"curies":[{"name":"wp","href":"https:\/\/api.w.org\/{rel}","templated":true}]}}