{"id":6753,"date":"2015-07-06T11:18:24","date_gmt":"2015-07-06T10:18:24","guid":{"rendered":"http:\/\/www.gazcologne.de\/fluessiggas-kompetenz\/?page_id=6753"},"modified":"2015-07-06T11:18:24","modified_gmt":"2015-07-06T10:18:24","slug":"fluessiggas-und-fluessiggastank-kreis-roth","status":"publish","type":"page","link":"https:\/\/gasgenial.de\/fluessiggas\/fluessiggas-und-fluessiggastank-kreis-roth","title":{"rendered":"Fl\u00fcssiggas und Fl\u00fcssiggastank Kreis Roth"},"content":{"rendered":"<div>\n<div class=\"clearfix\"><!-- ## SEO GENERATED Visual Feedback --><\/p>\n<div id=\"rpsF517RD2Q1BQK5LXTLK5875DWIQW9391T\" class=\"rad-v-section clearfix\">\n<div id=\"rpcY8I0IIPLD2VWW87SU6SCNXLV3BNMQ0NY\" class=\"rad-v-container \">\n<div id=\"rpwVCTKBSN0Q00PM8QO7XS1JYC171MOIHMY\" class=\"rad-v-widget  \">\n<div class=\"clearfix rad-v-feeder\">\n<div class=\"text-icon vf-icon\"><\/div>\n<div class=\"text-info\">\n<h4 class=\"vf-text_title\"><\/h4>\n<h6 class=\"vf-text_subtitle\"><\/h6>\n<div class=\"vtext vf-text_data\">\n<div class=\" four columns mobile-four \">\n<div class=\"mvb_inner_wrapper\" data-speed=\"1\" data-offsety=\"0\" data-type=\"background\">\n<div class=\"module module-text  \">\n<div class=\"textwidget \">\n<div id=\"c13591\" class=\"csc-default\">\n<div class=\"fce_list_body\">\n<ul>\n<li>90530 Wendelstein<\/li>\n<li>90584 Allersberg<\/li>\n<li>90596 Schwanstetten<\/li>\n<li>91126 Kammerstein<\/li>\n<li>91126 Rednitzhembach<\/li>\n<li>91154 Roth<\/li>\n<li>91161 Hilpoltstein<\/li>\n<li>91166 Georgensgm\u00fcnd<\/li>\n<li>91171 Greding<\/li>\n<li>91174 Spalt<\/li>\n<li>91177 Thalm\u00e4ssing<\/li>\n<li>91180 Heideck<\/li>\n<li>91183 Abenberg<\/li>\n<li>91186 B\u00fcchenbach<\/li>\n<li>91187 R\u00f6ttenbach<\/li>\n<li>91189 Rohr<\/li>\n<\/ul>\n<p>&nbsp;<\/p>\n<h2><a title=\"Kontakt\" href=\"https:\/\/gasgenial.de\/fluessiggas\/kontakt\">Preisanfrage Fl\u00fcssiggas oder Fl\u00fcssiggastank<\/a><\/h2>\n<\/div>\n<\/div>\n<\/div>\n<\/div>\n<\/div>\n<\/div>\n<\/div>\n<\/div>\n<\/div>\n<\/div>\n<\/div>\n<\/div>\n<\/div>\n<\/div>\n<p><!-- ## AUTO GENERATED Visual Feedback --><\/p>\n","protected":false},"excerpt":{"rendered":"<p>90530 Wendelstein 90584 Allersberg 90596 Schwanstetten 91126 Kammerstein 91126 Rednitzhembach 91154 Roth 91161 Hilpoltstein 91166&#8230;<\/p>\n","protected":false},"author":2,"featured_media":0,"parent":0,"menu_order":0,"comment_status":"open","ping_status":"open","template":"","meta":{"footnotes":""},"class_list":["post-6753","page","type-page","status-publish","hentry"],"yoast_head":"<!-- This site is optimized with the Yoast SEO plugin v26.2 - https:\/\/yoast.com\/wordpress\/plugins\/seo\/ -->\n<title>Fl\u00fcssiggas und Fl\u00fcssiggastank Kreis Roth - Gasgenial - Fl\u00fcssiggas g\u00fcnstig kaufen<\/title>\n<meta name=\"robots\" content=\"index, follow, max-snippet:-1, max-image-preview:large, max-video-preview:-1\" \/>\n<link rel=\"canonical\" href=\"https:\/\/gasgenial.de\/fluessiggas\/fluessiggas-und-fluessiggastank-kreis-roth\" \/>\n<meta property=\"og:locale\" content=\"de_DE\" \/>\n<meta property=\"og:type\" content=\"article\" \/>\n<meta property=\"og:title\" content=\"Fl\u00fcssiggas und Fl\u00fcssiggastank Kreis Roth - Gasgenial - Fl\u00fcssiggas g\u00fcnstig kaufen\" \/>\n<meta property=\"og:description\" content=\"90530 Wendelstein 90584 Allersberg 90596 Schwanstetten 91126 Kammerstein 91126 Rednitzhembach 91154 Roth 91161 Hilpoltstein 91166...\" \/>\n<meta property=\"og:url\" content=\"https:\/\/gasgenial.de\/fluessiggas\/fluessiggas-und-fluessiggastank-kreis-roth\" \/>\n<meta property=\"og:site_name\" content=\"Gasgenial - Fl\u00fcssiggas g\u00fcnstig kaufen\" \/>\n<meta name=\"twitter:card\" content=\"summary_large_image\" \/>\n<script type=\"application\/ld+json\" class=\"yoast-schema-graph\">{\"@context\":\"https:\/\/schema.org\",\"@graph\":[{\"@type\":\"WebPage\",\"@id\":\"https:\/\/gasgenial.de\/fluessiggas\/fluessiggas-und-fluessiggastank-kreis-roth\",\"url\":\"https:\/\/gasgenial.de\/fluessiggas\/fluessiggas-und-fluessiggastank-kreis-roth\",\"name\":\"Fl\u00fcssiggas und Fl\u00fcssiggastank Kreis Roth - Gasgenial - Fl\u00fcssiggas g\u00fcnstig kaufen\",\"isPartOf\":{\"@id\":\"https:\/\/gasgenial.de\/fluessiggas\/#website\"},\"datePublished\":\"2015-07-06T10:18:24+00:00\",\"breadcrumb\":{\"@id\":\"https:\/\/gasgenial.de\/fluessiggas\/fluessiggas-und-fluessiggastank-kreis-roth#breadcrumb\"},\"inLanguage\":\"de\",\"potentialAction\":[{\"@type\":\"ReadAction\",\"target\":[\"https:\/\/gasgenial.de\/fluessiggas\/fluessiggas-und-fluessiggastank-kreis-roth\"]}]},{\"@type\":\"BreadcrumbList\",\"@id\":\"https:\/\/gasgenial.de\/fluessiggas\/fluessiggas-und-fluessiggastank-kreis-roth#breadcrumb\",\"itemListElement\":[{\"@type\":\"ListItem\",\"position\":1,\"name\":\"Startseite\",\"item\":\"https:\/\/gasgenial.de\/fluessiggas\/\"},{\"@type\":\"ListItem\",\"position\":2,\"name\":\"Fl\u00fcssiggas und Fl\u00fcssiggastank Kreis Roth\"}]},{\"@type\":\"WebSite\",\"@id\":\"https:\/\/gasgenial.de\/fluessiggas\/#website\",\"url\":\"https:\/\/gasgenial.de\/fluessiggas\/\",\"name\":\"Gasgenial - Fl\u00fcssiggas g\u00fcnstig kaufen\",\"description\":\"Fl\u00fcssiggas und Fl\u00fcssiggastanks f\u00fcr Privat und Gewerbe\",\"potentialAction\":[{\"@type\":\"SearchAction\",\"target\":{\"@type\":\"EntryPoint\",\"urlTemplate\":\"https:\/\/gasgenial.de\/fluessiggas\/?s={search_term_string}\"},\"query-input\":{\"@type\":\"PropertyValueSpecification\",\"valueRequired\":true,\"valueName\":\"search_term_string\"}}],\"inLanguage\":\"de\"}]}<\/script>\n<!-- \/ Yoast SEO plugin. -->","yoast_head_json":{"title":"Fl\u00fcssiggas und Fl\u00fcssiggastank Kreis Roth - Gasgenial - Fl\u00fcssiggas g\u00fcnstig kaufen","robots":{"index":"index","follow":"follow","max-snippet":"max-snippet:-1","max-image-preview":"max-image-preview:large","max-video-preview":"max-video-preview:-1"},"canonical":"https:\/\/gasgenial.de\/fluessiggas\/fluessiggas-und-fluessiggastank-kreis-roth","og_locale":"de_DE","og_type":"article","og_title":"Fl\u00fcssiggas und Fl\u00fcssiggastank Kreis Roth - Gasgenial - Fl\u00fcssiggas g\u00fcnstig kaufen","og_description":"90530 Wendelstein 90584 Allersberg 90596 Schwanstetten 91126 Kammerstein 91126 Rednitzhembach 91154 Roth 91161 Hilpoltstein 91166...","og_url":"https:\/\/gasgenial.de\/fluessiggas\/fluessiggas-und-fluessiggastank-kreis-roth","og_site_name":"Gasgenial - Fl\u00fcssiggas g\u00fcnstig kaufen","twitter_card":"summary_large_image","schema":{"@context":"https:\/\/schema.org","@graph":[{"@type":"WebPage","@id":"https:\/\/gasgenial.de\/fluessiggas\/fluessiggas-und-fluessiggastank-kreis-roth","url":"https:\/\/gasgenial.de\/fluessiggas\/fluessiggas-und-fluessiggastank-kreis-roth","name":"Fl\u00fcssiggas und Fl\u00fcssiggastank Kreis Roth - Gasgenial - Fl\u00fcssiggas g\u00fcnstig kaufen","isPartOf":{"@id":"https:\/\/gasgenial.de\/fluessiggas\/#website"},"datePublished":"2015-07-06T10:18:24+00:00","breadcrumb":{"@id":"https:\/\/gasgenial.de\/fluessiggas\/fluessiggas-und-fluessiggastank-kreis-roth#breadcrumb"},"inLanguage":"de","potentialAction":[{"@type":"ReadAction","target":["https:\/\/gasgenial.de\/fluessiggas\/fluessiggas-und-fluessiggastank-kreis-roth"]}]},{"@type":"BreadcrumbList","@id":"https:\/\/gasgenial.de\/fluessiggas\/fluessiggas-und-fluessiggastank-kreis-roth#breadcrumb","itemListElement":[{"@type":"ListItem","position":1,"name":"Startseite","item":"https:\/\/gasgenial.de\/fluessiggas\/"},{"@type":"ListItem","position":2,"name":"Fl\u00fcssiggas und Fl\u00fcssiggastank Kreis Roth"}]},{"@type":"WebSite","@id":"https:\/\/gasgenial.de\/fluessiggas\/#website","url":"https:\/\/gasgenial.de\/fluessiggas\/","name":"Gasgenial - Fl\u00fcssiggas g\u00fcnstig kaufen","description":"Fl\u00fcssiggas und Fl\u00fcssiggastanks f\u00fcr Privat und Gewerbe","potentialAction":[{"@type":"SearchAction","target":{"@type":"EntryPoint","urlTemplate":"https:\/\/gasgenial.de\/fluessiggas\/?s={search_term_string}"},"query-input":{"@type":"PropertyValueSpecification","valueRequired":true,"valueName":"search_term_string"}}],"inLanguage":"de"}]}},"_links":{"self":[{"href":"https:\/\/gasgenial.de\/fluessiggas\/wp-json\/wp\/v2\/pages\/6753","targetHints":{"allow":["GET"]}}],"collection":[{"href":"https:\/\/gasgenial.de\/fluessiggas\/wp-json\/wp\/v2\/pages"}],"about":[{"href":"https:\/\/gasgenial.de\/fluessiggas\/wp-json\/wp\/v2\/types\/page"}],"author":[{"embeddable":true,"href":"https:\/\/gasgenial.de\/fluessiggas\/wp-json\/wp\/v2\/users\/2"}],"replies":[{"embeddable":true,"href":"https:\/\/gasgenial.de\/fluessiggas\/wp-json\/wp\/v2\/comments?post=6753"}],"version-history":[{"count":0,"href":"https:\/\/gasgenial.de\/fluessiggas\/wp-json\/wp\/v2\/pages\/6753\/revisions"}],"wp:attachment":[{"href":"https:\/\/gasgenial.de\/fluessiggas\/wp-json\/wp\/v2\/media?parent=6753"}],"curies":[{"name":"wp","href":"https:\/\/api.w.org\/{rel}","templated":true}]}}