{"id":6545,"date":"2015-07-02T07:32:35","date_gmt":"2015-07-02T06:32:35","guid":{"rendered":"http:\/\/www.gazcologne.de\/fluessiggas-kompetenz\/?page_id=6545"},"modified":"2015-07-02T07:32:35","modified_gmt":"2015-07-02T06:32:35","slug":"fluessiggas-und-fluessiggastank-kreis-kassel","status":"publish","type":"page","link":"https:\/\/gasgenial.de\/fluessiggas\/fluessiggas-und-fluessiggastank-kreis-kassel","title":{"rendered":"Fl\u00fcssiggas und Fl\u00fcssiggastank Kreis Kassel"},"content":{"rendered":"<div>\n<div class=\"clearfix\"><!-- ## SEO GENERATED Visual Feedback --><\/p>\n<div id=\"rpsLQMIBPQ79ED50Y69H4XSN1UYC5SY8DQE\" class=\"rad-v-section clearfix\">\n<div id=\"rpcO9V85DB1PVPL5I1F6DS3YYMKRYXFGAHT\" class=\"rad-v-container \">\n<div id=\"rpwPW4CBHYDD1QIQN29XFPQTMQE1B7WN6VS\" class=\"rad-v-widget  \">\n<div class=\"clearfix rad-v-feeder\">\n<div class=\"text-icon vf-icon\"><\/div>\n<div class=\"text-info\">\n<h4 class=\"vf-text_title\"><\/h4>\n<h6 class=\"vf-text_subtitle\"><\/h6>\n<div class=\"vtext vf-text_data\">\n<div class=\" four columns mobile-four \">\n<div class=\"mvb_inner_wrapper\" data-speed=\"1\" data-offsety=\"0\" data-type=\"background\">\n<div class=\"module module-text  \">\n<div class=\"textwidget \">\n<div class=\"spalte1\">\n<div class=\"contentblock\">\n<div id=\"c8679\" class=\"csc-default\">\n<div class=\"fce_list_body\">\n<ul>\n<li>34225 Baunatal<\/li>\n<li>34233 Fuldatal<\/li>\n<li>34246 Vellmar<\/li>\n<li>34253 Lohfelden<\/li>\n<li>34260 Kaufungen<\/li>\n<li>34266 Niestetal<\/li>\n<li>34270 Schauenburg<\/li>\n<li>34277 Fuldabr\u00fcck<\/li>\n<li>34289 Zierenberg<\/li>\n<li>34292 Ahnatal<\/li>\n<li>34298 Helsa<\/li>\n<li>34308 Bad Emstal<\/li>\n<li>34311 Naumburg<\/li>\n<li>34314 Espenau<\/li>\n<li>34317 Habichtswald<\/li>\n<li>34320 S\u00f6hrewald<\/li>\n<li>34329 Nieste<\/li>\n<li>34359 Reinhardshagen<\/li>\n<li>34369 Hofgeismar<\/li>\n<li>34376 Immenhausen<\/li>\n<li>34379 Calden<\/li>\n<li>34385 Bad Karlshafen<\/li>\n<li>34388 Trendelburg<\/li>\n<li>34393 Grebenstein<\/li>\n<li>34396 Liebenau<\/li>\n<li>34399 Oberweser<\/li>\n<li>34466 Wolfhagen<\/li>\n<li>34479 Breuna<\/li>\n<li>37194 Wahlsburg<\/li>\n<\/ul>\n<p>&nbsp;<\/p>\n<h2><a title=\"Kontakt\" href=\"https:\/\/gasgenial.de\/fluessiggas\/kontakt\">Preisanfrage Fl\u00fcssiggas oder Fl\u00fcssiggastank<\/a><\/h2>\n<\/div>\n<\/div>\n<\/div>\n<\/div>\n<\/div>\n<\/div>\n<\/div>\n<\/div>\n<\/div>\n<\/div>\n<\/div>\n<\/div>\n<\/div>\n<\/div>\n<\/div>\n<\/div>\n<p><!-- ## AUTO GENERATED Visual Feedback --><\/p>\n","protected":false},"excerpt":{"rendered":"<p>34225 Baunatal 34233 Fuldatal 34246 Vellmar 34253 Lohfelden 34260 Kaufungen 34266 Niestetal 34270 Schauenburg 34277&#8230;<\/p>\n","protected":false},"author":2,"featured_media":0,"parent":0,"menu_order":166,"comment_status":"open","ping_status":"open","template":"","meta":{"footnotes":""},"class_list":["post-6545","page","type-page","status-publish","hentry"],"yoast_head":"<!-- This site is optimized with the Yoast SEO plugin v26.2 - https:\/\/yoast.com\/wordpress\/plugins\/seo\/ -->\n<title>Fl\u00fcssiggas und Fl\u00fcssiggastank Kreis Kassel - Gasgenial - Fl\u00fcssiggas g\u00fcnstig kaufen<\/title>\n<meta name=\"robots\" content=\"index, follow, max-snippet:-1, max-image-preview:large, max-video-preview:-1\" \/>\n<link rel=\"canonical\" href=\"https:\/\/gasgenial.de\/fluessiggas\/fluessiggas-und-fluessiggastank-kreis-kassel\" \/>\n<meta property=\"og:locale\" content=\"de_DE\" \/>\n<meta property=\"og:type\" content=\"article\" \/>\n<meta property=\"og:title\" content=\"Fl\u00fcssiggas und Fl\u00fcssiggastank Kreis Kassel - Gasgenial - Fl\u00fcssiggas g\u00fcnstig kaufen\" \/>\n<meta property=\"og:description\" content=\"34225 Baunatal 34233 Fuldatal 34246 Vellmar 34253 Lohfelden 34260 Kaufungen 34266 Niestetal 34270 Schauenburg 34277...\" \/>\n<meta property=\"og:url\" content=\"https:\/\/gasgenial.de\/fluessiggas\/fluessiggas-und-fluessiggastank-kreis-kassel\" \/>\n<meta property=\"og:site_name\" content=\"Gasgenial - Fl\u00fcssiggas g\u00fcnstig kaufen\" \/>\n<meta name=\"twitter:card\" content=\"summary_large_image\" \/>\n<script type=\"application\/ld+json\" class=\"yoast-schema-graph\">{\"@context\":\"https:\/\/schema.org\",\"@graph\":[{\"@type\":\"WebPage\",\"@id\":\"https:\/\/gasgenial.de\/fluessiggas\/fluessiggas-und-fluessiggastank-kreis-kassel\",\"url\":\"https:\/\/gasgenial.de\/fluessiggas\/fluessiggas-und-fluessiggastank-kreis-kassel\",\"name\":\"Fl\u00fcssiggas und Fl\u00fcssiggastank Kreis Kassel - Gasgenial - Fl\u00fcssiggas g\u00fcnstig kaufen\",\"isPartOf\":{\"@id\":\"https:\/\/gasgenial.de\/fluessiggas\/#website\"},\"datePublished\":\"2015-07-02T06:32:35+00:00\",\"breadcrumb\":{\"@id\":\"https:\/\/gasgenial.de\/fluessiggas\/fluessiggas-und-fluessiggastank-kreis-kassel#breadcrumb\"},\"inLanguage\":\"de\",\"potentialAction\":[{\"@type\":\"ReadAction\",\"target\":[\"https:\/\/gasgenial.de\/fluessiggas\/fluessiggas-und-fluessiggastank-kreis-kassel\"]}]},{\"@type\":\"BreadcrumbList\",\"@id\":\"https:\/\/gasgenial.de\/fluessiggas\/fluessiggas-und-fluessiggastank-kreis-kassel#breadcrumb\",\"itemListElement\":[{\"@type\":\"ListItem\",\"position\":1,\"name\":\"Startseite\",\"item\":\"https:\/\/gasgenial.de\/fluessiggas\/\"},{\"@type\":\"ListItem\",\"position\":2,\"name\":\"Fl\u00fcssiggas und Fl\u00fcssiggastank Kreis Kassel\"}]},{\"@type\":\"WebSite\",\"@id\":\"https:\/\/gasgenial.de\/fluessiggas\/#website\",\"url\":\"https:\/\/gasgenial.de\/fluessiggas\/\",\"name\":\"Gasgenial - Fl\u00fcssiggas g\u00fcnstig kaufen\",\"description\":\"Fl\u00fcssiggas und Fl\u00fcssiggastanks f\u00fcr Privat und Gewerbe\",\"potentialAction\":[{\"@type\":\"SearchAction\",\"target\":{\"@type\":\"EntryPoint\",\"urlTemplate\":\"https:\/\/gasgenial.de\/fluessiggas\/?s={search_term_string}\"},\"query-input\":{\"@type\":\"PropertyValueSpecification\",\"valueRequired\":true,\"valueName\":\"search_term_string\"}}],\"inLanguage\":\"de\"}]}<\/script>\n<!-- \/ Yoast SEO plugin. -->","yoast_head_json":{"title":"Fl\u00fcssiggas und Fl\u00fcssiggastank Kreis Kassel - Gasgenial - Fl\u00fcssiggas g\u00fcnstig kaufen","robots":{"index":"index","follow":"follow","max-snippet":"max-snippet:-1","max-image-preview":"max-image-preview:large","max-video-preview":"max-video-preview:-1"},"canonical":"https:\/\/gasgenial.de\/fluessiggas\/fluessiggas-und-fluessiggastank-kreis-kassel","og_locale":"de_DE","og_type":"article","og_title":"Fl\u00fcssiggas und Fl\u00fcssiggastank Kreis Kassel - Gasgenial - Fl\u00fcssiggas g\u00fcnstig kaufen","og_description":"34225 Baunatal 34233 Fuldatal 34246 Vellmar 34253 Lohfelden 34260 Kaufungen 34266 Niestetal 34270 Schauenburg 34277...","og_url":"https:\/\/gasgenial.de\/fluessiggas\/fluessiggas-und-fluessiggastank-kreis-kassel","og_site_name":"Gasgenial - Fl\u00fcssiggas g\u00fcnstig kaufen","twitter_card":"summary_large_image","schema":{"@context":"https:\/\/schema.org","@graph":[{"@type":"WebPage","@id":"https:\/\/gasgenial.de\/fluessiggas\/fluessiggas-und-fluessiggastank-kreis-kassel","url":"https:\/\/gasgenial.de\/fluessiggas\/fluessiggas-und-fluessiggastank-kreis-kassel","name":"Fl\u00fcssiggas und Fl\u00fcssiggastank Kreis Kassel - Gasgenial - Fl\u00fcssiggas g\u00fcnstig kaufen","isPartOf":{"@id":"https:\/\/gasgenial.de\/fluessiggas\/#website"},"datePublished":"2015-07-02T06:32:35+00:00","breadcrumb":{"@id":"https:\/\/gasgenial.de\/fluessiggas\/fluessiggas-und-fluessiggastank-kreis-kassel#breadcrumb"},"inLanguage":"de","potentialAction":[{"@type":"ReadAction","target":["https:\/\/gasgenial.de\/fluessiggas\/fluessiggas-und-fluessiggastank-kreis-kassel"]}]},{"@type":"BreadcrumbList","@id":"https:\/\/gasgenial.de\/fluessiggas\/fluessiggas-und-fluessiggastank-kreis-kassel#breadcrumb","itemListElement":[{"@type":"ListItem","position":1,"name":"Startseite","item":"https:\/\/gasgenial.de\/fluessiggas\/"},{"@type":"ListItem","position":2,"name":"Fl\u00fcssiggas und Fl\u00fcssiggastank Kreis Kassel"}]},{"@type":"WebSite","@id":"https:\/\/gasgenial.de\/fluessiggas\/#website","url":"https:\/\/gasgenial.de\/fluessiggas\/","name":"Gasgenial - Fl\u00fcssiggas g\u00fcnstig kaufen","description":"Fl\u00fcssiggas und Fl\u00fcssiggastanks f\u00fcr Privat und Gewerbe","potentialAction":[{"@type":"SearchAction","target":{"@type":"EntryPoint","urlTemplate":"https:\/\/gasgenial.de\/fluessiggas\/?s={search_term_string}"},"query-input":{"@type":"PropertyValueSpecification","valueRequired":true,"valueName":"search_term_string"}}],"inLanguage":"de"}]}},"_links":{"self":[{"href":"https:\/\/gasgenial.de\/fluessiggas\/wp-json\/wp\/v2\/pages\/6545","targetHints":{"allow":["GET"]}}],"collection":[{"href":"https:\/\/gasgenial.de\/fluessiggas\/wp-json\/wp\/v2\/pages"}],"about":[{"href":"https:\/\/gasgenial.de\/fluessiggas\/wp-json\/wp\/v2\/types\/page"}],"author":[{"embeddable":true,"href":"https:\/\/gasgenial.de\/fluessiggas\/wp-json\/wp\/v2\/users\/2"}],"replies":[{"embeddable":true,"href":"https:\/\/gasgenial.de\/fluessiggas\/wp-json\/wp\/v2\/comments?post=6545"}],"version-history":[{"count":0,"href":"https:\/\/gasgenial.de\/fluessiggas\/wp-json\/wp\/v2\/pages\/6545\/revisions"}],"wp:attachment":[{"href":"https:\/\/gasgenial.de\/fluessiggas\/wp-json\/wp\/v2\/media?parent=6545"}],"curies":[{"name":"wp","href":"https:\/\/api.w.org\/{rel}","templated":true}]}}