{"id":6187,"date":"2015-06-26T10:11:49","date_gmt":"2015-06-26T09:11:49","guid":{"rendered":"http:\/\/www.gazcologne.de\/fluessiggas-kompetenz\/?page_id=6187"},"modified":"2015-06-26T10:11:49","modified_gmt":"2015-06-26T09:11:49","slug":"fluessiggas-und-fluessiggastank-landkreis-bielefeld","status":"publish","type":"page","link":"https:\/\/gasgenial.de\/fluessiggas\/fluessiggas-und-fluessiggastank-landkreis-bielefeld","title":{"rendered":"Fl\u00fcssiggas und Fl\u00fcssiggastank Kreis Birkenfeld"},"content":{"rendered":"<div>\n<div class=\"clearfix\"><!-- ## SEO GENERATED Visual Feedback --><\/p>\n<div id=\"rpsU6X7RP83UTN27DJB214M1NW1LQ52BO7W\" class=\"rad-v-section clearfix\">\n<div id=\"rpcCUVH1HCQ40GIKK62UJUOJH8GCT6V711V\" class=\"rad-v-container \">\n<div id=\"rpwU50SJ7X4D4RW43E8KINB2462G4S2MA2W\" class=\"rad-v-widget  \">\n<div class=\"clearfix rad-v-feeder\">\n<div class=\"text-icon vf-icon\"><\/div>\n<div class=\"text-info\">\n<h4 class=\"vf-text_title\"><\/h4>\n<h6 class=\"vf-text_subtitle\"><\/h6>\n<div class=\"vtext vf-text_data\">\n<ul>\n<li>54422 B\u00f6rfink<\/li>\n<li>55483 Krummenau<\/li>\n<li>55483 Horbruch<\/li>\n<li>55608 Griebelschied<\/li>\n<li>55608 Bergen<\/li>\n<li>55608 Berschweiler<\/li>\n<li>55608 Hausen<\/li>\n<li>55624 Oberkirn<\/li>\n<li>55624 Weitersbach<\/li>\n<li>55624 Rhaunen<\/li>\n<li>55624 G\u00f6senroth<\/li>\n<li>55624 Schwerbach<\/li>\n<li>55624 Bollenbach<\/li>\n<li>55626 Bundenbach<\/li>\n<li>55743 Kirschweiler<\/li>\n<li>55743 Idar-Oberstein<\/li>\n<li>55743 Gerach<\/li>\n<li>55743 Hintertiefenbach<\/li>\n<li>55743 Fischbach<\/li>\n<li>55756 Herrstein<\/li>\n<li>55758 Allenbach<\/li>\n<li>55758 M\u00f6rschied<\/li>\n<li>55758 Sonnschied<\/li>\n<li>55758 Schmidthachenbach<\/li>\n<li>55758 Sensweiler<\/li>\n<li>55758 Niederhosenbach<\/li>\n<li>55758 Kempfeld<\/li>\n<li>55758 Veitsrodt<\/li>\n<li>55758 Weiden<\/li>\n<li>55758 Oberreidenbach<\/li>\n<li>55758 Breitenthal<\/li>\n<li>55758 Sienhachenbach<\/li>\n<li>55758 Sien<\/li>\n<li>55758 Wickenrodt<\/li>\n<li>55758 Mittelreidenbach<\/li>\n<li>55758 Dickesbach<\/li>\n<li>55758 Langweiler<\/li>\n<li>55758 Bruchweiler<\/li>\n<li>55758 Sulzbach<\/li>\n<li>55758 Mackenrodt<\/li>\n<li>55758 Oberhosenbach<\/li>\n<li>55758 Herborn<\/li>\n<li>55758 Vollmersbach<\/li>\n<li>55758 Stipshausen<\/li>\n<li>55758 Asbach<\/li>\n<li>55758 Wirschweiler<\/li>\n<li>55758 Hottenbach<\/li>\n<li>55758 Oberw\u00f6rresbach<\/li>\n<li>55758 Niederw\u00f6rresbach<\/li>\n<li>55758 Hellertshausen<\/li>\n<li>55758 Hettenrodt<\/li>\n<li>55758 Schauren<\/li>\n<li>55765 Ellenberg<\/li>\n<li>55765 Dienstweiler<\/li>\n<li>55765 Oberhambach<\/li>\n<li>55765 Birkenfeld<\/li>\n<li>55765 Ellweiler<\/li>\n<li>55765 Rimsberg<\/li>\n<li>55765 Elchweiler<\/li>\n<li>55765 Dambach<\/li>\n<\/ul>\n<p>&nbsp;<\/p>\n<h2><a title=\"Kontakt\" href=\"https:\/\/gasgenial.de\/fluessiggas\/kontakt\">Preisanfrage Fl\u00fcssiggas oder Fl\u00fcssiggastank<\/a><\/h2>\n<\/div>\n<\/div>\n<\/div>\n<\/div>\n<\/div>\n<div id=\"rpcUQAPP57A9Q539NXWO8K2MTN1QX3VOAOD\" class=\"rad-v-container \">\n<div id=\"rpwOAMKLF7FAIYTKI41LYMCRI9OUJ95L63V\" class=\"rad-v-widget  \">\n<div class=\"clearfix rad-v-feeder\">\n<div class=\"text-icon vf-icon\"><\/div>\n<div class=\"text-info\">\n<h4 class=\"vf-text_title\"><\/h4>\n<h6 class=\"vf-text_subtitle\"><\/h6>\n<div class=\"vtext vf-text_data\">\n<div class=\" four columns mobile-four \">\n<div class=\"mvb_inner_wrapper\" data-speed=\"1\" data-offsety=\"0\" data-type=\"background\">\n<div class=\"module module-text  \">\n<div class=\"textwidget \">\n<div class=\"spalte2\">\n<div class=\"contentblock\">\n<div id=\"c2783\" class=\"csc-default\">\n<div class=\"fce_list_body\">\n<ul>\n<li>55765 Schmissberg<\/li>\n<li>55767 Rinzenberg<\/li>\n<li>55767 Niederhambach<\/li>\n<li>55767 Meckenbach<\/li>\n<li>55767 Kronweiler<\/li>\n<li>55767 Wilzenberg-Hussweiler<\/li>\n<li>55767 Niederbrombach<\/li>\n<li>55767 Buhlenberg<\/li>\n<li>55767 R\u00f6tsweiler-Nockenthal<\/li>\n<li>55767 Gollenberg<\/li>\n<li>55767 Sonnenberg-Winnenberg<\/li>\n<li>55767 Hattgenstein<\/li>\n<li>55767 Nohen<\/li>\n<li>55767 Abentheuer<\/li>\n<li>55767 Gimbweiler<\/li>\n<li>55767 Schwollen<\/li>\n<li>55767 Br\u00fccken<\/li>\n<li>55767 Siesbach<\/li>\n<li>55767 Achtelsbach<\/li>\n<li>55767 Leisel<\/li>\n<li>55767 Oberbrombach<\/li>\n<li>55768 Hoppst\u00e4dten-Weiersbach<\/li>\n<li>55774 Baumholder<\/li>\n<li>55776 Berglangenbach<\/li>\n<li>55776 Ruschberg<\/li>\n<li>55776 Reichenbach<\/li>\n<li>55776 Frauenberg<\/li>\n<li>55776 Hahnweiler<\/li>\n<li>55776 R\u00fcckweiler<\/li>\n<li>55776 Rohrbach<\/li>\n<li>55777 Fohren-Linden<\/li>\n<li>55777 Berschweiler<\/li>\n<li>55777 Eckersweiler<\/li>\n<li>55777 Mettweiler<\/li>\n<li>55779 Heimbach<\/li>\n<li>55779 Leitzweiler<\/li>\n<\/ul>\n<p>&nbsp;<\/p>\n<p>&nbsp;<\/p>\n<\/div>\n<\/div>\n<\/div>\n<\/div>\n<\/div>\n<\/div>\n<\/div>\n<\/div>\n<\/div>\n<\/div>\n<\/div>\n<\/div>\n<\/div>\n<\/div>\n<\/div>\n<\/div>\n<p><!-- ## AUTO GENERATED Visual Feedback --><\/p>\n","protected":false},"excerpt":{"rendered":"<p>54422 B\u00f6rfink 55483 Krummenau 55483 Horbruch 55608 Griebelschied 55608 Bergen 55608 Berschweiler 55608 Hausen 55624&#8230;<\/p>\n","protected":false},"author":2,"featured_media":0,"parent":0,"menu_order":47,"comment_status":"open","ping_status":"open","template":"","meta":{"footnotes":""},"class_list":["post-6187","page","type-page","status-publish","hentry"],"yoast_head":"<!-- This site is optimized with the Yoast SEO plugin v26.2 - https:\/\/yoast.com\/wordpress\/plugins\/seo\/ -->\n<title>Fl\u00fcssiggas und Fl\u00fcssiggastank Kreis Birkenfeld - Gasgenial - Fl\u00fcssiggas g\u00fcnstig kaufen<\/title>\n<meta name=\"robots\" content=\"index, follow, max-snippet:-1, max-image-preview:large, max-video-preview:-1\" \/>\n<link rel=\"canonical\" href=\"https:\/\/gasgenial.de\/fluessiggas\/fluessiggas-und-fluessiggastank-landkreis-bielefeld\" \/>\n<meta property=\"og:locale\" content=\"de_DE\" \/>\n<meta property=\"og:type\" content=\"article\" \/>\n<meta property=\"og:title\" content=\"Fl\u00fcssiggas und Fl\u00fcssiggastank Kreis Birkenfeld - Gasgenial - Fl\u00fcssiggas g\u00fcnstig kaufen\" \/>\n<meta property=\"og:description\" content=\"54422 B\u00f6rfink 55483 Krummenau 55483 Horbruch 55608 Griebelschied 55608 Bergen 55608 Berschweiler 55608 Hausen 55624...\" \/>\n<meta property=\"og:url\" content=\"https:\/\/gasgenial.de\/fluessiggas\/fluessiggas-und-fluessiggastank-landkreis-bielefeld\" \/>\n<meta property=\"og:site_name\" content=\"Gasgenial - Fl\u00fcssiggas g\u00fcnstig kaufen\" \/>\n<meta name=\"twitter:card\" content=\"summary_large_image\" \/>\n<meta name=\"twitter:label1\" content=\"Gesch\u00e4tzte Lesezeit\" \/>\n\t<meta name=\"twitter:data1\" content=\"1\u00a0Minute\" \/>\n<script type=\"application\/ld+json\" class=\"yoast-schema-graph\">{\"@context\":\"https:\/\/schema.org\",\"@graph\":[{\"@type\":\"WebPage\",\"@id\":\"https:\/\/gasgenial.de\/fluessiggas\/fluessiggas-und-fluessiggastank-landkreis-bielefeld\",\"url\":\"https:\/\/gasgenial.de\/fluessiggas\/fluessiggas-und-fluessiggastank-landkreis-bielefeld\",\"name\":\"Fl\u00fcssiggas und Fl\u00fcssiggastank Kreis Birkenfeld - Gasgenial - Fl\u00fcssiggas g\u00fcnstig kaufen\",\"isPartOf\":{\"@id\":\"https:\/\/gasgenial.de\/fluessiggas\/#website\"},\"datePublished\":\"2015-06-26T09:11:49+00:00\",\"breadcrumb\":{\"@id\":\"https:\/\/gasgenial.de\/fluessiggas\/fluessiggas-und-fluessiggastank-landkreis-bielefeld#breadcrumb\"},\"inLanguage\":\"de\",\"potentialAction\":[{\"@type\":\"ReadAction\",\"target\":[\"https:\/\/gasgenial.de\/fluessiggas\/fluessiggas-und-fluessiggastank-landkreis-bielefeld\"]}]},{\"@type\":\"BreadcrumbList\",\"@id\":\"https:\/\/gasgenial.de\/fluessiggas\/fluessiggas-und-fluessiggastank-landkreis-bielefeld#breadcrumb\",\"itemListElement\":[{\"@type\":\"ListItem\",\"position\":1,\"name\":\"Startseite\",\"item\":\"https:\/\/gasgenial.de\/fluessiggas\/\"},{\"@type\":\"ListItem\",\"position\":2,\"name\":\"Fl\u00fcssiggas und Fl\u00fcssiggastank Kreis Birkenfeld\"}]},{\"@type\":\"WebSite\",\"@id\":\"https:\/\/gasgenial.de\/fluessiggas\/#website\",\"url\":\"https:\/\/gasgenial.de\/fluessiggas\/\",\"name\":\"Gasgenial - Fl\u00fcssiggas g\u00fcnstig kaufen\",\"description\":\"Fl\u00fcssiggas und Fl\u00fcssiggastanks f\u00fcr Privat und Gewerbe\",\"potentialAction\":[{\"@type\":\"SearchAction\",\"target\":{\"@type\":\"EntryPoint\",\"urlTemplate\":\"https:\/\/gasgenial.de\/fluessiggas\/?s={search_term_string}\"},\"query-input\":{\"@type\":\"PropertyValueSpecification\",\"valueRequired\":true,\"valueName\":\"search_term_string\"}}],\"inLanguage\":\"de\"}]}<\/script>\n<!-- \/ Yoast SEO plugin. -->","yoast_head_json":{"title":"Fl\u00fcssiggas und Fl\u00fcssiggastank Kreis Birkenfeld - Gasgenial - Fl\u00fcssiggas g\u00fcnstig kaufen","robots":{"index":"index","follow":"follow","max-snippet":"max-snippet:-1","max-image-preview":"max-image-preview:large","max-video-preview":"max-video-preview:-1"},"canonical":"https:\/\/gasgenial.de\/fluessiggas\/fluessiggas-und-fluessiggastank-landkreis-bielefeld","og_locale":"de_DE","og_type":"article","og_title":"Fl\u00fcssiggas und Fl\u00fcssiggastank Kreis Birkenfeld - Gasgenial - Fl\u00fcssiggas g\u00fcnstig kaufen","og_description":"54422 B\u00f6rfink 55483 Krummenau 55483 Horbruch 55608 Griebelschied 55608 Bergen 55608 Berschweiler 55608 Hausen 55624...","og_url":"https:\/\/gasgenial.de\/fluessiggas\/fluessiggas-und-fluessiggastank-landkreis-bielefeld","og_site_name":"Gasgenial - Fl\u00fcssiggas g\u00fcnstig kaufen","twitter_card":"summary_large_image","twitter_misc":{"Gesch\u00e4tzte Lesezeit":"1\u00a0Minute"},"schema":{"@context":"https:\/\/schema.org","@graph":[{"@type":"WebPage","@id":"https:\/\/gasgenial.de\/fluessiggas\/fluessiggas-und-fluessiggastank-landkreis-bielefeld","url":"https:\/\/gasgenial.de\/fluessiggas\/fluessiggas-und-fluessiggastank-landkreis-bielefeld","name":"Fl\u00fcssiggas und Fl\u00fcssiggastank Kreis Birkenfeld - Gasgenial - Fl\u00fcssiggas g\u00fcnstig kaufen","isPartOf":{"@id":"https:\/\/gasgenial.de\/fluessiggas\/#website"},"datePublished":"2015-06-26T09:11:49+00:00","breadcrumb":{"@id":"https:\/\/gasgenial.de\/fluessiggas\/fluessiggas-und-fluessiggastank-landkreis-bielefeld#breadcrumb"},"inLanguage":"de","potentialAction":[{"@type":"ReadAction","target":["https:\/\/gasgenial.de\/fluessiggas\/fluessiggas-und-fluessiggastank-landkreis-bielefeld"]}]},{"@type":"BreadcrumbList","@id":"https:\/\/gasgenial.de\/fluessiggas\/fluessiggas-und-fluessiggastank-landkreis-bielefeld#breadcrumb","itemListElement":[{"@type":"ListItem","position":1,"name":"Startseite","item":"https:\/\/gasgenial.de\/fluessiggas\/"},{"@type":"ListItem","position":2,"name":"Fl\u00fcssiggas und Fl\u00fcssiggastank Kreis Birkenfeld"}]},{"@type":"WebSite","@id":"https:\/\/gasgenial.de\/fluessiggas\/#website","url":"https:\/\/gasgenial.de\/fluessiggas\/","name":"Gasgenial - Fl\u00fcssiggas g\u00fcnstig kaufen","description":"Fl\u00fcssiggas und Fl\u00fcssiggastanks f\u00fcr Privat und Gewerbe","potentialAction":[{"@type":"SearchAction","target":{"@type":"EntryPoint","urlTemplate":"https:\/\/gasgenial.de\/fluessiggas\/?s={search_term_string}"},"query-input":{"@type":"PropertyValueSpecification","valueRequired":true,"valueName":"search_term_string"}}],"inLanguage":"de"}]}},"_links":{"self":[{"href":"https:\/\/gasgenial.de\/fluessiggas\/wp-json\/wp\/v2\/pages\/6187","targetHints":{"allow":["GET"]}}],"collection":[{"href":"https:\/\/gasgenial.de\/fluessiggas\/wp-json\/wp\/v2\/pages"}],"about":[{"href":"https:\/\/gasgenial.de\/fluessiggas\/wp-json\/wp\/v2\/types\/page"}],"author":[{"embeddable":true,"href":"https:\/\/gasgenial.de\/fluessiggas\/wp-json\/wp\/v2\/users\/2"}],"replies":[{"embeddable":true,"href":"https:\/\/gasgenial.de\/fluessiggas\/wp-json\/wp\/v2\/comments?post=6187"}],"version-history":[{"count":0,"href":"https:\/\/gasgenial.de\/fluessiggas\/wp-json\/wp\/v2\/pages\/6187\/revisions"}],"wp:attachment":[{"href":"https:\/\/gasgenial.de\/fluessiggas\/wp-json\/wp\/v2\/media?parent=6187"}],"curies":[{"name":"wp","href":"https:\/\/api.w.org\/{rel}","templated":true}]}}