{"id":6131,"date":"2015-06-26T09:56:18","date_gmt":"2015-06-26T08:56:18","guid":{"rendered":"http:\/\/www.gazcologne.de\/fluessiggas-kompetenz\/?page_id=6131"},"modified":"2015-06-26T09:56:18","modified_gmt":"2015-06-26T08:56:18","slug":"fluessiggas-und-fluessiggastank-kreis-bad-kissingen","status":"publish","type":"page","link":"https:\/\/gasgenial.de\/fluessiggas\/fluessiggas-und-fluessiggastank-kreis-bad-kissingen","title":{"rendered":"Fl\u00fcssiggas und Fl\u00fcssiggastank Kreis Bad Kissingen"},"content":{"rendered":"<div>\n<div class=\"clearfix\"><!-- ## SEO GENERATED Visual Feedback --><\/p>\n<div id=\"rpsURPYK7KG27QAWR2UDPXQT7AVSS5LWLG8\" class=\"rad-v-section clearfix\">\n<div id=\"rpcPWUR4IUJ5RPPI4MIJX6JYPIL5GPJ3YGK\" class=\"rad-v-container \">\n<div id=\"rpwTW5I3T0EUQ3D9JTFIFUNBLFTSXU4EMX8\" class=\"rad-v-widget  \">\n<div class=\"clearfix rad-v-feeder\">\n<div class=\"text-icon vf-icon\"><\/div>\n<div class=\"text-info\">\n<h4 class=\"vf-text_title\"><\/h4>\n<h6 class=\"vf-text_subtitle\"><\/h6>\n<div class=\"vtext vf-text_data\">\n<ul>\n<li>55442 Daxweiler<\/li>\n<li>55442 Roth<\/li>\n<li>55442 Warmsroth<\/li>\n<li>55442 Stromberg<\/li>\n<li>55444 Sch\u00f6neberg<\/li>\n<li>55444 Seibersbach<\/li>\n<li>55444 Schweppenhausen<\/li>\n<li>55444 Waldlaubersheim<\/li>\n<li>55444 Eckenroth<\/li>\n<li>55444 D\u00f6rrebach<\/li>\n<li>55450 Langenlonsheim<\/li>\n<li>55452 Guldental<\/li>\n<li>55452 R\u00fcmmelsheim\/Burg Layen<\/li>\n<li>55452 Windesheim<\/li>\n<li>55452 Hergenfeld<\/li>\n<li>55452 Laubenheim<\/li>\n<li>55452 Dorsheim<\/li>\n<li>55543 Bad Kreuznach<\/li>\n<li>55545 Bad Kreuznach<\/li>\n<li>55546 Tiefenthal<\/li>\n<li>55546 Frei-Laubersheim<\/li>\n<li>55546 Hackenheim<\/li>\n<li>55546 F\u00fcrfeld<\/li>\n<li>55546 Neu-Bamberg<\/li>\n<li>55546 Biebelsheim<\/li>\n<li>55546 Pfaffen-Schwabenheim<\/li>\n<li>55546 Volxheim<\/li>\n<li>55559 Bretzenheim<\/li>\n<li>55566 Kirschroth<\/li>\n<li>55566 Rehbach<\/li>\n<li>55566 Daubach<\/li>\n<li>55566 Ippenschied<\/li>\n<li>55566 Meddersheim<\/li>\n<li>55566 Bad Sobernheim<\/li>\n<li>55568 Abtweiler<\/li>\n<li>55568 Lauschied<\/li>\n<\/ul>\n<p>&nbsp;<\/p>\n<h2><a title=\"Kontakt\" href=\"https:\/\/gasgenial.de\/fluessiggas\/kontakt\">Preisanfrage Fl\u00fcssiggas oder Fl\u00fcssiggastank<\/a><\/h2>\n<\/div>\n<\/div>\n<\/div>\n<\/div>\n<\/div>\n<div id=\"rpcR9WK5XMN72F00SH1XL2OVWVJ76RKS4QI\" class=\"rad-v-container \">\n<div id=\"rpwBSP22LOCTSJ65FQ6LRQSJ7H7AWFUKJRF\" class=\"rad-v-widget  \">\n<div class=\"clearfix rad-v-feeder\">\n<div class=\"text-icon vf-icon\"><\/div>\n<div class=\"text-info\">\n<h4 class=\"vf-text_title\"><\/h4>\n<h6 class=\"vf-text_subtitle\"><\/h6>\n<div class=\"vtext vf-text_data\">\n<div class=\" four columns mobile-four \">\n<div class=\"mvb_inner_wrapper\" data-speed=\"1\" data-offsety=\"0\" data-type=\"background\">\n<div class=\"module module-text  \">\n<div class=\"textwidget \">\n<ul>\n<li>55569 Langenthal<\/li>\n<li>55569 Auen<\/li>\n<li>55569 Nussbaum<\/li>\n<li>55569 Monzingen<\/li>\n<li>55571 Odernheim am Glan<\/li>\n<li>55576 Pleitersheim<\/li>\n<li>55583 Bad M\u00fcnster am Stein-Ebernburg<\/li>\n<li>55585 Oberhausen an der Nahe<\/li>\n<li>97729 Ramsthal<\/li>\n<li>97762 Hammelburg<\/li>\n<li>97769 Bad Br\u00fcckenau<\/li>\n<li>97772 Wildflecken<\/li>\n<li>97779 Geroda<\/li>\n<li>97786 Motten<\/li>\n<li>97789 Oberleichtersbach<\/li>\n<li>97792 Riedenberg<\/li>\n<li>97795 Schondra<\/li>\n<li>97797 Wartmannsroth<\/li>\n<li>97799 Zeitlofs<\/li>\n<\/ul>\n<p>&nbsp;<\/p>\n<p>&nbsp;<\/p>\n<\/div>\n<\/div>\n<\/div>\n<\/div>\n<\/div>\n<\/div>\n<\/div>\n<\/div>\n<\/div>\n<\/div>\n<\/div>\n<\/div>\n<p><!-- ## AUTO GENERATED Visual Feedback --><\/p>\n","protected":false},"excerpt":{"rendered":"<p>55442 Daxweiler 55442 Roth 55442 Warmsroth 55442 Stromberg 55444 Sch\u00f6neberg 55444 Seibersbach 55444 Schweppenhausen 55444&#8230;<\/p>\n","protected":false},"author":2,"featured_media":0,"parent":0,"menu_order":34,"comment_status":"open","ping_status":"open","template":"","meta":{"footnotes":""},"class_list":["post-6131","page","type-page","status-publish","hentry"],"yoast_head":"<!-- This site is optimized with the Yoast SEO plugin v26.2 - https:\/\/yoast.com\/wordpress\/plugins\/seo\/ -->\n<title>Fl\u00fcssiggas und Fl\u00fcssiggastank Kreis Bad Kissingen - Gasgenial - Fl\u00fcssiggas g\u00fcnstig kaufen<\/title>\n<meta name=\"robots\" content=\"index, follow, max-snippet:-1, max-image-preview:large, max-video-preview:-1\" \/>\n<link rel=\"canonical\" href=\"https:\/\/gasgenial.de\/fluessiggas\/fluessiggas-und-fluessiggastank-kreis-bad-kissingen\" \/>\n<meta property=\"og:locale\" content=\"de_DE\" \/>\n<meta property=\"og:type\" content=\"article\" \/>\n<meta property=\"og:title\" content=\"Fl\u00fcssiggas und Fl\u00fcssiggastank Kreis Bad Kissingen - Gasgenial - Fl\u00fcssiggas g\u00fcnstig kaufen\" \/>\n<meta property=\"og:description\" content=\"55442 Daxweiler 55442 Roth 55442 Warmsroth 55442 Stromberg 55444 Sch\u00f6neberg 55444 Seibersbach 55444 Schweppenhausen 55444...\" \/>\n<meta property=\"og:url\" content=\"https:\/\/gasgenial.de\/fluessiggas\/fluessiggas-und-fluessiggastank-kreis-bad-kissingen\" \/>\n<meta property=\"og:site_name\" content=\"Gasgenial - Fl\u00fcssiggas g\u00fcnstig kaufen\" \/>\n<meta name=\"twitter:card\" content=\"summary_large_image\" \/>\n<script type=\"application\/ld+json\" class=\"yoast-schema-graph\">{\"@context\":\"https:\/\/schema.org\",\"@graph\":[{\"@type\":\"WebPage\",\"@id\":\"https:\/\/gasgenial.de\/fluessiggas\/fluessiggas-und-fluessiggastank-kreis-bad-kissingen\",\"url\":\"https:\/\/gasgenial.de\/fluessiggas\/fluessiggas-und-fluessiggastank-kreis-bad-kissingen\",\"name\":\"Fl\u00fcssiggas und Fl\u00fcssiggastank Kreis Bad Kissingen - Gasgenial - Fl\u00fcssiggas g\u00fcnstig kaufen\",\"isPartOf\":{\"@id\":\"https:\/\/gasgenial.de\/fluessiggas\/#website\"},\"datePublished\":\"2015-06-26T08:56:18+00:00\",\"breadcrumb\":{\"@id\":\"https:\/\/gasgenial.de\/fluessiggas\/fluessiggas-und-fluessiggastank-kreis-bad-kissingen#breadcrumb\"},\"inLanguage\":\"de\",\"potentialAction\":[{\"@type\":\"ReadAction\",\"target\":[\"https:\/\/gasgenial.de\/fluessiggas\/fluessiggas-und-fluessiggastank-kreis-bad-kissingen\"]}]},{\"@type\":\"BreadcrumbList\",\"@id\":\"https:\/\/gasgenial.de\/fluessiggas\/fluessiggas-und-fluessiggastank-kreis-bad-kissingen#breadcrumb\",\"itemListElement\":[{\"@type\":\"ListItem\",\"position\":1,\"name\":\"Startseite\",\"item\":\"https:\/\/gasgenial.de\/fluessiggas\/\"},{\"@type\":\"ListItem\",\"position\":2,\"name\":\"Fl\u00fcssiggas und Fl\u00fcssiggastank Kreis Bad Kissingen\"}]},{\"@type\":\"WebSite\",\"@id\":\"https:\/\/gasgenial.de\/fluessiggas\/#website\",\"url\":\"https:\/\/gasgenial.de\/fluessiggas\/\",\"name\":\"Gasgenial - Fl\u00fcssiggas g\u00fcnstig kaufen\",\"description\":\"Fl\u00fcssiggas und Fl\u00fcssiggastanks f\u00fcr Privat und Gewerbe\",\"potentialAction\":[{\"@type\":\"SearchAction\",\"target\":{\"@type\":\"EntryPoint\",\"urlTemplate\":\"https:\/\/gasgenial.de\/fluessiggas\/?s={search_term_string}\"},\"query-input\":{\"@type\":\"PropertyValueSpecification\",\"valueRequired\":true,\"valueName\":\"search_term_string\"}}],\"inLanguage\":\"de\"}]}<\/script>\n<!-- \/ Yoast SEO plugin. -->","yoast_head_json":{"title":"Fl\u00fcssiggas und Fl\u00fcssiggastank Kreis Bad Kissingen - Gasgenial - Fl\u00fcssiggas g\u00fcnstig kaufen","robots":{"index":"index","follow":"follow","max-snippet":"max-snippet:-1","max-image-preview":"max-image-preview:large","max-video-preview":"max-video-preview:-1"},"canonical":"https:\/\/gasgenial.de\/fluessiggas\/fluessiggas-und-fluessiggastank-kreis-bad-kissingen","og_locale":"de_DE","og_type":"article","og_title":"Fl\u00fcssiggas und Fl\u00fcssiggastank Kreis Bad Kissingen - Gasgenial - Fl\u00fcssiggas g\u00fcnstig kaufen","og_description":"55442 Daxweiler 55442 Roth 55442 Warmsroth 55442 Stromberg 55444 Sch\u00f6neberg 55444 Seibersbach 55444 Schweppenhausen 55444...","og_url":"https:\/\/gasgenial.de\/fluessiggas\/fluessiggas-und-fluessiggastank-kreis-bad-kissingen","og_site_name":"Gasgenial - Fl\u00fcssiggas g\u00fcnstig kaufen","twitter_card":"summary_large_image","schema":{"@context":"https:\/\/schema.org","@graph":[{"@type":"WebPage","@id":"https:\/\/gasgenial.de\/fluessiggas\/fluessiggas-und-fluessiggastank-kreis-bad-kissingen","url":"https:\/\/gasgenial.de\/fluessiggas\/fluessiggas-und-fluessiggastank-kreis-bad-kissingen","name":"Fl\u00fcssiggas und Fl\u00fcssiggastank Kreis Bad Kissingen - Gasgenial - Fl\u00fcssiggas g\u00fcnstig kaufen","isPartOf":{"@id":"https:\/\/gasgenial.de\/fluessiggas\/#website"},"datePublished":"2015-06-26T08:56:18+00:00","breadcrumb":{"@id":"https:\/\/gasgenial.de\/fluessiggas\/fluessiggas-und-fluessiggastank-kreis-bad-kissingen#breadcrumb"},"inLanguage":"de","potentialAction":[{"@type":"ReadAction","target":["https:\/\/gasgenial.de\/fluessiggas\/fluessiggas-und-fluessiggastank-kreis-bad-kissingen"]}]},{"@type":"BreadcrumbList","@id":"https:\/\/gasgenial.de\/fluessiggas\/fluessiggas-und-fluessiggastank-kreis-bad-kissingen#breadcrumb","itemListElement":[{"@type":"ListItem","position":1,"name":"Startseite","item":"https:\/\/gasgenial.de\/fluessiggas\/"},{"@type":"ListItem","position":2,"name":"Fl\u00fcssiggas und Fl\u00fcssiggastank Kreis Bad Kissingen"}]},{"@type":"WebSite","@id":"https:\/\/gasgenial.de\/fluessiggas\/#website","url":"https:\/\/gasgenial.de\/fluessiggas\/","name":"Gasgenial - Fl\u00fcssiggas g\u00fcnstig kaufen","description":"Fl\u00fcssiggas und Fl\u00fcssiggastanks f\u00fcr Privat und Gewerbe","potentialAction":[{"@type":"SearchAction","target":{"@type":"EntryPoint","urlTemplate":"https:\/\/gasgenial.de\/fluessiggas\/?s={search_term_string}"},"query-input":{"@type":"PropertyValueSpecification","valueRequired":true,"valueName":"search_term_string"}}],"inLanguage":"de"}]}},"_links":{"self":[{"href":"https:\/\/gasgenial.de\/fluessiggas\/wp-json\/wp\/v2\/pages\/6131","targetHints":{"allow":["GET"]}}],"collection":[{"href":"https:\/\/gasgenial.de\/fluessiggas\/wp-json\/wp\/v2\/pages"}],"about":[{"href":"https:\/\/gasgenial.de\/fluessiggas\/wp-json\/wp\/v2\/types\/page"}],"author":[{"embeddable":true,"href":"https:\/\/gasgenial.de\/fluessiggas\/wp-json\/wp\/v2\/users\/2"}],"replies":[{"embeddable":true,"href":"https:\/\/gasgenial.de\/fluessiggas\/wp-json\/wp\/v2\/comments?post=6131"}],"version-history":[{"count":0,"href":"https:\/\/gasgenial.de\/fluessiggas\/wp-json\/wp\/v2\/pages\/6131\/revisions"}],"wp:attachment":[{"href":"https:\/\/gasgenial.de\/fluessiggas\/wp-json\/wp\/v2\/media?parent=6131"}],"curies":[{"name":"wp","href":"https:\/\/api.w.org\/{rel}","templated":true}]}}