{"id":5999,"date":"2015-04-13T11:21:13","date_gmt":"2015-04-13T10:21:13","guid":{"rendered":"http:\/\/www.gazcologne.de\/fluessiggas-kompetenz\/?page_id=5999"},"modified":"2015-04-13T11:21:13","modified_gmt":"2015-04-13T10:21:13","slug":"fluessiggas-und-fluessiggastank-kreis-ahrweiler-2","status":"publish","type":"page","link":"https:\/\/gasgenial.de\/fluessiggas\/fluessiggas-und-fluessiggastank-kreis-ahrweiler-2","title":{"rendered":"Fl\u00fcssiggas und Fl\u00fcssiggastank Kreis Ahrweiler"},"content":{"rendered":"<div>\n<div class=\"clearfix\"><!-- ## SEO GENERATED Visual Feedback --><\/p>\n<div id=\"rpsHB8RYTYXI8RHXW72XNE9E5KB0HBNW8XR\" class=\"rad-v-section clearfix\">\n<div id=\"rpcCUPF7PFS4MLD4L0YW1JGTO4791K7RPM8\" class=\"rad-v-container \">\n<div id=\"rpwBP5LYT8XO4D0I6EEOU3DT7NON42CPBHG\" class=\"rad-v-widget  \">\n<div class=\"clearfix rad-v-feeder\">\n<div class=\"text-icon vf-icon\"><\/div>\n<div class=\"text-info\">\n<h4 class=\"vf-text_title\"><\/h4>\n<h6 class=\"vf-text_subtitle\"><\/h6>\n<div class=\"vtext vf-text_data\">\n<ul>\n<li>53424 Remagen<\/li>\n<li>53426 Schalkenbach<\/li>\n<li>53426 Dedenbach<\/li>\n<li>53426 K\u00f6nigsfeld<\/li>\n<li>53474 Bad Neuenahr-Ahrweiler<\/li>\n<li>53489 Sinzig<\/li>\n<li>53498 Waldorf<\/li>\n<li>53498 Bad Breisig<\/li>\n<li>53498 G\u00f6nnersdorf<\/li>\n<li>53501 Grafschaft<\/li>\n<li>53505 Kalenborn<\/li>\n<li>53505 Berg<\/li>\n<li>53505 Altenahr<\/li>\n<li>53505 Kirchsahr<\/li>\n<li>53506 Ahrbr\u00fcck<\/li>\n<li>53506 Lind<\/li>\n<li>53506 Rech<\/li>\n<li>53506 Heckenbach<\/li>\n<li>53506 Kesseling<\/li>\n<li>53506 H\u00f6nningen<\/li>\n<li>53507 Dernau<\/li>\n<li>53508 Mayscho\u00df<\/li>\n<li>53518 Kottenborn<\/li>\n<li>53518 Adenau<\/li>\n<li>53518 Leimbach<\/li>\n<li>53518 Herschbroich<\/li>\n<li>53518 Herschbroich<\/li>\n<li>53518 Wimbach<\/li>\n<li>53518 Honerath<\/li>\n<li>53518 Quiddelbach<\/li>\n<li>56651 Galenberg<\/li>\n<li>56653 Glees<\/li>\n<li>56653 Wehr<\/li>\n<li>56653 Wassenach<\/li>\n<li>56656 Brohl-L\u00fctzing<\/li>\n<li>56659 Burgbrohl<\/li>\n<li>56745 Weibern<\/li>\n<li>56746 Spessart<\/li>\n<li>56746 Hohenleimbach<\/li>\n<li>56746 Kempenich<\/li>\n<\/ul>\n<p>&nbsp;<\/p>\n<h2><a title=\"Kontakt\" href=\"https:\/\/gasgenial.de\/fluessiggas\/kontakt\">Preisanfrage Fl\u00fcssiggas oder Fl\u00fcssiggastank<\/a><\/h2>\n<p>&nbsp;<\/p>\n<\/div>\n<\/div>\n<\/div>\n<\/div>\n<\/div>\n<div id=\"rpcFTECEEHPOB5LSO8W15CT9N3GNA6WPW9G\" class=\"rad-v-container \">\n<div id=\"rpwE2OCARLJYCI8XXUWAHLKWIOI3RLGUXIT\" class=\"rad-v-widget  \">\n<div class=\"clearfix rad-v-feeder\">\n<div class=\"text-icon vf-icon\"><\/div>\n<div class=\"text-info\">\n<h4 class=\"vf-text_title\"><\/h4>\n<h6 class=\"vf-text_subtitle\"><\/h6>\n<div class=\"vtext vf-text_data\">\n<ul>\n<li>53520 Insul<\/li>\n<li>53520 H\u00fcmmel<\/li>\n<li>53520 N\u00fcrburg<\/li>\n<li>53520 Harscheid<\/li>\n<li>53520 Trierscheid<\/li>\n<li>53520 Rodder<\/li>\n<li>53520 Senscheid<\/li>\n<li>53520 Ohlenhard<\/li>\n<li>53520 Reifferscheid<\/li>\n<li>53520 Kaltenborn<\/li>\n<li>53520 Meuspath<\/li>\n<li>53520 Schuld<\/li>\n<li>53520 D\u00fcmpelfeld<\/li>\n<li>53520 Wershofen<\/li>\n<li>53520 Sierscheid<\/li>\n<li>53520 Winnerath<\/li>\n<li>53520 M\u00fcllenbach<\/li>\n<li>53520 Dankerath<\/li>\n<li>53533 M\u00fcsch<\/li>\n<li>53533 Antweiler<\/li>\n<li>53533 Eichenbach<\/li>\n<li>53533 Dorsel<\/li>\n<li>53533 Fuchshofen<\/li>\n<li>53533 Aremberg<\/li>\n<li>53534 Wiesemscheid<\/li>\n<li>53534 Bauler<\/li>\n<li>53534 Pomster<\/li>\n<li>53534 Barweiler<\/li>\n<li>53534 Hoffeld<\/li>\n<li>53534 Wirft<\/li>\n<li>56651 Niederzissen<\/li>\n<li>56651 Oberzissen<\/li>\n<li>56651 Oberd\u00fcrenbach<\/li>\n<li>56651 Brenk<\/li>\n<li>56651 Niederd\u00fcrenbach<\/li>\n<\/ul>\n<p>&nbsp;<\/p>\n<\/div>\n<\/div>\n<\/div>\n<\/div>\n<\/div>\n<\/div>\n<\/div>\n<\/div>\n<p><!-- ## AUTO GENERATED Visual Feedback --><\/p>\n","protected":false},"excerpt":{"rendered":"<p>53424 Remagen 53426 Schalkenbach 53426 Dedenbach 53426 K\u00f6nigsfeld 53474 Bad Neuenahr-Ahrweiler 53489 Sinzig 53498 Waldorf&#8230;<\/p>\n","protected":false},"author":2,"featured_media":0,"parent":0,"menu_order":15,"comment_status":"open","ping_status":"closed","template":"","meta":{"footnotes":""},"class_list":["post-5999","page","type-page","status-publish","hentry"],"yoast_head":"<!-- This site is optimized with the Yoast SEO plugin v26.2 - https:\/\/yoast.com\/wordpress\/plugins\/seo\/ -->\n<title>Fl\u00fcssiggas und Fl\u00fcssiggastank Kreis Ahrweiler - Gasgenial - Fl\u00fcssiggas g\u00fcnstig kaufen<\/title>\n<meta name=\"robots\" content=\"index, follow, max-snippet:-1, max-image-preview:large, max-video-preview:-1\" \/>\n<link rel=\"canonical\" href=\"https:\/\/gasgenial.de\/fluessiggas\/fluessiggas-und-fluessiggastank-kreis-ahrweiler-2\" \/>\n<meta property=\"og:locale\" content=\"de_DE\" \/>\n<meta property=\"og:type\" content=\"article\" \/>\n<meta property=\"og:title\" content=\"Fl\u00fcssiggas und Fl\u00fcssiggastank Kreis Ahrweiler - Gasgenial - Fl\u00fcssiggas g\u00fcnstig kaufen\" \/>\n<meta property=\"og:description\" content=\"53424 Remagen 53426 Schalkenbach 53426 Dedenbach 53426 K\u00f6nigsfeld 53474 Bad Neuenahr-Ahrweiler 53489 Sinzig 53498 Waldorf...\" \/>\n<meta property=\"og:url\" content=\"https:\/\/gasgenial.de\/fluessiggas\/fluessiggas-und-fluessiggastank-kreis-ahrweiler-2\" \/>\n<meta property=\"og:site_name\" content=\"Gasgenial - Fl\u00fcssiggas g\u00fcnstig kaufen\" \/>\n<meta name=\"twitter:card\" content=\"summary_large_image\" \/>\n<script type=\"application\/ld+json\" class=\"yoast-schema-graph\">{\"@context\":\"https:\/\/schema.org\",\"@graph\":[{\"@type\":\"WebPage\",\"@id\":\"https:\/\/gasgenial.de\/fluessiggas\/fluessiggas-und-fluessiggastank-kreis-ahrweiler-2\",\"url\":\"https:\/\/gasgenial.de\/fluessiggas\/fluessiggas-und-fluessiggastank-kreis-ahrweiler-2\",\"name\":\"Fl\u00fcssiggas und Fl\u00fcssiggastank Kreis Ahrweiler - Gasgenial - Fl\u00fcssiggas g\u00fcnstig kaufen\",\"isPartOf\":{\"@id\":\"https:\/\/gasgenial.de\/fluessiggas\/#website\"},\"datePublished\":\"2015-04-13T10:21:13+00:00\",\"breadcrumb\":{\"@id\":\"https:\/\/gasgenial.de\/fluessiggas\/fluessiggas-und-fluessiggastank-kreis-ahrweiler-2#breadcrumb\"},\"inLanguage\":\"de\",\"potentialAction\":[{\"@type\":\"ReadAction\",\"target\":[\"https:\/\/gasgenial.de\/fluessiggas\/fluessiggas-und-fluessiggastank-kreis-ahrweiler-2\"]}]},{\"@type\":\"BreadcrumbList\",\"@id\":\"https:\/\/gasgenial.de\/fluessiggas\/fluessiggas-und-fluessiggastank-kreis-ahrweiler-2#breadcrumb\",\"itemListElement\":[{\"@type\":\"ListItem\",\"position\":1,\"name\":\"Startseite\",\"item\":\"https:\/\/gasgenial.de\/fluessiggas\/\"},{\"@type\":\"ListItem\",\"position\":2,\"name\":\"Fl\u00fcssiggas und Fl\u00fcssiggastank Kreis Ahrweiler\"}]},{\"@type\":\"WebSite\",\"@id\":\"https:\/\/gasgenial.de\/fluessiggas\/#website\",\"url\":\"https:\/\/gasgenial.de\/fluessiggas\/\",\"name\":\"Gasgenial - Fl\u00fcssiggas g\u00fcnstig kaufen\",\"description\":\"Fl\u00fcssiggas und Fl\u00fcssiggastanks f\u00fcr Privat und Gewerbe\",\"potentialAction\":[{\"@type\":\"SearchAction\",\"target\":{\"@type\":\"EntryPoint\",\"urlTemplate\":\"https:\/\/gasgenial.de\/fluessiggas\/?s={search_term_string}\"},\"query-input\":{\"@type\":\"PropertyValueSpecification\",\"valueRequired\":true,\"valueName\":\"search_term_string\"}}],\"inLanguage\":\"de\"}]}<\/script>\n<!-- \/ Yoast SEO plugin. -->","yoast_head_json":{"title":"Fl\u00fcssiggas und Fl\u00fcssiggastank Kreis Ahrweiler - Gasgenial - Fl\u00fcssiggas g\u00fcnstig kaufen","robots":{"index":"index","follow":"follow","max-snippet":"max-snippet:-1","max-image-preview":"max-image-preview:large","max-video-preview":"max-video-preview:-1"},"canonical":"https:\/\/gasgenial.de\/fluessiggas\/fluessiggas-und-fluessiggastank-kreis-ahrweiler-2","og_locale":"de_DE","og_type":"article","og_title":"Fl\u00fcssiggas und Fl\u00fcssiggastank Kreis Ahrweiler - Gasgenial - Fl\u00fcssiggas g\u00fcnstig kaufen","og_description":"53424 Remagen 53426 Schalkenbach 53426 Dedenbach 53426 K\u00f6nigsfeld 53474 Bad Neuenahr-Ahrweiler 53489 Sinzig 53498 Waldorf...","og_url":"https:\/\/gasgenial.de\/fluessiggas\/fluessiggas-und-fluessiggastank-kreis-ahrweiler-2","og_site_name":"Gasgenial - Fl\u00fcssiggas g\u00fcnstig kaufen","twitter_card":"summary_large_image","schema":{"@context":"https:\/\/schema.org","@graph":[{"@type":"WebPage","@id":"https:\/\/gasgenial.de\/fluessiggas\/fluessiggas-und-fluessiggastank-kreis-ahrweiler-2","url":"https:\/\/gasgenial.de\/fluessiggas\/fluessiggas-und-fluessiggastank-kreis-ahrweiler-2","name":"Fl\u00fcssiggas und Fl\u00fcssiggastank Kreis Ahrweiler - Gasgenial - Fl\u00fcssiggas g\u00fcnstig kaufen","isPartOf":{"@id":"https:\/\/gasgenial.de\/fluessiggas\/#website"},"datePublished":"2015-04-13T10:21:13+00:00","breadcrumb":{"@id":"https:\/\/gasgenial.de\/fluessiggas\/fluessiggas-und-fluessiggastank-kreis-ahrweiler-2#breadcrumb"},"inLanguage":"de","potentialAction":[{"@type":"ReadAction","target":["https:\/\/gasgenial.de\/fluessiggas\/fluessiggas-und-fluessiggastank-kreis-ahrweiler-2"]}]},{"@type":"BreadcrumbList","@id":"https:\/\/gasgenial.de\/fluessiggas\/fluessiggas-und-fluessiggastank-kreis-ahrweiler-2#breadcrumb","itemListElement":[{"@type":"ListItem","position":1,"name":"Startseite","item":"https:\/\/gasgenial.de\/fluessiggas\/"},{"@type":"ListItem","position":2,"name":"Fl\u00fcssiggas und Fl\u00fcssiggastank Kreis Ahrweiler"}]},{"@type":"WebSite","@id":"https:\/\/gasgenial.de\/fluessiggas\/#website","url":"https:\/\/gasgenial.de\/fluessiggas\/","name":"Gasgenial - Fl\u00fcssiggas g\u00fcnstig kaufen","description":"Fl\u00fcssiggas und Fl\u00fcssiggastanks f\u00fcr Privat und Gewerbe","potentialAction":[{"@type":"SearchAction","target":{"@type":"EntryPoint","urlTemplate":"https:\/\/gasgenial.de\/fluessiggas\/?s={search_term_string}"},"query-input":{"@type":"PropertyValueSpecification","valueRequired":true,"valueName":"search_term_string"}}],"inLanguage":"de"}]}},"_links":{"self":[{"href":"https:\/\/gasgenial.de\/fluessiggas\/wp-json\/wp\/v2\/pages\/5999","targetHints":{"allow":["GET"]}}],"collection":[{"href":"https:\/\/gasgenial.de\/fluessiggas\/wp-json\/wp\/v2\/pages"}],"about":[{"href":"https:\/\/gasgenial.de\/fluessiggas\/wp-json\/wp\/v2\/types\/page"}],"author":[{"embeddable":true,"href":"https:\/\/gasgenial.de\/fluessiggas\/wp-json\/wp\/v2\/users\/2"}],"replies":[{"embeddable":true,"href":"https:\/\/gasgenial.de\/fluessiggas\/wp-json\/wp\/v2\/comments?post=5999"}],"version-history":[{"count":0,"href":"https:\/\/gasgenial.de\/fluessiggas\/wp-json\/wp\/v2\/pages\/5999\/revisions"}],"wp:attachment":[{"href":"https:\/\/gasgenial.de\/fluessiggas\/wp-json\/wp\/v2\/media?parent=5999"}],"curies":[{"name":"wp","href":"https:\/\/api.w.org\/{rel}","templated":true}]}}